{"id":98,"date":"2018-03-08T17:09:28","date_gmt":"2018-03-08T16:09:28","guid":{"rendered":"https:\/\/infofestibiere.com\/sherbrooke\/?page_id=98"},"modified":"2025-05-01T10:29:57","modified_gmt":"2025-05-01T14:29:57","slug":"festival-de-biere-sherbrooke","status":"publish","type":"page","link":"https:\/\/infofestibiere.com\/sherbrooke\/festival-de-biere-sherbrooke\/?lang=en","title":{"rendered":"Accueil"},"content":{"rendered":"<div class=\"wpb-content-wrapper\"><p>[vc_row][vc_column][vc_empty_space][\/vc_column][\/vc_row][vc_row][vc_column width=\u00a0\u00bb1\/2&Prime; css=\u00a0\u00bb.vc_custom_1678290963390{padding-top: 10px !important;}\u00a0\u00bb][vc_single_image image=\u00a0\u00bb3785&Prime; img_size=\u00a0\u00bb450&#215;450&Prime; alignment=\u00a0\u00bbcenter\u00a0\u00bb][\/vc_column][vc_column width=\u00a0\u00bb1\/2&Prime; css=\u00a0\u00bb.vc_custom_1651090515309{padding-top: 10px !important;}\u00a0\u00bb][vc_custom_heading text=\u00a0\u00bb<b>FESTIBI\u00c8RE DE SHERBROOKE<\/b>\u00a0\u00bb font_container=\u00a0\u00bbtag:h1|font_size:25|text_align:left|color:%2360bd64&Prime; google_fonts=\u00a0\u00bbfont_family:Raleway%3A100%2C200%2C300%2Cregular%2C500%2C600%2C700%2C800%2C900|font_style:300%20light%20regular%3A300%3Anormal\u00a0\u00bb][vc_custom_heading text=\u00a0\u00bb<b>MAY 22 TO 24, 2025 | PARC VICTORIA<\/b>\u00a0\u00bb font_container=\u00a0\u00bbtag:h2|font_size:22|text_align:left|color:%230a0303&Prime; google_fonts=\u00a0\u00bbfont_family:Raleway%3A100%2C200%2C300%2Cregular%2C500%2C600%2C700%2C800%2C900|font_style:300%20light%20regular%3A300%3Anormal\u00a0\u00bb][vc_column_text]<span style=\"font-weight: 400;\">The Festibi\u00e8re de Sherbrooke will make your\u00a0<strong>thirst for nature<\/strong> this summer, at Victoria Park! \u00a0Find comfort in your classics and make new discoveries in camping mode from May 22 to 24, 2025!<\/span><\/p>\n<p>The perfect way to start the summer with a drink in hand![\/vc_column_text][vc_row_inner][vc_column_inner width=\u00a0\u00bb1\/2&Prime;][thememove_icon icon_fontawesome=\u00a0\u00bbfa fa-calendar\u00a0\u00bb align=\u00a0\u00bbcenter\u00a0\u00bb size=\u00a0\u00bb40px\u00a0\u00bb custom_color=\u00a0\u00bb#60bd64&Prime; css=\u00a0\u00bb.vc_custom_1700079436484{margin-right: 10px !important;}\u00a0\u00bb][vc_custom_heading text=\u00a0\u00bb<b>MAY 22 TO 24, 2025<\/b>\u00a0\u00bb font_container=\u00a0\u00bbtag:h2|font_size:18|text_align:center\u00a0\u00bb google_fonts=\u00a0\u00bbfont_family:Raleway%3A100%2C200%2C300%2Cregular%2C500%2C600%2C700%2C800%2C900|font_style:300%20light%20regular%3A300%3Anormal\u00a0\u00bb css=\u00a0\u00bb.vc_custom_1738252899508{padding-bottom: 7px !important;}\u00a0\u00bb][vc_column_text css=\u00a0\u00bb.vc_custom_1746109375738{padding-left: 10px !important;}\u00a0\u00bb]<\/p>\n<div class=\"wpb_text_column wpb_content_element vc_custom_1653934277104\">\n<div class=\"wpb_wrapper\">\n<p style=\"text-align: center;\"><strong>NEW SCHEDULE <\/strong><\/p>\n<p style=\"text-align: center;\">Thursday | 4pm to 11pm<br \/>\nFriday | 4pm to 11pm<br \/>\nSaturday | noon to 11pm<\/p>\n<\/div>\n<\/div>\n<p>[\/vc_column_text][\/vc_column_inner][vc_column_inner width=\u00a0\u00bb1\/2&Prime;][thememove_icon icon_fontawesome=\u00a0\u00bbfa fa-map-marker\u00a0\u00bb align=\u00a0\u00bbcenter\u00a0\u00bb size=\u00a0\u00bb40px\u00a0\u00bb custom_color=\u00a0\u00bb#60bd64&Prime; css=\u00a0\u00bb.vc_custom_1700079504267{margin-right: 10px !important;}\u00a0\u00bb][vc_custom_heading text=\u00a0\u00bb<b>PARC VICTORIA<\/b>\u00a0\u00bb font_container=\u00a0\u00bbtag:h2|font_size:18|text_align:center\u00a0\u00bb google_fonts=\u00a0\u00bbfont_family:Raleway%3A100%2C200%2C300%2Cregular%2C500%2C600%2C700%2C800%2C900|font_style:300%20light%20regular%3A300%3Anormal\u00a0\u00bb css=\u00a0\u00bb.vc_custom_1700079496861{padding-bottom: 7px !important;}\u00a0\u00bb][vc_column_text css=\u00a0\u00bb.vc_custom_1700079491059{margin-bottom: 70px !important;padding-left: 10px !important;}\u00a0\u00bb]<\/p>\n<p style=\"text-align: center;\"><span style=\"font-weight: 400;\"><a href=\"https:\/\/goo.gl\/maps\/CQTvMyJ1PeDaXq3e8\" target=\"_blank\" rel=\"noopener\"><span style=\"text-decoration: underline;\">750 Rue du C\u00e9gep, Sherbrooke, QC J1E 3T6<\/span><\/a><\/span><\/p>\n<p>[\/vc_column_text][\/vc_column_inner][\/vc_row_inner][\/vc_column][\/vc_row][vc_row][vc_column][vc_empty_space][vc_row_inner][vc_column_inner width=\u00a0\u00bb1\/3&Prime; css=\u00a0\u00bb.vc_custom_1739226632030{padding-top: 10px !important;}\u00a0\u00bb][vc_custom_heading text=\u00a0\u00bb<b>MORE FUN<\/b>\u00a0\u00bb font_container=\u00a0\u00bbtag:h3|font_size:22|text_align:center|color:%230a0a0a\u00a0\u00bb use_theme_fonts=\u00a0\u00bbyes\u00a0\u00bb][vc_column_text]<\/p>\n<p style=\"text-align: center;\">It\u2019s even more music and programming: live music shows, hidden bar, tattooing or workshops \ud83c\udfb2<\/p>\n<p>[\/vc_column_text][vc_single_image image=\u00a0\u00bb3701&Prime; img_size=\u00a0\u00bbfull\u00a0\u00bb alignment=\u00a0\u00bbcenter\u00a0\u00bb style=\u00a0\u00bbvc_box_shadow_3d\u00a0\u00bb][\/vc_column_inner][vc_column_inner width=\u00a0\u00bb1\/3&Prime; css=\u00a0\u00bb.vc_custom_1739226627277{padding-top: 10px !important;}\u00a0\u00bb][vc_custom_heading text=\u00a0\u00bb<b>MORE DIVERSITY<\/b>\u00a0\u00bb font_container=\u00a0\u00bbtag:h3|font_size:22|text_align:center|color:%230a0a0a\u00a0\u00bb use_theme_fonts=\u00a0\u00bbyes\u00a0\u00bb][vc_column_text]<\/p>\n<p style=\"text-align: center;\"><span data-teams=\"true\">C\u2019eIt\u2019s more product diversity: cocktails, spirits, ciders, wines, non-alcoholic beverages, but also beer, of course \ud83c\udf79<\/span><\/p>\n<p>[\/vc_column_text][vc_single_image image=\u00a0\u00bb3544&Prime; img_size=\u00a0\u00bbfull\u00a0\u00bb alignment=\u00a0\u00bbcenter\u00a0\u00bb style=\u00a0\u00bbvc_box_shadow_3d\u00a0\u00bb][\/vc_column_inner][vc_column_inner width=\u00a0\u00bb1\/3&Prime; css=\u00a0\u00bb.vc_custom_1739226622638{padding-top: 10px !important;}\u00a0\u00bb][vc_custom_heading text=\u00a0\u00bb<b>MORE TASTES<\/b>\u00a0\u00bb font_container=\u00a0\u00bbtag:h3|font_size:22|text_align:center|color:%230a0a0a\u00a0\u00bb use_theme_fonts=\u00a0\u00bbyes\u00a0\u00bb][vc_column_text]<\/p>\n<p style=\"text-align: center;\">It\u2019s more flavours on your plate: sweet, savoury, healthy, vegan options, but above all good to eat \ud83c\udf54\ud83c\udf66<\/p>\n<p>[\/vc_column_text][vc_single_image image=\u00a0\u00bb3541&Prime; img_size=\u00a0\u00bbfull\u00a0\u00bb alignment=\u00a0\u00bbcenter\u00a0\u00bb style=\u00a0\u00bbvc_box_shadow_3d\u00a0\u00bb][\/vc_column_inner][\/vc_row_inner][\/vc_column][\/vc_row][vc_row][vc_column][vc_empty_space][vc_cta h2=\u00a0\u00bb<b>TICKETS 2025<\/b> \u00a0\u00bb h2_font_container=\u00a0\u00bbfont_size:%2022|color:%230a0a0a\u00a0\u00bb h2_use_theme_fonts=\u00a0\u00bbyes\u00a0\u00bb style=\u00a0\u00bboutline\u00a0\u00bb color=\u00a0\u00bbgreen\u00a0\u00bb add_button=\u00a0\u00bbright\u00a0\u00bb btn_title=\u00a0\u00bbBUY\u00a0\u00bb btn_color=\u00a0\u00bbgreen\u00a0\u00bb use_custom_fonts_h2=\u00a0\u00bbtrue\u00a0\u00bb btn_link=\u00a0\u00bburl:https%3A%2F%2Finfofestibiere.com%2Fbilletterie%2F%3Flang%3Den||target:%20_blank|\u00a0\u00bb]<\/p>\n<div data-olk-copy-source=\"MessageBody\">\n<p>Great promotions to kick off the season! Reserve your place for one of your three favorite summer outings in Quebec City, L\u00e9vis, Sherbrooke\u2026 or all three!<\/p>\n<ul>\n<li>20% off \u2013 Weekly Festibi\u00e8re access (access to the tasting room for the entire event, 1 wristband and 1 ecocup)<\/li>\n<li>15% discount \u2013 \u2728Nouveau\u2728 Exp\u00e9rience V.I.P. with daily access to Salon Privil\u00e8ge.<\/li>\n<li>10% discount \u2013 Festibi\u00e8re daily access (access to tasting on a day of your choice during the event, 1 bracelet and 1 ecocup)<\/li>\n<\/ul>\n<\/div>\n<p>[\/vc_cta][vc_empty_space height=\u00a0\u00bb25px\u00a0\u00bb][vc_custom_heading text=\u00a0\u00bb<b>3 NIGHTS OF SHOWS \ud83d\udd25<\/b>\u00a0\u00bb font_container=\u00a0\u00bbtag:h3|font_size:26|text_align:center|color:%230a0000&Prime; google_fonts=\u00a0\u00bbfont_family:Roboto%20Condensed%3A300%2C300italic%2Cregular%2Citalic%2C700%2C700italic|font_style:700%20bold%20regular%3A700%3Anormal\u00a0\u00bb][vc_empty_space height=\u00a0\u00bb10px\u00a0\u00bb][vc_row_inner][vc_column_inner width=\u00a0\u00bb2\/3&Prime; css=\u00a0\u00bb.vc_custom_1742425647560{padding-top: 10px !important;}\u00a0\u00bb][vc_column_text]<\/p>\n<p style=\"text-align: left;\">We told you! This year, Le Festibi\u00e8re is more fun and more music with La Broche \u00e0 foin&rsquo;s famous dueling pianos (May 22), Clay and Friends (May 23) &amp; Ka\u00efn (May 24) in Sherbrooke \ud83c\udfb6 Get ready to dance, jump and sing your heart out!<\/p>\n<p>[\/vc_column_text][\/vc_column_inner][vc_column_inner width=\u00a0\u00bb1\/3&Prime; css=\u00a0\u00bb.vc_custom_1742425651049{padding-top: 10px !important;}\u00a0\u00bb][vc_empty_space height=\u00a0\u00bb20px\u00a0\u00bb][vc_btn title=\u00a0\u00bbTICKETS\u00a0\u00bb color=\u00a0\u00bborange\u00a0\u00bb align=\u00a0\u00bbcenter\u00a0\u00bb link=\u00a0\u00bburl:https%3A%2F%2Finfofestibiere.com%2Fbilletterie%2F%3Flang%3Den|||\u00a0\u00bb][\/vc_column_inner][\/vc_row_inner][vc_empty_space height=\u00a0\u00bb20px\u00a0\u00bb][vc_single_image image=\u00a0\u00bb3792&Prime; img_size=\u00a0\u00bbfull\u00a0\u00bb alignment=\u00a0\u00bbcenter\u00a0\u00bb style=\u00a0\u00bbvc_box_shadow_3d\u00a0\u00bb onclick=\u00a0\u00bbcustom_link\u00a0\u00bb css=\u00a0\u00bb.vc_custom_1745425711745{border-radius: 10px !important;}\u00a0\u00bb link=\u00a0\u00bbhttps:\/\/infofestibiere.com\/sherbrooke\/spectacles\/\u00a0\u00bb][vc_empty_space height=\u00a0\u00bb10px\u00a0\u00bb][\/vc_column][\/vc_row][vc_row][vc_column][vc_empty_space height=\u00a0\u00bb20px\u00a0\u00bb][\/vc_column][\/vc_row][vc_row][vc_column][vc_empty_space height=\u00a0\u00bb10px\u00a0\u00bb][vc_tta_tabs][vc_tta_section title=\u00a0\u00bb<b>Nice to know<\/b>\u00a0\u00bb tab_id=\u00a0\u00bb1733763123617-e1c06b31-1940&Prime;][vc_column_text]<\/p>\n<ul>\n<li><strong>When?<\/strong> May 22 to 24, 2025<\/li>\n<li><strong>Where?<\/strong> Parc Victoria, <a href=\"https:\/\/goo.gl\/maps\/CQTvMyJ1PeDaXq3e8\" target=\"_blank\" rel=\"noopener\">750 Rue du C\u00e9gep, Sherbrooke, QC J1E 3T6<\/a><\/li>\n<li><strong>What?<\/strong> Summer event featuring beer, wine, spirits &amp; non-alcoholic beverages in a festive atmosphere<\/li>\n<li><strong>Who?<\/strong> Many exhibitors\u2019 booths on site. Lists of microbreweries coming soon!<\/li>\n<li><strong>Why?<\/strong> Because we&rsquo;re thirsty for nature&#8230; or just thirsty \ud83c\udf33<\/li>\n<\/ul>\n<p>[\/vc_column_text][\/vc_tta_section][vc_tta_section title=\u00a0\u00bb<b>How does it work?<\/b>\u00a0\u00bb tab_id=\u00a0\u00bb1733763123602-28acdda5-807c\u00a0\u00bb][vc_column_text]<strong>How it works:<\/strong><\/p>\n<ol>\n<li>Following your purchase, an electronic ticket (pdf) will be sent to you by e-mail with your purchase confirmation.<\/li>\n<li>When you arrive at the event, your glass and bracelet can be picked up at the box office on presentation of your electronic ticket. The tasting coupon, exclusive to Festibi\u00e8re Experience holders only, will be given to you at the same time.<\/li>\n<\/ol>\n<p><strong>How it works:<\/strong><\/p>\n<ul>\n<li>Wristband and glass (ecocup or souvenir glass*) are required to taste kiosk products on site (18+).<\/li>\n<li>Payment by cash or card. (Price and method of payment at exhibitor\u2019s discretion) \/\/ Average $3 to $8 for a 4oz tasting. Tipping not included.<\/li>\n<li>The souvenir glass does NOT include access to the tasting.<\/li>\n<li>A free tasting coupon (4oz), exclusive to Festibi\u00e8re Experience ticket holders, will be handed out at the same time as the bracelet and glass at the box office during the event.<\/li>\n<li>Festibi\u00e8re products are\u00a0<strong>non-refundable and non-exchangeable<\/strong>. Sales conditions<\/li>\n<\/ul>\n<p>*For security reasons, the souvenir glass cannot be used at the L\u00e9vis Festibi\u00e8re.[\/vc_column_text][\/vc_tta_section][vc_tta_section title=\u00a0\u00bb<b>Tickets<\/b>\u00a0\u00bb tab_id=\u00a0\u00bb1733763151195-f3c9098d-5a0f\u00a0\u00bb][vc_column_text]<\/p>\n<div data-olk-copy-source=\"MessageBody\">\n<p><strong>Ticket options:<\/strong><\/p>\n<ul>\n<li><strong>Weekly access:<\/strong>\u00a0access to the tasting for the entire duration of the event, 1 bracelet and 1\u00a0<em>ecocup<\/em><\/li>\n<li><strong>Daily access:<\/strong>\u00a0access to the tasting for one day of your choice during the event, 1 bracelet and 1\u00a0<em>ecocup<\/em><\/li>\n<li>(SOLD OUT) \u2013\u00a0<strong>The Festibi\u00e8re Experience<\/strong>: tasting access for the entire duration of the event, 1 bracelet, 1\u00a0<em>ecocup<\/em>\u00a0and 1 free 4 oz tasting valid at all exhibitors.<\/li>\n<li><strong>Daily access to the Salon Privil\u00e8ge<\/strong>: V.I.P. experience with drinks included on selected products, private covered space, breathtaking view of the musical program + regular daily access to the tasting for one day of your choice during the event, 1 bracelet and 1\u00a0<em>ecocup<\/em><\/li>\n<\/ul>\n<\/div>\n<div><\/div>\n<p>[\/vc_column_text][vc_btn title=\u00a0\u00bbTICKET OFFICE\u00a0\u00bb color=\u00a0\u00bbsuccess\u00a0\u00bb align=\u00a0\u00bbleft\u00a0\u00bb i_icon_fontawesome=\u00a0\u00bbfa fa-ticket\u00a0\u00bb add_icon=\u00a0\u00bbtrue\u00a0\u00bb link=\u00a0\u00bburl:https%3A%2F%2Finfofestibiere.com%2Fbilletterie%2F||target:%20_blank|\u00a0\u00bb][\/vc_tta_section][\/vc_tta_tabs][\/vc_column][\/vc_row][vc_row][vc_column css=\u00a0\u00bb.vc_custom_1651090515309{padding-top: 10px !important;}\u00a0\u00bb][vc_empty_space height=\u00a0\u00bb20px\u00a0\u00bb][vc_row_inner][vc_column_inner width=\u00a0\u00bb1\/3&Prime; css=\u00a0\u00bb.vc_custom_1651090427836{padding-top: 10px !important;}\u00a0\u00bb][vc_single_image image=\u00a0\u00bb2587&Prime; img_size=\u00a0\u00bblarge\u00a0\u00bb alignment=\u00a0\u00bbcenter\u00a0\u00bb style=\u00a0\u00bbvc_box_shadow_3d\u00a0\u00bb][vc_btn title=\u00a0\u00bbCONTACT US\u00a0\u00bb color=\u00a0\u00bbsuccess\u00a0\u00bb align=\u00a0\u00bbcenter\u00a0\u00bb i_icon_fontawesome=\u00a0\u00bbfa fa-phone\u00a0\u00bb add_icon=\u00a0\u00bbtrue\u00a0\u00bb link=\u00a0\u00bburl:https%3A%2F%2Finfofestibiere.com%2Fnousjoindre%2F|||\u00a0\u00bb][\/vc_column_inner][vc_column_inner width=\u00a0\u00bb1\/3&Prime; css=\u00a0\u00bb.vc_custom_1651090411591{padding-top: 10px !important;}\u00a0\u00bb][vc_single_image image=\u00a0\u00bb3335&Prime; img_size=\u00a0\u00bblarge\u00a0\u00bb alignment=\u00a0\u00bbcenter\u00a0\u00bb style=\u00a0\u00bbvc_box_shadow_3d\u00a0\u00bb][vc_btn title=\u00a0\u00bbNEWSLETTER\u00a0\u00bb color=\u00a0\u00bbsuccess\u00a0\u00bb align=\u00a0\u00bbcenter\u00a0\u00bb i_icon_fontawesome=\u00a0\u00bbfa fa-envelope\u00a0\u00bb add_icon=\u00a0\u00bbtrue\u00a0\u00bb link=\u00a0\u00bburl:http%3A%2F%2Feepurl.com%2FgrW2sD||target:%20_blank|\u00a0\u00bb][\/vc_column_inner][vc_column_inner width=\u00a0\u00bb1\/3&Prime; css=\u00a0\u00bb.vc_custom_1651090420479{padding-top: 10px !important;}\u00a0\u00bb][vc_single_image image=\u00a0\u00bb2554&Prime; img_size=\u00a0\u00bblarge\u00a0\u00bb alignment=\u00a0\u00bbcenter\u00a0\u00bb style=\u00a0\u00bbvc_box_shadow_3d\u00a0\u00bb][vc_btn title=\u00a0\u00bbTICKET OFFICE\u00a0\u00bb color=\u00a0\u00bbsuccess\u00a0\u00bb align=\u00a0\u00bbcenter\u00a0\u00bb i_icon_fontawesome=\u00a0\u00bbfa fa-ticket\u00a0\u00bb add_icon=\u00a0\u00bbtrue\u00a0\u00bb link=\u00a0\u00bburl:https%3A%2F%2Finfofestibiere.com%2Fbilletterie%2F||target:%20_blank|\u00a0\u00bb][\/vc_column_inner][\/vc_row_inner][vc_empty_space height=\u00a0\u00bb20px\u00a0\u00bb][\/vc_column][\/vc_row][vc_row][vc_column][vc_empty_space][vc_empty_space height=\u00a0\u00bb20px\u00a0\u00bb][\/vc_column][\/vc_row][vc_row][vc_column][vc_empty_space][vc_empty_space][vc_custom_heading text=\u00a0\u00bb<b>MEMORIES OF FESTIBI\u00c8RE<\/b>\u00a0\u00bb font_container=\u00a0\u00bbtag:h3|font_size:25|text_align:left|color:%2360bd64&Prime; google_fonts=\u00a0\u00bbfont_family:Raleway%3A100%2C200%2C300%2Cregular%2C500%2C600%2C700%2C800%2C900|font_style:300%20light%20regular%3A300%3Anormal\u00a0\u00bb][vc_empty_space height=\u00a0\u00bb10px\u00a0\u00bb][vc_video link=\u00a0\u00bbhttps:\/\/www.youtube.com\/watch?v=h_Van0wFGas\u00a0\u00bb][vc_empty_space][\/vc_column][\/vc_row][vc_row][vc_column][vc_empty_space][\/vc_column][\/vc_row][vc_column width=\u00a0\u00bb1\/2&Prime; css=\u00a0\u00bb.vc_custom_1682619386759{padding-top: 20px !important;}\u00a0\u00bb][\/vc_column][vc_column][\/vc_column][vc_column width=\u00a0\u00bb1\/2&Prime; css=\u00a0\u00bb.vc_custom_1682619386759{padding-top: 20px !important;}\u00a0\u00bb][\/vc_column][vc_column][\/vc_column][vc_column width=\u00a0\u00bb1\/2&Prime; css=\u00a0\u00bb.vc_custom_1682619386759{padding-top: 20px !important;}\u00a0\u00bb][\/vc_column][vc_column][\/vc_column]<\/p>\n<\/div>","protected":false},"excerpt":{"rendered":"<p>[vc_row][vc_column][vc_empty_space][\/vc_column][\/vc_row][vc_row][vc_column width=\u00a0\u00bb1\/2&Prime; css=\u00a0\u00bb.vc_custom_1678290963390{padding-top: 10px !important;}\u00a0\u00bb][vc_single_image image=\u00a0\u00bb3785&Prime; img_size=\u00a0\u00bb450&#215;450&Prime; alignment=\u00a0\u00bbcenter\u00a0\u00bb][\/vc_column][vc_column width=\u00a0\u00bb1\/2&Prime; css=\u00a0\u00bb.vc_custom_1651090515309{padding-top: 10px !important;}\u00a0\u00bb][vc_custom_heading text=\u00a0\u00bbFESTIBI\u00c8RE DE SHERBROOKE\u00a0\u00bb font_container=\u00a0\u00bbtag:h1|font_size:25|text_align:left|color:%2360bd64&Prime; google_fonts=\u00a0\u00bbfont_family:Raleway%3A100%2C200%2C300%2Cregular%2C500%2C600%2C700%2C800%2C900|font_style:300%20light%20regular%3A300%3Anormal\u00a0\u00bb][vc_custom_heading text=\u00a0\u00bbMAY 22 TO 24, 2025 | PARC VICTORIA\u00a0\u00bb font_container=\u00a0\u00bbtag:h2|font_size:22|text_align:left|color:%230a0303&Prime; google_fonts=\u00a0\u00bbfont_family:Raleway%3A100%2C200%2C300%2Cregular%2C500%2C600%2C700%2C800%2C900|font_style:300%20light%20regular%3A300%3Anormal\u00a0\u00bb][vc_column_text]The Festibi\u00e8re de Sherbrooke will make your\u00a0thirst for nature this summer, at Victoria Park! \u00a0Find comfort in your classics and make new discoveries in camping mode from May 22 [&hellip;]<\/p>\n","protected":false},"author":2,"featured_media":4095,"parent":0,"menu_order":0,"comment_status":"closed","ping_status":"closed","template":"","meta":{"footnotes":""},"class_list":["post-98","page","type-page","status-publish","has-post-thumbnail","hentry"],"yoast_head":"<!-- This site is optimized with the Yoast SEO plugin v27.2 - https:\/\/yoast.com\/product\/yoast-seo-wordpress\/ -->\n<title>Festibi\u00e8re de Sherbrooke - Parc Victoria<\/title>\n<meta name=\"description\" content=\"The Festibi\u00e8re de Sherbrooke is back to give you a thirst for nature from May 22 to 24, 2025 at Parc Victoria.\" \/>\n<meta name=\"robots\" content=\"index, follow, max-snippet:-1, max-image-preview:large, max-video-preview:-1\" \/>\n<link rel=\"canonical\" href=\"https:\/\/infofestibiere.com\/sherbrooke\/festival-de-biere-sherbrooke\/?lang=en\" \/>\n<meta property=\"og:locale\" content=\"fr_FR\" \/>\n<meta property=\"og:type\" content=\"article\" \/>\n<meta property=\"og:title\" content=\"Festibi\u00e8re de Sherbrooke - Parc Victoria\" \/>\n<meta property=\"og:description\" content=\"The Festibi\u00e8re de Sherbrooke is back to give you a thirst for nature from May 22 to 24, 2025 at Parc Victoria.\" \/>\n<meta property=\"og:url\" content=\"https:\/\/infofestibiere.com\/sherbrooke\/festival-de-biere-sherbrooke\/?lang=en\" \/>\n<meta property=\"og:site_name\" content=\"de Sherbrooke\" \/>\n<meta property=\"article:modified_time\" content=\"2025-05-01T14:29:57+00:00\" \/>\n<meta property=\"og:image\" content=\"https:\/\/infofestibiere.com\/sherbrooke\/wp-content\/uploads\/sites\/6\/2024\/09\/FBS-2025.png\" \/>\n\t<meta property=\"og:image:width\" content=\"1080\" \/>\n\t<meta property=\"og:image:height\" content=\"1080\" \/>\n\t<meta property=\"og:image:type\" content=\"image\/png\" \/>\n<meta name=\"twitter:card\" content=\"summary_large_image\" \/>\n<meta name=\"twitter:label1\" content=\"Dur\u00e9e de lecture estim\u00e9e\" \/>\n\t<meta name=\"twitter:data1\" content=\"5 minutes\" \/>\n<script type=\"application\/ld+json\" class=\"yoast-schema-graph\">{\"@context\":\"https:\/\/schema.org\",\"@graph\":[{\"@type\":\"WebPage\",\"@id\":\"https:\/\/infofestibiere.com\/sherbrooke\/festival-de-biere-sherbrooke\/?lang=en\",\"url\":\"https:\/\/infofestibiere.com\/sherbrooke\/festival-de-biere-sherbrooke\/?lang=en\",\"name\":\"Festibi\u00e8re de Sherbrooke - Parc Victoria\",\"isPartOf\":{\"@id\":\"https:\/\/infofestibiere.com\/sherbrooke\/#website\"},\"primaryImageOfPage\":{\"@id\":\"https:\/\/infofestibiere.com\/sherbrooke\/festival-de-biere-sherbrooke\/?lang=en#primaryimage\"},\"image\":{\"@id\":\"https:\/\/infofestibiere.com\/sherbrooke\/festival-de-biere-sherbrooke\/?lang=en#primaryimage\"},\"thumbnailUrl\":\"https:\/\/infofestibiere.com\/sherbrooke\/wp-content\/uploads\/sites\/6\/2026\/02\/FBS26_visuels_carre-scaled.jpg\",\"datePublished\":\"2018-03-08T16:09:28+00:00\",\"dateModified\":\"2025-05-01T14:29:57+00:00\",\"description\":\"The Festibi\u00e8re de Sherbrooke is back to give you a thirst for nature from May 22 to 24, 2025 at Parc Victoria.\",\"breadcrumb\":{\"@id\":\"https:\/\/infofestibiere.com\/sherbrooke\/festival-de-biere-sherbrooke\/?lang=en#breadcrumb\"},\"inLanguage\":\"fr-FR\",\"potentialAction\":[{\"@type\":\"ReadAction\",\"target\":[\"https:\/\/infofestibiere.com\/sherbrooke\/festival-de-biere-sherbrooke\/?lang=en\"]}]},{\"@type\":\"ImageObject\",\"inLanguage\":\"fr-FR\",\"@id\":\"https:\/\/infofestibiere.com\/sherbrooke\/festival-de-biere-sherbrooke\/?lang=en#primaryimage\",\"url\":\"https:\/\/infofestibiere.com\/sherbrooke\/wp-content\/uploads\/sites\/6\/2026\/02\/FBS26_visuels_carre-scaled.jpg\",\"contentUrl\":\"https:\/\/infofestibiere.com\/sherbrooke\/wp-content\/uploads\/sites\/6\/2026\/02\/FBS26_visuels_carre-scaled.jpg\",\"width\":2560,\"height\":2560},{\"@type\":\"BreadcrumbList\",\"@id\":\"https:\/\/infofestibiere.com\/sherbrooke\/festival-de-biere-sherbrooke\/?lang=en#breadcrumb\",\"itemListElement\":[{\"@type\":\"ListItem\",\"position\":1,\"name\":\"Accueil\",\"item\":\"https:\/\/infofestibiere.com\/sherbrooke\/\"},{\"@type\":\"ListItem\",\"position\":2,\"name\":\"Accueil\"}]},{\"@type\":\"WebSite\",\"@id\":\"https:\/\/infofestibiere.com\/sherbrooke\/#website\",\"url\":\"https:\/\/infofestibiere.com\/sherbrooke\/\",\"name\":\"de Sherbrooke\",\"description\":\"Soif de nature!\",\"potentialAction\":[{\"@type\":\"SearchAction\",\"target\":{\"@type\":\"EntryPoint\",\"urlTemplate\":\"https:\/\/infofestibiere.com\/sherbrooke\/?s={search_term_string}\"},\"query-input\":{\"@type\":\"PropertyValueSpecification\",\"valueRequired\":true,\"valueName\":\"search_term_string\"}}],\"inLanguage\":\"fr-FR\"}]}<\/script>\n<!-- \/ Yoast SEO plugin. -->","yoast_head_json":{"title":"Festibi\u00e8re de Sherbrooke - Parc Victoria","description":"The Festibi\u00e8re de Sherbrooke is back to give you a thirst for nature from May 22 to 24, 2025 at Parc Victoria.","robots":{"index":"index","follow":"follow","max-snippet":"max-snippet:-1","max-image-preview":"max-image-preview:large","max-video-preview":"max-video-preview:-1"},"canonical":"https:\/\/infofestibiere.com\/sherbrooke\/festival-de-biere-sherbrooke\/?lang=en","og_locale":"fr_FR","og_type":"article","og_title":"Festibi\u00e8re de Sherbrooke - Parc Victoria","og_description":"The Festibi\u00e8re de Sherbrooke is back to give you a thirst for nature from May 22 to 24, 2025 at Parc Victoria.","og_url":"https:\/\/infofestibiere.com\/sherbrooke\/festival-de-biere-sherbrooke\/?lang=en","og_site_name":"de Sherbrooke","article_modified_time":"2025-05-01T14:29:57+00:00","og_image":[{"width":1080,"height":1080,"url":"https:\/\/infofestibiere.com\/sherbrooke\/wp-content\/uploads\/sites\/6\/2024\/09\/FBS-2025.png","type":"image\/png"}],"twitter_card":"summary_large_image","twitter_misc":{"Dur\u00e9e de lecture estim\u00e9e":"5 minutes"},"schema":{"@context":"https:\/\/schema.org","@graph":[{"@type":"WebPage","@id":"https:\/\/infofestibiere.com\/sherbrooke\/festival-de-biere-sherbrooke\/?lang=en","url":"https:\/\/infofestibiere.com\/sherbrooke\/festival-de-biere-sherbrooke\/?lang=en","name":"Festibi\u00e8re de Sherbrooke - Parc Victoria","isPartOf":{"@id":"https:\/\/infofestibiere.com\/sherbrooke\/#website"},"primaryImageOfPage":{"@id":"https:\/\/infofestibiere.com\/sherbrooke\/festival-de-biere-sherbrooke\/?lang=en#primaryimage"},"image":{"@id":"https:\/\/infofestibiere.com\/sherbrooke\/festival-de-biere-sherbrooke\/?lang=en#primaryimage"},"thumbnailUrl":"https:\/\/infofestibiere.com\/sherbrooke\/wp-content\/uploads\/sites\/6\/2026\/02\/FBS26_visuels_carre-scaled.jpg","datePublished":"2018-03-08T16:09:28+00:00","dateModified":"2025-05-01T14:29:57+00:00","description":"The Festibi\u00e8re de Sherbrooke is back to give you a thirst for nature from May 22 to 24, 2025 at Parc Victoria.","breadcrumb":{"@id":"https:\/\/infofestibiere.com\/sherbrooke\/festival-de-biere-sherbrooke\/?lang=en#breadcrumb"},"inLanguage":"fr-FR","potentialAction":[{"@type":"ReadAction","target":["https:\/\/infofestibiere.com\/sherbrooke\/festival-de-biere-sherbrooke\/?lang=en"]}]},{"@type":"ImageObject","inLanguage":"fr-FR","@id":"https:\/\/infofestibiere.com\/sherbrooke\/festival-de-biere-sherbrooke\/?lang=en#primaryimage","url":"https:\/\/infofestibiere.com\/sherbrooke\/wp-content\/uploads\/sites\/6\/2026\/02\/FBS26_visuels_carre-scaled.jpg","contentUrl":"https:\/\/infofestibiere.com\/sherbrooke\/wp-content\/uploads\/sites\/6\/2026\/02\/FBS26_visuels_carre-scaled.jpg","width":2560,"height":2560},{"@type":"BreadcrumbList","@id":"https:\/\/infofestibiere.com\/sherbrooke\/festival-de-biere-sherbrooke\/?lang=en#breadcrumb","itemListElement":[{"@type":"ListItem","position":1,"name":"Accueil","item":"https:\/\/infofestibiere.com\/sherbrooke\/"},{"@type":"ListItem","position":2,"name":"Accueil"}]},{"@type":"WebSite","@id":"https:\/\/infofestibiere.com\/sherbrooke\/#website","url":"https:\/\/infofestibiere.com\/sherbrooke\/","name":"de Sherbrooke","description":"Soif de nature!","potentialAction":[{"@type":"SearchAction","target":{"@type":"EntryPoint","urlTemplate":"https:\/\/infofestibiere.com\/sherbrooke\/?s={search_term_string}"},"query-input":{"@type":"PropertyValueSpecification","valueRequired":true,"valueName":"search_term_string"}}],"inLanguage":"fr-FR"}]}},"_links":{"self":[{"href":"https:\/\/infofestibiere.com\/sherbrooke\/wp-json\/wp\/v2\/pages\/98","targetHints":{"allow":["GET"]}}],"collection":[{"href":"https:\/\/infofestibiere.com\/sherbrooke\/wp-json\/wp\/v2\/pages"}],"about":[{"href":"https:\/\/infofestibiere.com\/sherbrooke\/wp-json\/wp\/v2\/types\/page"}],"author":[{"embeddable":true,"href":"https:\/\/infofestibiere.com\/sherbrooke\/wp-json\/wp\/v2\/users\/2"}],"replies":[{"embeddable":true,"href":"https:\/\/infofestibiere.com\/sherbrooke\/wp-json\/wp\/v2\/comments?post=98"}],"version-history":[{"count":40,"href":"https:\/\/infofestibiere.com\/sherbrooke\/wp-json\/wp\/v2\/pages\/98\/revisions"}],"predecessor-version":[{"id":3848,"href":"https:\/\/infofestibiere.com\/sherbrooke\/wp-json\/wp\/v2\/pages\/98\/revisions\/3848"}],"wp:featuredmedia":[{"embeddable":true,"href":"https:\/\/infofestibiere.com\/sherbrooke\/wp-json\/wp\/v2\/media\/4095"}],"wp:attachment":[{"href":"https:\/\/infofestibiere.com\/sherbrooke\/wp-json\/wp\/v2\/media?parent=98"}],"curies":[{"name":"wp","href":"https:\/\/api.w.org\/{rel}","templated":true}]}}