{"id":824,"date":"2019-04-09T22:37:44","date_gmt":"2019-04-09T20:37:44","guid":{"rendered":"https:\/\/infofestibiere.com\/sherbrooke\/?page_id=824"},"modified":"2025-05-01T10:18:27","modified_gmt":"2025-05-01T14:18:27","slug":"partenaires","status":"publish","type":"page","link":"https:\/\/infofestibiere.com\/sherbrooke\/partenaires\/?lang=en","title":{"rendered":"Partenaires"},"content":{"rendered":"<div class=\"wpb-content-wrapper\"><p>[vc_row][vc_column css=\u00a0\u00bb.vc_custom_1655729720359{padding-bottom: 50px !important;}\u00a0\u00bb][vc_empty_space][\/vc_column][\/vc_row][vc_row][vc_column][vc_empty_space][vc_custom_heading text=\u00a0\u00bb<b>OUR PARTNERS<\/b>\u00a0\u00bb font_container=\u00a0\u00bbtag:h2|font_size:25|text_align:left|color:%2360bd64&Prime; google_fonts=\u00a0\u00bbfont_family:Raleway%3A100%2C200%2C300%2Cregular%2C500%2C600%2C700%2C800%2C900|font_style:300%20light%20regular%3A300%3Anormal\u00a0\u00bb][vc_row_inner][vc_column_inner width=\u00a0\u00bb1\/4&Prime;][vc_empty_space height=\u00a0\u00bb25px\u00a0\u00bb][vc_empty_space][vc_single_image image=\u00a0\u00bb1719&Prime; img_size=\u00a0\u00bbmedium\u00a0\u00bb onclick=\u00a0\u00bbcustom_link\u00a0\u00bb img_link_target=\u00a0\u00bb_blank\u00a0\u00bb link=\u00a0\u00bbhttps:\/\/www.quebec.ca\/\u00a0\u00bb][vc_empty_space height=\u00a0\u00bb15px\u00a0\u00bb][\/vc_column_inner][vc_column_inner width=\u00a0\u00bb1\/4&Prime;][vc_empty_space height=\u00a0\u00bb15px\u00a0\u00bb][vc_single_image image=\u00a0\u00bb24&Prime; img_size=\u00a0\u00bb151&#215;151&Prime; onclick=\u00a0\u00bbcustom_link\u00a0\u00bb img_link_target=\u00a0\u00bb_blank\u00a0\u00bb link=\u00a0\u00bbhttps:\/\/www.ville.sherbrooke.qc.ca\/\u00a0\u00bb][\/vc_column_inner][vc_column_inner width=\u00a0\u00bb1\/4&Prime;][vc_empty_space height=\u00a0\u00bb60px\u00a0\u00bb][vc_single_image image=\u00a0\u00bb3711&Prime; img_size=\u00a0\u00bb467&#215;100&Prime; onclick=\u00a0\u00bbcustom_link\u00a0\u00bb img_link_target=\u00a0\u00bb_blank\u00a0\u00bb link=\u00a0\u00bbhttps:\/\/www.cantonsdelest.com\/\u00a0\u00bb][\/vc_column_inner][vc_column_inner width=\u00a0\u00bb1\/4&Prime;][vc_empty_space height=\u00a0\u00bb60px\u00a0\u00bb][vc_single_image image=\u00a0\u00bb2409&Prime; img_size=\u00a0\u00bb720&#215;200&Prime; onclick=\u00a0\u00bbcustom_link\u00a0\u00bb img_link_target=\u00a0\u00bb_blank\u00a0\u00bb link=\u00a0\u00bbhttps:\/\/www.desjardins.com\/\u00a0\u00bb][\/vc_column_inner][\/vc_row_inner][vc_empty_space][\/vc_column][\/vc_row][vc_row][vc_column][vc_empty_space][vc_row_inner][vc_column_inner width=\u00a0\u00bb1\/4&Prime;][vc_empty_space height=\u00a0\u00bb15px\u00a0\u00bb][vc_empty_space height=\u00a0\u00bb15px\u00a0\u00bb][vc_empty_space height=\u00a0\u00bb15px\u00a0\u00bb][vc_empty_space][vc_single_image image=\u00a0\u00bb3707&Prime; img_size=\u00a0\u00bb141&#215;70&Prime; onclick=\u00a0\u00bbcustom_link\u00a0\u00bb img_link_target=\u00a0\u00bb_blank\u00a0\u00bb link=\u00a0\u00bbhttps:\/\/fizz.ca\/fr\u00a0\u00bb][\/vc_column_inner][vc_column_inner width=\u00a0\u00bb1\/4&Prime;][vc_empty_space height=\u00a0\u00bb15px\u00a0\u00bb][vc_empty_space height=\u00a0\u00bb15px\u00a0\u00bb][vc_empty_space height=\u00a0\u00bb15px\u00a0\u00bb][vc_empty_space height=\u00a0\u00bb15px\u00a0\u00bb][vc_single_image image=\u00a0\u00bb2719&Prime; img_size=\u00a0\u00bb130&#215;100&Prime; onclick=\u00a0\u00bbcustom_link\u00a0\u00bb img_link_target=\u00a0\u00bb_blank\u00a0\u00bb link=\u00a0\u00bbhttps:\/\/letreflenoir.com\/\u00a0\u00bb][\/vc_column_inner][vc_column_inner width=\u00a0\u00bb1\/4&Prime;][vc_empty_space height=\u00a0\u00bb15px\u00a0\u00bb][vc_single_image image=\u00a0\u00bb3413&Prime; img_size=\u00a0\u00bb103&#215;120&Prime; onclick=\u00a0\u00bbcustom_link\u00a0\u00bb img_link_target=\u00a0\u00bb_blank\u00a0\u00bb link=\u00a0\u00bbhttps:\/\/www.sherbrookemitsubishi.com\/\u00a0\u00bb css=\u00a0\u00bb.vc_custom_1715725005109{padding-top: 32px !important;padding-bottom: 32px !important;}\u00a0\u00bb][\/vc_column_inner][vc_column_inner width=\u00a0\u00bb1\/4&Prime;][vc_single_image image=\u00a0\u00bb2727&Prime; img_size=\u00a0\u00bb162&#215;170&Prime; onclick=\u00a0\u00bbcustom_link\u00a0\u00bb img_link_target=\u00a0\u00bb_blank\u00a0\u00bb link=\u00a0\u00bbhttps:\/\/www.jucep.com\/mobile\/accueil\u00a0\u00bb css=\u00a0\u00bb.vc_custom_1745438703532{padding-top: 32px !important;padding-bottom: 32px !important;}\u00a0\u00bb][\/vc_column_inner][\/vc_row_inner][vc_empty_space][vc_row_inner][vc_column_inner width=\u00a0\u00bb1\/4&Prime;][vc_empty_space height=\u00a0\u00bb15px\u00a0\u00bb][vc_empty_space height=\u00a0\u00bb15px\u00a0\u00bb][vc_empty_space height=\u00a0\u00bb15px\u00a0\u00bb][vc_empty_space][vc_single_image image=\u00a0\u00bb3713&Prime; img_size=\u00a0\u00bb120&#215;120&Prime; onclick=\u00a0\u00bbcustom_link\u00a0\u00bb img_link_target=\u00a0\u00bb_blank\u00a0\u00bb link=\u00a0\u00bbhttps:\/\/emsig.lufa.com\/fr#\/\u00a0\u00bb][\/vc_column_inner][vc_column_inner width=\u00a0\u00bb1\/4&Prime;][vc_empty_space height=\u00a0\u00bb15px\u00a0\u00bb][vc_single_image image=\u00a0\u00bb3106&Prime; img_size=\u00a0\u00bb120&#215;200&Prime; onclick=\u00a0\u00bbcustom_link\u00a0\u00bb img_link_target=\u00a0\u00bb_blank\u00a0\u00bb link=\u00a0\u00bbhttps:\/\/www.mediaspecevenements.com\/\u00a0\u00bb css=\u00a0\u00bb.vc_custom_1684872841235{padding-top: 32px !important;padding-bottom: 32px !important;}\u00a0\u00bb][\/vc_column_inner][vc_column_inner width=\u00a0\u00bb1\/4&Prime;][vc_empty_space height=\u00a0\u00bb15px\u00a0\u00bb][vc_empty_space height=\u00a0\u00bb15px\u00a0\u00bb][vc_empty_space][vc_empty_space][vc_single_image image=\u00a0\u00bb3715&Prime; img_size=\u00a0\u00bb269&#215;50&Prime; onclick=\u00a0\u00bbcustom_link\u00a0\u00bb img_link_target=\u00a0\u00bb_blank\u00a0\u00bb link=\u00a0\u00bbhttps:\/\/www.facebook.com\/churrosquebec\u00a0\u00bb css=\u00a0\u00bb.vc_custom_1745328998244{padding-top: 32px !important;padding-bottom: 32px !important;}\u00a0\u00bb][\/vc_column_inner][vc_column_inner width=\u00a0\u00bb1\/4&Prime;][vc_single_image image=\u00a0\u00bb754&Prime; img_size=\u00a0\u00bb300&#215;300&Prime; onclick=\u00a0\u00bbcustom_link\u00a0\u00bb img_link_target=\u00a0\u00bb_blank\u00a0\u00bb link=\u00a0\u00bbhttps:\/\/www.olddutchfoods.ca\/\u00a0\u00bb css=\u00a0\u00bb.vc_custom_1715725219242{padding-top: 32px !important;padding-bottom: 32px !important;}\u00a0\u00bb][\/vc_column_inner][\/vc_row_inner][vc_empty_space][vc_row_inner][vc_column_inner width=\u00a0\u00bb1\/4&Prime;][vc_empty_space height=\u00a0\u00bb15px\u00a0\u00bb][vc_single_image image=\u00a0\u00bb2223&Prime; img_size=\u00a0\u00bb150&#215;150&Prime; onclick=\u00a0\u00bbcustom_link\u00a0\u00bb img_link_target=\u00a0\u00bb_blank\u00a0\u00bb link=\u00a0\u00bbhttp:\/\/www.iheartradio.ca\/energie\/energie-estrie\u00a0\u00bb css=\u00a0\u00bb.vc_custom_1651844895500{padding-top: 32px !important;padding-bottom: 32px !important;}\u00a0\u00bb][\/vc_column_inner][vc_column_inner width=\u00a0\u00bb1\/4&Prime;][vc_empty_space height=\u00a0\u00bb15px\u00a0\u00bb][vc_single_image image=\u00a0\u00bb3721&Prime; img_size=\u00a0\u00bb150&#215;168&Prime; onclick=\u00a0\u00bbcustom_link\u00a0\u00bb img_link_target=\u00a0\u00bb_blank\u00a0\u00bb link=\u00a0\u00bbhttps:\/\/www.fm1077.ca\/\u00a0\u00bb css=\u00a0\u00bb.vc_custom_1745329158687{padding-top: 32px !important;padding-bottom: 32px !important;}\u00a0\u00bb][\/vc_column_inner][vc_column_inner width=\u00a0\u00bb1\/4&Prime;][vc_empty_space height=\u00a0\u00bb15px\u00a0\u00bb][vc_single_image image=\u00a0\u00bb3373&Prime; img_size=\u00a0\u00bb150&#215;168&Prime; onclick=\u00a0\u00bbcustom_link\u00a0\u00bb img_link_target=\u00a0\u00bb_blank\u00a0\u00bb link=\u00a0\u00bbhttps:\/\/www.cfak.ca\/\u00a0\u00bb css=\u00a0\u00bb.vc_custom_1715606387833{padding-top: 32px !important;padding-bottom: 32px !important;}\u00a0\u00bb][\/vc_column_inner][\/vc_row_inner][vc_empty_space][\/vc_column][\/vc_row][vc_row][vc_column][vc_separator color=\u00a0\u00bbgreen\u00a0\u00bb][vc_empty_space][vc_row_inner][vc_column_inner width=\u00a0\u00bb1\/4&Prime;][vc_single_image image=\u00a0\u00bb3717&Prime; img_size=\u00a0\u00bbfull\u00a0\u00bb onclick=\u00a0\u00bbcustom_link\u00a0\u00bb img_link_target=\u00a0\u00bb_blank\u00a0\u00bb link=\u00a0\u00bbhttps:\/\/www.gestev.com\/\u00a0\u00bb css=\u00a0\u00bb.vc_custom_1745328541888{padding-top: 32px !important;padding-bottom: 32px !important;}\u00a0\u00bb][\/vc_column_inner][\/vc_row_inner][vc_empty_space][\/vc_column][\/vc_row][vc_row][vc_column][vc_empty_space][vc_empty_space][\/vc_column][\/vc_row]<\/p>\n<\/div>","protected":false},"excerpt":{"rendered":"<p>[vc_row][vc_column css=\u00a0\u00bb.vc_custom_1655729720359{padding-bottom: 50px !important;}\u00a0\u00bb][vc_empty_space][\/vc_column][\/vc_row][vc_row][vc_column][vc_empty_space][vc_custom_heading text=\u00a0\u00bbOUR PARTNERS\u00a0\u00bb font_container=\u00a0\u00bbtag:h2|font_size:25|text_align:left|color:%2360bd64&Prime; google_fonts=\u00a0\u00bbfont_family:Raleway%3A100%2C200%2C300%2Cregular%2C500%2C600%2C700%2C800%2C900|font_style:300%20light%20regular%3A300%3Anormal\u00a0\u00bb][vc_row_inner][vc_column_inner width=\u00a0\u00bb1\/4&Prime;][vc_empty_space height=\u00a0\u00bb25px\u00a0\u00bb][vc_empty_space][vc_single_image image=\u00a0\u00bb1719&Prime; img_size=\u00a0\u00bbmedium\u00a0\u00bb onclick=\u00a0\u00bbcustom_link\u00a0\u00bb img_link_target=\u00a0\u00bb_blank\u00a0\u00bb link=\u00a0\u00bbhttps:\/\/www.quebec.ca\/\u00a0\u00bb][vc_empty_space height=\u00a0\u00bb15px\u00a0\u00bb][\/vc_column_inner][vc_column_inner width=\u00a0\u00bb1\/4&Prime;][vc_empty_space height=\u00a0\u00bb15px\u00a0\u00bb][vc_single_image image=\u00a0\u00bb24&Prime; img_size=\u00a0\u00bb151&#215;151&Prime; onclick=\u00a0\u00bbcustom_link\u00a0\u00bb img_link_target=\u00a0\u00bb_blank\u00a0\u00bb link=\u00a0\u00bbhttps:\/\/www.ville.sherbrooke.qc.ca\/\u00a0\u00bb][\/vc_column_inner][vc_column_inner width=\u00a0\u00bb1\/4&Prime;][vc_empty_space height=\u00a0\u00bb60px\u00a0\u00bb][vc_single_image image=\u00a0\u00bb3711&Prime; img_size=\u00a0\u00bb467&#215;100&Prime; onclick=\u00a0\u00bbcustom_link\u00a0\u00bb img_link_target=\u00a0\u00bb_blank\u00a0\u00bb link=\u00a0\u00bbhttps:\/\/www.cantonsdelest.com\/\u00a0\u00bb][\/vc_column_inner][vc_column_inner width=\u00a0\u00bb1\/4&Prime;][vc_empty_space height=\u00a0\u00bb60px\u00a0\u00bb][vc_single_image image=\u00a0\u00bb2409&Prime; img_size=\u00a0\u00bb720&#215;200&Prime; onclick=\u00a0\u00bbcustom_link\u00a0\u00bb img_link_target=\u00a0\u00bb_blank\u00a0\u00bb link=\u00a0\u00bbhttps:\/\/www.desjardins.com\/\u00a0\u00bb][\/vc_column_inner][\/vc_row_inner][vc_empty_space][\/vc_column][\/vc_row][vc_row][vc_column][vc_empty_space][vc_row_inner][vc_column_inner width=\u00a0\u00bb1\/4&Prime;][vc_empty_space height=\u00a0\u00bb15px\u00a0\u00bb][vc_empty_space height=\u00a0\u00bb15px\u00a0\u00bb][vc_empty_space height=\u00a0\u00bb15px\u00a0\u00bb][vc_empty_space][vc_single_image image=\u00a0\u00bb3707&Prime; img_size=\u00a0\u00bb141&#215;70&Prime; onclick=\u00a0\u00bbcustom_link\u00a0\u00bb img_link_target=\u00a0\u00bb_blank\u00a0\u00bb link=\u00a0\u00bbhttps:\/\/fizz.ca\/fr\u00a0\u00bb][\/vc_column_inner][vc_column_inner width=\u00a0\u00bb1\/4&Prime;][vc_empty_space height=\u00a0\u00bb15px\u00a0\u00bb][vc_empty_space height=\u00a0\u00bb15px\u00a0\u00bb][vc_empty_space height=\u00a0\u00bb15px\u00a0\u00bb][vc_empty_space height=\u00a0\u00bb15px\u00a0\u00bb][vc_single_image image=\u00a0\u00bb2719&Prime; img_size=\u00a0\u00bb130&#215;100&Prime; onclick=\u00a0\u00bbcustom_link\u00a0\u00bb img_link_target=\u00a0\u00bb_blank\u00a0\u00bb [&hellip;]<\/p>\n","protected":false},"author":2,"featured_media":0,"parent":0,"menu_order":0,"comment_status":"closed","ping_status":"closed","template":"","meta":{"footnotes":""},"class_list":["post-824","page","type-page","status-publish","hentry"],"yoast_head":"<!-- This site is optimized with the Yoast SEO plugin v27.2 - https:\/\/yoast.com\/product\/yoast-seo-wordpress\/ -->\n<title>Partenaires | Festibi\u00e8re de Sherbrooke | 26 au 28 mai 2023<\/title>\n<meta name=\"description\" content=\"Merci \u00e0 tous nos partenaires ! La ville de Sherbrooke, Desjardins, IGA, Le tr\u00e8fle noir, La cabine T et bien plus.\" \/>\n<meta name=\"robots\" content=\"index, follow, max-snippet:-1, max-image-preview:large, max-video-preview:-1\" \/>\n<link rel=\"canonical\" href=\"https:\/\/infofestibiere.com\/sherbrooke\/partenaires\/?lang=en\" \/>\n<meta property=\"og:locale\" content=\"fr_FR\" \/>\n<meta property=\"og:type\" content=\"article\" \/>\n<meta property=\"og:title\" content=\"Partenaires | Festibi\u00e8re de Sherbrooke | 26 au 28 mai 2023\" \/>\n<meta property=\"og:description\" content=\"Merci \u00e0 tous nos partenaires ! La ville de Sherbrooke, Desjardins, IGA, Le tr\u00e8fle noir, La cabine T et bien plus.\" \/>\n<meta property=\"og:url\" content=\"https:\/\/infofestibiere.com\/sherbrooke\/partenaires\/?lang=en\" \/>\n<meta property=\"og:site_name\" content=\"de Sherbrooke\" \/>\n<meta property=\"article:modified_time\" content=\"2025-05-01T14:18:27+00:00\" \/>\n<meta name=\"twitter:card\" content=\"summary_large_image\" \/>\n<meta name=\"twitter:label1\" content=\"Dur\u00e9e de lecture estim\u00e9e\" \/>\n\t<meta name=\"twitter:data1\" content=\"1 minute\" \/>\n<script type=\"application\/ld+json\" class=\"yoast-schema-graph\">{\"@context\":\"https:\/\/schema.org\",\"@graph\":[{\"@type\":\"WebPage\",\"@id\":\"https:\/\/infofestibiere.com\/sherbrooke\/partenaires\/?lang=en\",\"url\":\"https:\/\/infofestibiere.com\/sherbrooke\/partenaires\/?lang=en\",\"name\":\"Partenaires | Festibi\u00e8re de Sherbrooke | 26 au 28 mai 2023\",\"isPartOf\":{\"@id\":\"https:\/\/infofestibiere.com\/sherbrooke\/#website\"},\"datePublished\":\"2019-04-09T20:37:44+00:00\",\"dateModified\":\"2025-05-01T14:18:27+00:00\",\"description\":\"Merci \u00e0 tous nos partenaires ! La ville de Sherbrooke, Desjardins, IGA, Le tr\u00e8fle noir, La cabine T et bien plus.\",\"breadcrumb\":{\"@id\":\"https:\/\/infofestibiere.com\/sherbrooke\/partenaires\/?lang=en#breadcrumb\"},\"inLanguage\":\"fr-FR\",\"potentialAction\":[{\"@type\":\"ReadAction\",\"target\":[\"https:\/\/infofestibiere.com\/sherbrooke\/partenaires\/?lang=en\"]}]},{\"@type\":\"BreadcrumbList\",\"@id\":\"https:\/\/infofestibiere.com\/sherbrooke\/partenaires\/?lang=en#breadcrumb\",\"itemListElement\":[{\"@type\":\"ListItem\",\"position\":1,\"name\":\"Accueil\",\"item\":\"https:\/\/infofestibiere.com\/sherbrooke\/\"},{\"@type\":\"ListItem\",\"position\":2,\"name\":\"Partenaires\"}]},{\"@type\":\"WebSite\",\"@id\":\"https:\/\/infofestibiere.com\/sherbrooke\/#website\",\"url\":\"https:\/\/infofestibiere.com\/sherbrooke\/\",\"name\":\"de Sherbrooke\",\"description\":\"Soif de nature!\",\"potentialAction\":[{\"@type\":\"SearchAction\",\"target\":{\"@type\":\"EntryPoint\",\"urlTemplate\":\"https:\/\/infofestibiere.com\/sherbrooke\/?s={search_term_string}\"},\"query-input\":{\"@type\":\"PropertyValueSpecification\",\"valueRequired\":true,\"valueName\":\"search_term_string\"}}],\"inLanguage\":\"fr-FR\"}]}<\/script>\n<!-- \/ Yoast SEO plugin. -->","yoast_head_json":{"title":"Partenaires | Festibi\u00e8re de Sherbrooke | 26 au 28 mai 2023","description":"Merci \u00e0 tous nos partenaires ! La ville de Sherbrooke, Desjardins, IGA, Le tr\u00e8fle noir, La cabine T et bien plus.","robots":{"index":"index","follow":"follow","max-snippet":"max-snippet:-1","max-image-preview":"max-image-preview:large","max-video-preview":"max-video-preview:-1"},"canonical":"https:\/\/infofestibiere.com\/sherbrooke\/partenaires\/?lang=en","og_locale":"fr_FR","og_type":"article","og_title":"Partenaires | Festibi\u00e8re de Sherbrooke | 26 au 28 mai 2023","og_description":"Merci \u00e0 tous nos partenaires ! La ville de Sherbrooke, Desjardins, IGA, Le tr\u00e8fle noir, La cabine T et bien plus.","og_url":"https:\/\/infofestibiere.com\/sherbrooke\/partenaires\/?lang=en","og_site_name":"de Sherbrooke","article_modified_time":"2025-05-01T14:18:27+00:00","twitter_card":"summary_large_image","twitter_misc":{"Dur\u00e9e de lecture estim\u00e9e":"1 minute"},"schema":{"@context":"https:\/\/schema.org","@graph":[{"@type":"WebPage","@id":"https:\/\/infofestibiere.com\/sherbrooke\/partenaires\/?lang=en","url":"https:\/\/infofestibiere.com\/sherbrooke\/partenaires\/?lang=en","name":"Partenaires | Festibi\u00e8re de Sherbrooke | 26 au 28 mai 2023","isPartOf":{"@id":"https:\/\/infofestibiere.com\/sherbrooke\/#website"},"datePublished":"2019-04-09T20:37:44+00:00","dateModified":"2025-05-01T14:18:27+00:00","description":"Merci \u00e0 tous nos partenaires ! La ville de Sherbrooke, Desjardins, IGA, Le tr\u00e8fle noir, La cabine T et bien plus.","breadcrumb":{"@id":"https:\/\/infofestibiere.com\/sherbrooke\/partenaires\/?lang=en#breadcrumb"},"inLanguage":"fr-FR","potentialAction":[{"@type":"ReadAction","target":["https:\/\/infofestibiere.com\/sherbrooke\/partenaires\/?lang=en"]}]},{"@type":"BreadcrumbList","@id":"https:\/\/infofestibiere.com\/sherbrooke\/partenaires\/?lang=en#breadcrumb","itemListElement":[{"@type":"ListItem","position":1,"name":"Accueil","item":"https:\/\/infofestibiere.com\/sherbrooke\/"},{"@type":"ListItem","position":2,"name":"Partenaires"}]},{"@type":"WebSite","@id":"https:\/\/infofestibiere.com\/sherbrooke\/#website","url":"https:\/\/infofestibiere.com\/sherbrooke\/","name":"de Sherbrooke","description":"Soif de nature!","potentialAction":[{"@type":"SearchAction","target":{"@type":"EntryPoint","urlTemplate":"https:\/\/infofestibiere.com\/sherbrooke\/?s={search_term_string}"},"query-input":{"@type":"PropertyValueSpecification","valueRequired":true,"valueName":"search_term_string"}}],"inLanguage":"fr-FR"}]}},"_links":{"self":[{"href":"https:\/\/infofestibiere.com\/sherbrooke\/wp-json\/wp\/v2\/pages\/824","targetHints":{"allow":["GET"]}}],"collection":[{"href":"https:\/\/infofestibiere.com\/sherbrooke\/wp-json\/wp\/v2\/pages"}],"about":[{"href":"https:\/\/infofestibiere.com\/sherbrooke\/wp-json\/wp\/v2\/types\/page"}],"author":[{"embeddable":true,"href":"https:\/\/infofestibiere.com\/sherbrooke\/wp-json\/wp\/v2\/users\/2"}],"replies":[{"embeddable":true,"href":"https:\/\/infofestibiere.com\/sherbrooke\/wp-json\/wp\/v2\/comments?post=824"}],"version-history":[{"count":26,"href":"https:\/\/infofestibiere.com\/sherbrooke\/wp-json\/wp\/v2\/pages\/824\/revisions"}],"predecessor-version":[{"id":3834,"href":"https:\/\/infofestibiere.com\/sherbrooke\/wp-json\/wp\/v2\/pages\/824\/revisions\/3834"}],"wp:attachment":[{"href":"https:\/\/infofestibiere.com\/sherbrooke\/wp-json\/wp\/v2\/media?parent=824"}],"curies":[{"name":"wp","href":"https:\/\/api.w.org\/{rel}","templated":true}]}}