{"id":5457,"date":"2025-07-16T20:26:01","date_gmt":"2025-07-16T18:26:01","guid":{"rendered":"https:\/\/infofestibiere.com\/quebec\/?page_id=5457"},"modified":"2025-08-13T21:48:19","modified_gmt":"2025-08-13T19:48:19","slug":"le-club-social","status":"publish","type":"page","link":"https:\/\/infofestibiere.com\/quebec\/le-club-social\/","title":{"rendered":"Le Club Social du Festibi\u00e8re"},"content":{"rendered":"<div class=\"wpb-content-wrapper\"><p>[vc_row][vc_column][vc_empty_space][\/vc_column][\/vc_row][vc_row][vc_column][vc_single_image image=\u00a0\u00bb5477&Prime; img_size=\u00a0\u00bb368&#215;200&Prime; alignment=\u00a0\u00bbcenter\u00a0\u00bb][vc_custom_heading text=\u00a0\u00bb<b>NOUVEAU<\/b>\u00a0\u00bb font_container=\u00a0\u00bbtag:h2|font_size:24|text_align:center|color:%23f7c531&Prime; use_theme_fonts=\u00a0\u00bbyes\u00a0\u00bb][vc_custom_heading text=\u00a0\u00bb<b>LE CLUB SOCIAL DU FESTIBI\u00c8RE<\/b>\u00a0\u00bb font_container=\u00a0\u00bbtag:h1|font_size:30|text_align:center|color:%230a0a0a\u00a0\u00bb use_theme_fonts=\u00a0\u00bbyes\u00a0\u00bb][vc_empty_space height=\u00a0\u00bb15px\u00a0\u00bb][vc_column_text]<\/p>\n<p style=\"text-align: center;\"><span data-olk-copy-source=\"MessageBody\">L\u2019organisation explose sa programmation et pr\u00e9sente une partie de ses activit\u00e9s \u00e0 la <a href=\"https:\/\/maps.app.goo.gl\/cSu6k1E4WbUVSVnz6\" target=\"_blank\" rel=\"noopener\"><span style=\"text-decoration: underline;\">Place de l\u2019Universit\u00e9 du Qu\u00e9bec<\/span><\/a>, dans le quartier St-Roch \ud83c\udf07 Que t\u2019aies envie de\u00a0<strong>boire<\/strong>, de\u00a0<strong>grignoter<\/strong>, de\u00a0<strong>danser<\/strong>, d\u2019<strong>\u00e9couter de la musique<\/strong> ou de t\u2019asseoir pour profiter d&rsquo;un moment tranquille\u2026 c\u2019est l\u2019endroit parfait. <\/span><\/p>\n<p style=\"text-align: center;\"><span data-olk-copy-source=\"MessageBody\">D\u00e9couvre 5 occasions d&rsquo;en profiter selon ton <em>mood<\/em> avec nos \u00e9v\u00e8nements: L&rsquo;ap\u00e9ro, les caf\u00e9-croissants ou les casse-cro\u00fbtes<strong> \ud83c\udf1e<\/strong><\/span><\/p>\n<p>[\/vc_column_text][vc_row_inner][vc_column_inner width=\u00a0\u00bb1\/3&Prime;][vc_single_image image=\u00a0\u00bb5485&Prime; img_size=\u00a0\u00bbmedium\u00a0\u00bb alignment=\u00a0\u00bbcenter\u00a0\u00bb][\/vc_column_inner][vc_column_inner width=\u00a0\u00bb1\/3&Prime;][vc_single_image image=\u00a0\u00bb5483&Prime; img_size=\u00a0\u00bbmedium\u00a0\u00bb alignment=\u00a0\u00bbcenter\u00a0\u00bb onclick=\u00a0\u00bbcustom_link\u00a0\u00bb img_link_target=\u00a0\u00bb_blank\u00a0\u00bb link=\u00a0\u00bbhttps:\/\/www.facebook.com\/lefestibiere\/events\u00a0\u00bb][\/vc_column_inner][vc_column_inner width=\u00a0\u00bb1\/3&Prime;][vc_single_image image=\u00a0\u00bb5487&Prime; img_size=\u00a0\u00bbmedium\u00a0\u00bb alignment=\u00a0\u00bbcenter\u00a0\u00bb onclick=\u00a0\u00bbcustom_link\u00a0\u00bb img_link_target=\u00a0\u00bb_blank\u00a0\u00bb link=\u00a0\u00bbhttps:\/\/maps.app.goo.gl\/cSu6k1E4WbUVSVnz6&Prime;][\/vc_column_inner][\/vc_row_inner][vc_empty_space height=\u00a0\u00bb25px\u00a0\u00bb][vc_empty_space height=\u00a0\u00bb25px\u00a0\u00bb][\/vc_column][\/vc_row][vc_row][vc_column width=\u00a0\u00bb1\/2&Prime; css=\u00a0\u00bb.vc_custom_1752690077362{padding-top: 10px !important;}\u00a0\u00bb][vc_tta_accordion style=\u00a0\u00bboutline\u00a0\u00bb shape=\u00a0\u00bbround\u00a0\u00bb color=\u00a0\u00bborange\u00a0\u00bb c_align=\u00a0\u00bbcenter\u00a0\u00bb c_icon=\u00a0\u00bb\u00a0\u00bb active_section=\u00a0\u00bb1&Prime; collapsible_all=\u00a0\u00bbtrue\u00a0\u00bb][vc_tta_section title=\u00a0\u00bb<b>L&rsquo;AP\u00c9RO \ud83c\udf78 | 13 ao\u00fbt &#8211; 16h \u00e0 19h<\/b>\u00a0\u00bb tab_id=\u00a0\u00bb1752687844233-7663f54e-7fc5&Prime;][vc_column_text]Le parfait 4@7 au coeur de la ville \ud83c\udf7a Musique, animation &amp; d\u00e9licieux breuvages \u00e0 partager entre amis ou coll\u00e8gues de travail![\/vc_column_text][vc_row_inner][vc_column_inner width=\u00a0\u00bb1\/2&Prime; css=\u00a0\u00bb.vc_custom_1753977895713{padding-top: 10px !important;}\u00a0\u00bb][vc_column_text]\u00c0 \u00e9couter:<\/p>\n<p>13 ao\u00fbt | 18h00 | <a href=\"https:\/\/www.facebook.com\/people\/Statzz\/100092444403153\/\" target=\"_blank\" rel=\"noopener\"><span style=\"text-decoration: underline;\">STATZZ<\/span><\/a>[\/vc_column_text][\/vc_column_inner][vc_column_inner width=\u00a0\u00bb1\/2&Prime; css=\u00a0\u00bb.vc_custom_1755097800085{padding-top: 10px !important;}\u00a0\u00bb][vc_column_text]\u00c0 boire:<\/p>\n<p><span data-olk-copy-source=\"MessageBody\"><strong>Noctem Artisans brasseurs<\/strong> &#8211; 9 d\u00e9licieuses bi\u00e8res \u00e0 d\u00e9guster<\/span>[\/vc_column_text][\/vc_column_inner][\/vc_row_inner][\/vc_tta_section][\/vc_tta_accordion][vc_tta_accordion style=\u00a0\u00bboutline\u00a0\u00bb shape=\u00a0\u00bbround\u00a0\u00bb color=\u00a0\u00bbsky\u00a0\u00bb c_align=\u00a0\u00bbcenter\u00a0\u00bb c_icon=\u00a0\u00bb\u00a0\u00bb active_section=\u00a0\u00bb1&Prime; collapsible_all=\u00a0\u00bbtrue\u00a0\u00bb][vc_tta_section title=\u00a0\u00bb<b>LES CAF\u00c9-CROISSANTS \u2615\ufe0f | 14 ao\u00fbt &amp; 15 ao\u00fbt &#8211; 7h \u00e0 10h<\/b>\u00a0\u00bb tab_id=\u00a0\u00bb1752688499180-e0f64277-c481&Prime;][vc_column_text]Viens faire un tour le jeudi &amp; vendredi, de 7h \u00e0 10h le matin, pour un moment \u00e9nergisant avec musique-caf\u00e9-croissant \ud83e\udd50 Parle-moi d&rsquo;un trio de feu pour commencer ta journ\u00e9e![\/vc_column_text][vc_row_inner][vc_column_inner width=\u00a0\u00bb1\/2&Prime; css=\u00a0\u00bb.vc_custom_1753977895713{padding-top: 10px !important;}\u00a0\u00bb][vc_column_text]\u00c0 \u00e9couter:<\/p>\n<p>14 ao\u00fbt | 7h30 | <a href=\"https:\/\/www.facebook.com\/people\/Dj-Shieldie\/61568552515637\/\" target=\"_blank\" rel=\"noopener\"><span style=\"text-decoration: underline;\">Dj Shieldie<\/span><\/a><\/p>\n<p>15 ao\u00fbt | 7h30 | <a href=\"https:\/\/www.facebook.com\/CocoRosetheband\/?locale=fr_FR\" target=\"_blank\" rel=\"noopener\"><span style=\"text-decoration: underline;\">Coco Rose<\/span><\/a>[\/vc_column_text][\/vc_column_inner][vc_column_inner width=\u00a0\u00bb1\/2&Prime; css=\u00a0\u00bb.vc_custom_1753977900278{padding-top: 10px !important;}\u00a0\u00bb][vc_column_text]\u00c0 boire &amp; \u00e0 manger:<\/p>\n<p><span data-olk-copy-source=\"MessageBody\"><b>L&rsquo;Orangerie Caf\u00e9<\/b> &#8211; <\/span>Caf\u00e9s, viennoiseries, sandwichs &amp; plus[\/vc_column_text][\/vc_column_inner][\/vc_row_inner][\/vc_tta_section][\/vc_tta_accordion][vc_tta_accordion style=\u00a0\u00bboutline\u00a0\u00bb shape=\u00a0\u00bbround\u00a0\u00bb color=\u00a0\u00bbgreen\u00a0\u00bb c_align=\u00a0\u00bbcenter\u00a0\u00bb c_icon=\u00a0\u00bb\u00a0\u00bb active_section=\u00a0\u00bb1&Prime; collapsible_all=\u00a0\u00bbtrue\u00a0\u00bb][vc_tta_section title=\u00a0\u00bb<b>LES CASSE-CRO\u00dbTES \ud83c\udf54 | 14 ao\u00fbt &amp; 15 ao\u00fbt &#8211; 11h \u00e0 14h<\/b>\u00a0\u00bb tab_id=\u00a0\u00bb1752689810052-beb1e56d-3156&Prime;][vc_column_text]Viens faire un tour <span data-olk-copy-source=\"MessageBody\">\u00e0 la Place de l\u2019Universit\u00e9 du Qu\u00e9bec<\/span> sur l&rsquo;heure du diner pour casser la cro\u00fbte dans une ambiance festive\u00a0 \ud83c\udf2f\u00a0 L&rsquo;occasion parfaite de se g\u00e2ter et se r\u00e9galer en plein milieu de la journ\u00e9e![\/vc_column_text][vc_row_inner][vc_column_inner width=\u00a0\u00bb1\/2&Prime; css=\u00a0\u00bb.vc_custom_1753977895713{padding-top: 10px !important;}\u00a0\u00bb][vc_column_text]\u00c0 \u00e9couter:<\/p>\n<p>14 ao\u00fbt | 11h30 | <a href=\"https:\/\/www.facebook.com\/pelchmusic\/\" target=\"_blank\" rel=\"noopener\"><span style=\"text-decoration: underline;\">Pelch<\/span><\/a><\/p>\n<p>15 ao\u00fbt | 11h30 | <a href=\"https:\/\/www.facebook.com\/2120music\/?locale=fr_FR\" target=\"_blank\" rel=\"noopener\"><span style=\"text-decoration: underline;\">2120<\/span><\/a>[\/vc_column_text][\/vc_column_inner][vc_column_inner width=\u00a0\u00bb1\/2&Prime; css=\u00a0\u00bb.vc_custom_1753977900278{padding-top: 10px !important;}\u00a0\u00bb][vc_column_text]\u00c0 boire &amp; \u00e0 manger:<\/p>\n<p><span data-olk-copy-source=\"MessageBody\"><strong>Noctem Artisans brasseurs<\/strong> &#8211; 9 d\u00e9licieuses bi\u00e8res \u00e0 d\u00e9guster<\/span><\/p>\n<p><span data-olk-copy-source=\"MessageBody\"><b>L&rsquo;Orangerie Caf\u00e9<\/b> &#8211; <\/span>Caf\u00e9s, viennoiseries, sandwichs &amp; plus[\/vc_column_text][\/vc_column_inner][\/vc_row_inner][\/vc_tta_section][\/vc_tta_accordion][\/vc_column][vc_column width=\u00a0\u00bb1\/2&Prime; css=\u00a0\u00bb.vc_custom_1752690081788{padding-top: 10px !important;}\u00a0\u00bb][vc_empty_space][vc_single_image image=\u00a0\u00bb5636&Prime; img_size=\u00a0\u00bbfull\u00a0\u00bb][\/vc_column][\/vc_row][vc_row][vc_column][vc_empty_space][vc_column_text]<\/p>\n<p style=\"text-align: center;\"><strong>\u00a0<a style=\"color: #ffffff; background-color: #f7c531; padding: 2px 10px;\">ENTR\u00c9E GRATUITE! L&rsquo;acc\u00e8s \u00e0 la d\u00e9gustation n&rsquo;est <span style=\"text-decoration: underline;\">pas<\/span> obligatoire pour d\u00e9guster les produits sur place. (argent comptant ou carte, \u00e0 la discr\u00e9tion des exposants sur place)<\/a><\/strong><\/p>\n<p style=\"text-align: center;\">\ud83d\udccd <span style=\"text-decoration: underline;\"><a href=\"https:\/\/maps.app.goo.gl\/cSu6k1E4WbUVSVnz6\" target=\"_blank\" rel=\"noopener\">Boulevard Charest E, Qu\u00e9bec, QC G1K 9J5<\/a><\/span><\/p>\n<p>[\/vc_column_text][\/vc_column][\/vc_row][vc_row][vc_column][vc_empty_space][vc_empty_space height=\u00a0\u00bb15px\u00a0\u00bb][\/vc_column][\/vc_row][vc_row][vc_column][vc_empty_space][vc_custom_heading text=\u00a0\u00bb<b>TES \u00c9V\u00c8NEMENTS FESTIBI\u00c8RE<\/b>\u00a0\u00bb font_container=\u00a0\u00bbtag:h2|font_size:25|text_align:center|color:%23000000&Prime; google_fonts=\u00a0\u00bbfont_family:Raleway%3A100%2C200%2C300%2Cregular%2C500%2C600%2C700%2C800%2C900|font_style:300%20light%20regular%3A300%3Anormal\u00a0\u00bb][vc_text_separator title=\u00a0\u00bbPour des d\u00e9couvertes locales en bi\u00e8res, vins, spiritueux &amp; sans alcool\u00a0\u00bb color=\u00a0\u00bborange\u00a0\u00bb][vc_empty_space height=\u00a0\u00bb15px\u00a0\u00bb][vc_row_inner][vc_column_inner width=\u00a0\u00bb1\/3&Prime; css=\u00a0\u00bb.vc_custom_1699382056857{padding-top: 20px !important;}\u00a0\u00bb][vc_custom_heading text=\u00a0\u00bb<b>QU\u00c9BEC<\/b> \ud83c\udf1e\u00a0\u00bb font_container=\u00a0\u00bbtag:h2|font_size:22|text_align:center|color:%23fc5032&Prime; google_fonts=\u00a0\u00bbfont_family:Raleway%3A100%2C200%2C300%2Cregular%2C500%2C600%2C700%2C800%2C900|font_style:300%20light%20regular%3A300%3Anormal\u00a0\u00bb][vc_custom_heading text=\u00a0\u00bb14 au 17 ao\u00fbt\u00a0\u00bb font_container=\u00a0\u00bbtag:h3|font_size:20|text_align:center|color:%23000000&Prime; google_fonts=\u00a0\u00bbfont_family:Raleway%3A100%2C200%2C300%2Cregular%2C500%2C600%2C700%2C800%2C900|font_style:300%20light%20regular%3A300%3Anormal\u00a0\u00bb][vc_empty_space height=\u00a0\u00bb10px\u00a0\u00bb][vc_single_image image=\u00a0\u00bb4596&Prime; img_size=\u00a0\u00bb400&#215;400&Prime; style=\u00a0\u00bbvc_box_shadow_3d\u00a0\u00bb onclick=\u00a0\u00bbcustom_link\u00a0\u00bb link=\u00a0\u00bbhttps:\/\/infofestibiere.com\/quebec\/\u00a0\u00bb][\/vc_column_inner][vc_column_inner width=\u00a0\u00bb1\/3&Prime; css=\u00a0\u00bb.vc_custom_1699382046462{padding-top: 20px !important;}\u00a0\u00bb][vc_custom_heading text=\u00a0\u00bb<b>SHERBROOKE<\/b> \ud83c\udf33\u00a0\u00bb font_container=\u00a0\u00bbtag:h2|font_size:22|text_align:center|color:%235e9900&Prime; google_fonts=\u00a0\u00bbfont_family:Raleway%3A100%2C200%2C300%2Cregular%2C500%2C600%2C700%2C800%2C900|font_style:300%20light%20regular%3A300%3Anormal\u00a0\u00bb][vc_custom_heading text=\u00a0\u00bb\u00c0 l&rsquo;an prochain\u00a0\u00bb font_container=\u00a0\u00bbtag:h3|font_size:20|text_align:center|color:%23000000&Prime; google_fonts=\u00a0\u00bbfont_family:Raleway%3A100%2C200%2C300%2Cregular%2C500%2C600%2C700%2C800%2C900|font_style:300%20light%20regular%3A300%3Anormal\u00a0\u00bb][vc_empty_space height=\u00a0\u00bb10px\u00a0\u00bb][vc_single_image image=\u00a0\u00bb5136&Prime; img_size=\u00a0\u00bb400&#215;400&Prime; style=\u00a0\u00bbvc_box_shadow_3d\u00a0\u00bb onclick=\u00a0\u00bbcustom_link\u00a0\u00bb link=\u00a0\u00bbhttps:\/\/infofestibiere.com\/sherbrooke\/\u00a0\u00bb][\/vc_column_inner][vc_column_inner width=\u00a0\u00bb1\/3&Prime; css=\u00a0\u00bb.vc_custom_1699382052010{padding-top: 20px !important;}\u00a0\u00bb][vc_custom_heading text=\u00a0\u00bb<b>L\u00c9VIS<\/b> \ud83c\udf0a\u00a0\u00bb font_container=\u00a0\u00bbtag:h2|font_size:22|text_align:center|color:%2334a7cf\u00a0\u00bb google_fonts=\u00a0\u00bbfont_family:Raleway%3A100%2C200%2C300%2Cregular%2C500%2C600%2C700%2C800%2C900|font_style:300%20light%20regular%3A300%3Anormal\u00a0\u00bb][vc_custom_heading text=\u00a0\u00bb\u00c0 l&rsquo;an prochain!\u00a0\u00bb font_container=\u00a0\u00bbtag:h3|font_size:20|text_align:center|color:%23000000&Prime; google_fonts=\u00a0\u00bbfont_family:Raleway%3A100%2C200%2C300%2Cregular%2C500%2C600%2C700%2C800%2C900|font_style:300%20light%20regular%3A300%3Anormal\u00a0\u00bb][vc_empty_space height=\u00a0\u00bb10px\u00a0\u00bb][vc_single_image image=\u00a0\u00bb5138&Prime; img_size=\u00a0\u00bb400&#215;400&Prime; style=\u00a0\u00bbvc_box_shadow_3d\u00a0\u00bb onclick=\u00a0\u00bbcustom_link\u00a0\u00bb link=\u00a0\u00bbhttps:\/\/infofestibiere.com\/levis\/\u00a0\u00bb][\/vc_column_inner][\/vc_row_inner][vc_empty_space][vc_empty_space][\/vc_column][\/vc_row][vc_row][vc_column][vc_empty_space][vc_row_inner][vc_column_inner width=\u00a0\u00bb1\/3&Prime; css=\u00a0\u00bb.vc_custom_1678971631180{padding-top: 10px !important;}\u00a0\u00bb][vc_btn title=\u00a0\u00bbDevenir exposants\u00a0\u00bb color=\u00a0\u00bborange\u00a0\u00bb align=\u00a0\u00bbcenter\u00a0\u00bb link=\u00a0\u00bburl:https%3A%2F%2Finfofestibiere.com%2Fdevenir-exposants%2F|||\u00a0\u00bb][\/vc_column_inner][vc_column_inner width=\u00a0\u00bb1\/3&Prime; css=\u00a0\u00bb.vc_custom_1678971636815{padding-top: 10px !important;}\u00a0\u00bb][vc_btn title=\u00a0\u00bbDevenir b\u00e9n\u00e9voles\u00a0\u00bb color=\u00a0\u00bborange\u00a0\u00bb align=\u00a0\u00bbcenter\u00a0\u00bb link=\u00a0\u00bburl:https%3A%2F%2Finfofestibiere.com%2Fla-team%2F|title:La%20team||\u00a0\u00bb][\/vc_column_inner][vc_column_inner width=\u00a0\u00bb1\/3&Prime; css=\u00a0\u00bb.vc_custom_1678971643235{padding-top: 10px !important;}\u00a0\u00bb][vc_btn title=\u00a0\u00bbDevenir partenaires\u00a0\u00bb color=\u00a0\u00bborange\u00a0\u00bb align=\u00a0\u00bbcenter\u00a0\u00bb link=\u00a0\u00bburl:mailto%3Amcouture%40evenma.ca||target:%20_blank|\u00a0\u00bb][\/vc_column_inner][\/vc_row_inner][vc_empty_space][vc_empty_space][\/vc_column][\/vc_row][vc_row][vc_column][vc_empty_space][\/vc_column][\/vc_row][vc_column][\/vc_column][vc_column width=\u00a0\u00bb1\/2&Prime; css=\u00a0\u00bb.vc_custom_1682619386759{padding-top: 20px !important;}\u00a0\u00bb][\/vc_column][vc_column][\/vc_column][vc_column][\/vc_column][vc_column width=\u00a0\u00bb1\/2&Prime; css=\u00a0\u00bb.vc_custom_1682619386759{padding-top: 20px !important;}\u00a0\u00bb][\/vc_column][vc_column][\/vc_column]<\/p>\n<\/div>","protected":false},"excerpt":{"rendered":"<p>[vc_row][vc_column][vc_empty_space][\/vc_column][\/vc_row][vc_row][vc_column][vc_single_image image=\u00a0\u00bb5477&Prime; img_size=\u00a0\u00bb368&#215;200&Prime; alignment=\u00a0\u00bbcenter\u00a0\u00bb][vc_custom_heading text=\u00a0\u00bbNOUVEAU\u00a0\u00bb font_container=\u00a0\u00bbtag:h2|font_size:24|text_align:center|color:%23f7c531&Prime; use_theme_fonts=\u00a0\u00bbyes\u00a0\u00bb][vc_custom_heading text=\u00a0\u00bbLE CLUB SOCIAL DU FESTIBI\u00c8RE\u00a0\u00bb font_container=\u00a0\u00bbtag:h1|font_size:30|text_align:center|color:%230a0a0a\u00a0\u00bb use_theme_fonts=\u00a0\u00bbyes\u00a0\u00bb][vc_empty_space height=\u00a0\u00bb15px\u00a0\u00bb][vc_column_text] L\u2019organisation explose sa programmation et pr\u00e9sente une partie de ses activit\u00e9s \u00e0 la Place de l\u2019Universit\u00e9 du Qu\u00e9bec, dans le quartier St-Roch \ud83c\udf07 Que t\u2019aies envie de\u00a0boire, de\u00a0grignoter, de\u00a0danser, d\u2019\u00e9couter de la musique ou de t\u2019asseoir pour profiter d&rsquo;un moment [&hellip;]<\/p>\n","protected":false},"author":2,"featured_media":0,"parent":0,"menu_order":0,"comment_status":"closed","ping_status":"closed","template":"","meta":{"footnotes":""},"class_list":["post-5457","page","type-page","status-publish","hentry"],"yoast_head":"<!-- This site is optimized with the Yoast SEO plugin v27.2 - https:\/\/yoast.com\/product\/yoast-seo-wordpress\/ -->\n<title>Le Club Social du Festibi\u00e8re - de Qu\u00e9bec<\/title>\n<meta name=\"robots\" content=\"index, follow, max-snippet:-1, max-image-preview:large, max-video-preview:-1\" \/>\n<link rel=\"canonical\" href=\"https:\/\/infofestibiere.com\/quebec\/le-club-social\/\" \/>\n<meta property=\"og:locale\" content=\"fr_FR\" \/>\n<meta property=\"og:type\" content=\"article\" \/>\n<meta property=\"og:title\" content=\"Le Club Social du Festibi\u00e8re - de Qu\u00e9bec\" \/>\n<meta property=\"og:description\" content=\"[vc_row][vc_column][vc_empty_space][\/vc_column][\/vc_row][vc_row][vc_column][vc_single_image image=\u00a0\u00bb5477&Prime; img_size=\u00a0\u00bb368&#215;200&Prime; alignment=\u00a0\u00bbcenter\u00a0\u00bb][vc_custom_heading text=\u00a0\u00bbNOUVEAU\u00a0\u00bb font_container=\u00a0\u00bbtag:h2|font_size:24|text_align:center|color:%23f7c531&Prime; use_theme_fonts=\u00a0\u00bbyes\u00a0\u00bb][vc_custom_heading text=\u00a0\u00bbLE CLUB SOCIAL DU FESTIBI\u00c8RE\u00a0\u00bb font_container=\u00a0\u00bbtag:h1|font_size:30|text_align:center|color:%230a0a0a\u00a0\u00bb use_theme_fonts=\u00a0\u00bbyes\u00a0\u00bb][vc_empty_space height=\u00a0\u00bb15px\u00a0\u00bb][vc_column_text] L\u2019organisation explose sa programmation et pr\u00e9sente une partie de ses activit\u00e9s \u00e0 la Place de l\u2019Universit\u00e9 du Qu\u00e9bec, dans le quartier St-Roch \ud83c\udf07 Que t\u2019aies envie de\u00a0boire, de\u00a0grignoter, de\u00a0danser, d\u2019\u00e9couter de la musique ou de t\u2019asseoir pour profiter d&rsquo;un moment [&hellip;]\" \/>\n<meta property=\"og:url\" content=\"https:\/\/infofestibiere.com\/quebec\/le-club-social\/\" \/>\n<meta property=\"og:site_name\" content=\"de Qu\u00e9bec\" \/>\n<meta property=\"article:modified_time\" content=\"2025-08-13T19:48:19+00:00\" \/>\n<meta name=\"twitter:card\" content=\"summary_large_image\" \/>\n<meta name=\"twitter:label1\" content=\"Dur\u00e9e de lecture estim\u00e9e\" \/>\n\t<meta name=\"twitter:data1\" content=\"3 minutes\" \/>\n<script type=\"application\/ld+json\" class=\"yoast-schema-graph\">{\"@context\":\"https:\/\/schema.org\",\"@graph\":[{\"@type\":\"WebPage\",\"@id\":\"https:\/\/infofestibiere.com\/quebec\/le-club-social\/\",\"url\":\"https:\/\/infofestibiere.com\/quebec\/le-club-social\/\",\"name\":\"Le Club Social du Festibi\u00e8re - de Qu\u00e9bec\",\"isPartOf\":{\"@id\":\"https:\/\/infofestibiere.com\/quebec\/#website\"},\"datePublished\":\"2025-07-16T18:26:01+00:00\",\"dateModified\":\"2025-08-13T19:48:19+00:00\",\"breadcrumb\":{\"@id\":\"https:\/\/infofestibiere.com\/quebec\/le-club-social\/#breadcrumb\"},\"inLanguage\":\"fr-FR\",\"potentialAction\":[{\"@type\":\"ReadAction\",\"target\":[\"https:\/\/infofestibiere.com\/quebec\/le-club-social\/\"]}]},{\"@type\":\"BreadcrumbList\",\"@id\":\"https:\/\/infofestibiere.com\/quebec\/le-club-social\/#breadcrumb\",\"itemListElement\":[{\"@type\":\"ListItem\",\"position\":1,\"name\":\"Accueil\",\"item\":\"https:\/\/infofestibiere.com\/quebec\/\"},{\"@type\":\"ListItem\",\"position\":2,\"name\":\"Le Club Social du Festibi\u00e8re\"}]},{\"@type\":\"WebSite\",\"@id\":\"https:\/\/infofestibiere.com\/quebec\/#website\",\"url\":\"https:\/\/infofestibiere.com\/quebec\/\",\"name\":\"de Qu\u00e9bec\",\"description\":\"Go\u00fbter l&#039;\u00e9t\u00e9!\",\"potentialAction\":[{\"@type\":\"SearchAction\",\"target\":{\"@type\":\"EntryPoint\",\"urlTemplate\":\"https:\/\/infofestibiere.com\/quebec\/?s={search_term_string}\"},\"query-input\":{\"@type\":\"PropertyValueSpecification\",\"valueRequired\":true,\"valueName\":\"search_term_string\"}}],\"inLanguage\":\"fr-FR\"}]}<\/script>\n<!-- \/ Yoast SEO plugin. -->","yoast_head_json":{"title":"Le Club Social du Festibi\u00e8re - de Qu\u00e9bec","robots":{"index":"index","follow":"follow","max-snippet":"max-snippet:-1","max-image-preview":"max-image-preview:large","max-video-preview":"max-video-preview:-1"},"canonical":"https:\/\/infofestibiere.com\/quebec\/le-club-social\/","og_locale":"fr_FR","og_type":"article","og_title":"Le Club Social du Festibi\u00e8re - de Qu\u00e9bec","og_description":"[vc_row][vc_column][vc_empty_space][\/vc_column][\/vc_row][vc_row][vc_column][vc_single_image image=\u00a0\u00bb5477&Prime; img_size=\u00a0\u00bb368&#215;200&Prime; alignment=\u00a0\u00bbcenter\u00a0\u00bb][vc_custom_heading text=\u00a0\u00bbNOUVEAU\u00a0\u00bb font_container=\u00a0\u00bbtag:h2|font_size:24|text_align:center|color:%23f7c531&Prime; use_theme_fonts=\u00a0\u00bbyes\u00a0\u00bb][vc_custom_heading text=\u00a0\u00bbLE CLUB SOCIAL DU FESTIBI\u00c8RE\u00a0\u00bb font_container=\u00a0\u00bbtag:h1|font_size:30|text_align:center|color:%230a0a0a\u00a0\u00bb use_theme_fonts=\u00a0\u00bbyes\u00a0\u00bb][vc_empty_space height=\u00a0\u00bb15px\u00a0\u00bb][vc_column_text] L\u2019organisation explose sa programmation et pr\u00e9sente une partie de ses activit\u00e9s \u00e0 la Place de l\u2019Universit\u00e9 du Qu\u00e9bec, dans le quartier St-Roch \ud83c\udf07 Que t\u2019aies envie de\u00a0boire, de\u00a0grignoter, de\u00a0danser, d\u2019\u00e9couter de la musique ou de t\u2019asseoir pour profiter d&rsquo;un moment [&hellip;]","og_url":"https:\/\/infofestibiere.com\/quebec\/le-club-social\/","og_site_name":"de Qu\u00e9bec","article_modified_time":"2025-08-13T19:48:19+00:00","twitter_card":"summary_large_image","twitter_misc":{"Dur\u00e9e de lecture estim\u00e9e":"3 minutes"},"schema":{"@context":"https:\/\/schema.org","@graph":[{"@type":"WebPage","@id":"https:\/\/infofestibiere.com\/quebec\/le-club-social\/","url":"https:\/\/infofestibiere.com\/quebec\/le-club-social\/","name":"Le Club Social du Festibi\u00e8re - de Qu\u00e9bec","isPartOf":{"@id":"https:\/\/infofestibiere.com\/quebec\/#website"},"datePublished":"2025-07-16T18:26:01+00:00","dateModified":"2025-08-13T19:48:19+00:00","breadcrumb":{"@id":"https:\/\/infofestibiere.com\/quebec\/le-club-social\/#breadcrumb"},"inLanguage":"fr-FR","potentialAction":[{"@type":"ReadAction","target":["https:\/\/infofestibiere.com\/quebec\/le-club-social\/"]}]},{"@type":"BreadcrumbList","@id":"https:\/\/infofestibiere.com\/quebec\/le-club-social\/#breadcrumb","itemListElement":[{"@type":"ListItem","position":1,"name":"Accueil","item":"https:\/\/infofestibiere.com\/quebec\/"},{"@type":"ListItem","position":2,"name":"Le Club Social du Festibi\u00e8re"}]},{"@type":"WebSite","@id":"https:\/\/infofestibiere.com\/quebec\/#website","url":"https:\/\/infofestibiere.com\/quebec\/","name":"de Qu\u00e9bec","description":"Go\u00fbter l&#039;\u00e9t\u00e9!","potentialAction":[{"@type":"SearchAction","target":{"@type":"EntryPoint","urlTemplate":"https:\/\/infofestibiere.com\/quebec\/?s={search_term_string}"},"query-input":{"@type":"PropertyValueSpecification","valueRequired":true,"valueName":"search_term_string"}}],"inLanguage":"fr-FR"}]}},"_links":{"self":[{"href":"https:\/\/infofestibiere.com\/quebec\/wp-json\/wp\/v2\/pages\/5457","targetHints":{"allow":["GET"]}}],"collection":[{"href":"https:\/\/infofestibiere.com\/quebec\/wp-json\/wp\/v2\/pages"}],"about":[{"href":"https:\/\/infofestibiere.com\/quebec\/wp-json\/wp\/v2\/types\/page"}],"author":[{"embeddable":true,"href":"https:\/\/infofestibiere.com\/quebec\/wp-json\/wp\/v2\/users\/2"}],"replies":[{"embeddable":true,"href":"https:\/\/infofestibiere.com\/quebec\/wp-json\/wp\/v2\/comments?post=5457"}],"version-history":[{"count":31,"href":"https:\/\/infofestibiere.com\/quebec\/wp-json\/wp\/v2\/pages\/5457\/revisions"}],"predecessor-version":[{"id":5640,"href":"https:\/\/infofestibiere.com\/quebec\/wp-json\/wp\/v2\/pages\/5457\/revisions\/5640"}],"wp:attachment":[{"href":"https:\/\/infofestibiere.com\/quebec\/wp-json\/wp\/v2\/media?parent=5457"}],"curies":[{"name":"wp","href":"https:\/\/api.w.org\/{rel}","templated":true}]}}