{"id":297,"date":"2017-07-04T15:50:03","date_gmt":"2017-07-04T13:50:03","guid":{"rendered":"https:\/\/infofestibiere.com\/quebec\/?page_id=297"},"modified":"2025-01-30T16:14:54","modified_gmt":"2025-01-30T15:14:54","slug":"exposants","status":"publish","type":"page","link":"https:\/\/infofestibiere.com\/quebec\/exposants\/?lang=en","title":{"rendered":"Exhibitors"},"content":{"rendered":"<div class=\"wpb-content-wrapper\"><p>[vc_row][vc_column][vc_empty_space][vc_single_image image=\u00a0\u00bb4677&Prime; img_size=\u00a0\u00bbfull\u00a0\u00bb][\/vc_column][\/vc_row][vc_row][vc_column][vc_empty_space][vc_custom_heading text=\u00a0\u00bbSEE YOU AT THE FESTIBI\u00c8RE DE QU\u00c9BEC FROM<br \/>\n<b>AUGUST 14 TO 17, 2025<\/b>\u00a0\u00bb font_container=\u00a0\u00bbtag:h1|font_size:25|text_align:center|color:%23fc5032&Prime; use_theme_fonts=\u00a0\u00bbyes\u00a0\u00bb][vc_empty_space height=\u00a0\u00bb15px\u00a0\u00bb][vc_empty_space height=\u00a0\u00bb25px\u00a0\u00bb][vc_row_inner][vc_column_inner width=\u00a0\u00bb1\/2&Prime; css=\u00a0\u00bb.vc_custom_1657890093749{padding-top: 20px !important;}\u00a0\u00bb][vc_custom_heading text=\u00a0\u00bb<b>MICROBREWERIES<\/b>\u00a0\u00bb font_container=\u00a0\u00bbtag:h2|font_size:20|text_align:center|color:%230a0700&Prime; google_fonts=\u00a0\u00bbfont_family:Raleway%3A100%2C200%2C300%2Cregular%2C500%2C600%2C700%2C800%2C900|font_style:300%20light%20regular%3A300%3Anormal\u00a0\u00bb link=\u00a0\u00bb|title:Microbrasseries||\u00a0\u00bb][vc_empty_space height=\u00a0\u00bb10px\u00a0\u00bb][vc_single_image image=\u00a0\u00bb4759&Prime; img_size=\u00a0\u00bb800&#215;480&Prime; alignment=\u00a0\u00bbcenter\u00a0\u00bb onclick=\u00a0\u00bbcustom_link\u00a0\u00bb][\/vc_column_inner][vc_column_inner width=\u00a0\u00bb1\/2&Prime; css=\u00a0\u00bb.vc_custom_1657890100170{padding-top: 20px !important;}\u00a0\u00bb][vc_custom_heading text=\u00a0\u00bb<b>ALTERNATIVES<\/b>\u00a0\u00bb font_container=\u00a0\u00bbtag:h2|font_size:20|text_align:center|color:%230a0700&Prime; google_fonts=\u00a0\u00bbfont_family:Raleway%3A100%2C200%2C300%2Cregular%2C500%2C600%2C700%2C800%2C900|font_style:300%20light%20regular%3A300%3Anormal\u00a0\u00bb link=\u00a0\u00bb|title:Boisson%20alternative||\u00a0\u00bb][vc_empty_space height=\u00a0\u00bb10px\u00a0\u00bb][vc_single_image image=\u00a0\u00bb3236&Prime; img_size=\u00a0\u00bb800&#215;480&Prime; alignment=\u00a0\u00bbcenter\u00a0\u00bb onclick=\u00a0\u00bbcustom_link\u00a0\u00bb][\/vc_column_inner][\/vc_row_inner][vc_empty_space][vc_row_inner][vc_column_inner width=\u00a0\u00bb1\/2&Prime; css=\u00a0\u00bb.vc_custom_1657890109620{padding-top: 20px !important;}\u00a0\u00bb][vc_custom_heading text=\u00a0\u00bb<b>FOODTRUCKS<\/b>\u00a0\u00bb font_container=\u00a0\u00bbtag:h2|font_size:20|text_align:center|color:%230a0700&Prime; google_fonts=\u00a0\u00bbfont_family:Raleway%3A100%2C200%2C300%2Cregular%2C500%2C600%2C700%2C800%2C900|font_style:300%20light%20regular%3A300%3Anormal\u00a0\u00bb link=\u00a0\u00bb|title:Cuisine%20de%20rue||\u00a0\u00bb][vc_empty_space height=\u00a0\u00bb10px\u00a0\u00bb][vc_single_image image=\u00a0\u00bb4761&Prime; img_size=\u00a0\u00bb800&#215;480&Prime; alignment=\u00a0\u00bbcenter\u00a0\u00bb][\/vc_column_inner][vc_column_inner width=\u00a0\u00bb1\/2&Prime; css=\u00a0\u00bb.vc_custom_1657890116100{padding-top: 20px !important;}\u00a0\u00bb][vc_custom_heading text=\u00a0\u00bb<b>MORE INFO COMING SOON<\/b>\u00a0\u00bb font_container=\u00a0\u00bbtag:h2|font_size:20|text_align:center|color:%230a0700&Prime; google_fonts=\u00a0\u00bbfont_family:Raleway%3A100%2C200%2C300%2Cregular%2C500%2C600%2C700%2C800%2C900|font_style:100%20light%20regular%3A100%3Anormal\u00a0\u00bb link=\u00a0\u00bb||target:%20_blank|\u00a0\u00bb][vc_empty_space height=\u00a0\u00bb10px\u00a0\u00bb][vc_single_image image=\u00a0\u00bb4910&Prime; img_size=\u00a0\u00bb800&#215;480&Prime; alignment=\u00a0\u00bbcenter\u00a0\u00bb][\/vc_column_inner][\/vc_row_inner][vc_empty_space][\/vc_column][\/vc_row][vc_row][vc_column][vc_empty_space][\/vc_column][\/vc_row]<\/p>\n<\/div>","protected":false},"excerpt":{"rendered":"<p>[vc_row][vc_column][vc_empty_space][vc_single_image image=\u00a0\u00bb4677&Prime; img_size=\u00a0\u00bbfull\u00a0\u00bb][\/vc_column][\/vc_row][vc_row][vc_column][vc_empty_space][vc_custom_heading text=\u00a0\u00bbSEE YOU AT THE FESTIBI\u00c8RE DE QU\u00c9BEC FROM AUGUST 14 TO 17, 2025\u00a0\u00bb font_container=\u00a0\u00bbtag:h1|font_size:25|text_align:center|color:%23fc5032&Prime; use_theme_fonts=\u00a0\u00bbyes\u00a0\u00bb][vc_empty_space height=\u00a0\u00bb15px\u00a0\u00bb][vc_empty_space height=\u00a0\u00bb25px\u00a0\u00bb][vc_row_inner][vc_column_inner width=\u00a0\u00bb1\/2&Prime; css=\u00a0\u00bb.vc_custom_1657890093749{padding-top: 20px !important;}\u00a0\u00bb][vc_custom_heading text=\u00a0\u00bbMICROBREWERIES\u00a0\u00bb font_container=\u00a0\u00bbtag:h2|font_size:20|text_align:center|color:%230a0700&Prime; google_fonts=\u00a0\u00bbfont_family:Raleway%3A100%2C200%2C300%2Cregular%2C500%2C600%2C700%2C800%2C900|font_style:300%20light%20regular%3A300%3Anormal\u00a0\u00bb link=\u00a0\u00bb|title:Microbrasseries||\u00a0\u00bb][vc_empty_space height=\u00a0\u00bb10px\u00a0\u00bb][vc_single_image image=\u00a0\u00bb4759&Prime; img_size=\u00a0\u00bb800&#215;480&Prime; alignment=\u00a0\u00bbcenter\u00a0\u00bb onclick=\u00a0\u00bbcustom_link\u00a0\u00bb][\/vc_column_inner][vc_column_inner width=\u00a0\u00bb1\/2&Prime; css=\u00a0\u00bb.vc_custom_1657890100170{padding-top: 20px !important;}\u00a0\u00bb][vc_custom_heading text=\u00a0\u00bbALTERNATIVES\u00a0\u00bb font_container=\u00a0\u00bbtag:h2|font_size:20|text_align:center|color:%230a0700&Prime; google_fonts=\u00a0\u00bbfont_family:Raleway%3A100%2C200%2C300%2Cregular%2C500%2C600%2C700%2C800%2C900|font_style:300%20light%20regular%3A300%3Anormal\u00a0\u00bb link=\u00a0\u00bb|title:Boisson%20alternative||\u00a0\u00bb][vc_empty_space height=\u00a0\u00bb10px\u00a0\u00bb][vc_single_image image=\u00a0\u00bb3236&Prime; img_size=\u00a0\u00bb800&#215;480&Prime; alignment=\u00a0\u00bbcenter\u00a0\u00bb onclick=\u00a0\u00bbcustom_link\u00a0\u00bb][\/vc_column_inner][\/vc_row_inner][vc_empty_space][vc_row_inner][vc_column_inner width=\u00a0\u00bb1\/2&Prime; css=\u00a0\u00bb.vc_custom_1657890109620{padding-top: 20px !important;}\u00a0\u00bb][vc_custom_heading text=\u00a0\u00bbFOODTRUCKS\u00a0\u00bb font_container=\u00a0\u00bbtag:h2|font_size:20|text_align:center|color:%230a0700&Prime; google_fonts=\u00a0\u00bbfont_family:Raleway%3A100%2C200%2C300%2Cregular%2C500%2C600%2C700%2C800%2C900|font_style:300%20light%20regular%3A300%3Anormal\u00a0\u00bb link=\u00a0\u00bb|title:Cuisine%20de%20rue||\u00a0\u00bb][vc_empty_space height=\u00a0\u00bb10px\u00a0\u00bb][vc_single_image [&hellip;]<\/p>\n","protected":false},"author":2,"featured_media":3227,"parent":0,"menu_order":0,"comment_status":"closed","ping_status":"closed","template":"","meta":{"footnotes":""},"class_list":["post-297","page","type-page","status-publish","has-post-thumbnail","hentry"],"yoast_head":"<!-- This site is optimized with the Yoast SEO plugin v27.2 - https:\/\/yoast.com\/product\/yoast-seo-wordpress\/ -->\n<title>Exposants - Le Festibi\u00e8re de Qu\u00e9bec<\/title>\n<meta name=\"description\" content=\"D\u00e9couvre les exposants du Festibi\u00e8re de Qu\u00e9bec : microbrasseries, boissons alternatives, cuisine de rue et plus encore!\" \/>\n<meta name=\"robots\" content=\"index, follow, max-snippet:-1, max-image-preview:large, max-video-preview:-1\" \/>\n<link rel=\"canonical\" href=\"https:\/\/infofestibiere.com\/quebec\/exposants\/?lang=en\" \/>\n<meta property=\"og:locale\" content=\"fr_FR\" \/>\n<meta property=\"og:type\" content=\"article\" \/>\n<meta property=\"og:title\" content=\"Exposants - Le Festibi\u00e8re de Qu\u00e9bec\" \/>\n<meta property=\"og:description\" content=\"D\u00e9couvre les exposants du Festibi\u00e8re de Qu\u00e9bec : microbrasseries, boissons alternatives, cuisine de rue et plus encore!\" \/>\n<meta property=\"og:url\" content=\"https:\/\/infofestibiere.com\/quebec\/exposants\/?lang=en\" \/>\n<meta property=\"og:site_name\" content=\"de Qu\u00e9bec\" \/>\n<meta property=\"article:modified_time\" content=\"2025-01-30T15:14:54+00:00\" \/>\n<meta property=\"og:image\" content=\"https:\/\/infofestibiere.com\/quebec\/wp-content\/uploads\/sites\/2\/2022\/06\/190815_Festibie\u0300reQC_073.jpg\" \/>\n\t<meta property=\"og:image:width\" content=\"1024\" \/>\n\t<meta property=\"og:image:height\" content=\"683\" \/>\n\t<meta property=\"og:image:type\" content=\"image\/jpeg\" \/>\n<meta name=\"twitter:card\" content=\"summary_large_image\" \/>\n<meta name=\"twitter:label1\" content=\"Dur\u00e9e de lecture estim\u00e9e\" \/>\n\t<meta name=\"twitter:data1\" content=\"1 minute\" \/>\n<script type=\"application\/ld+json\" class=\"yoast-schema-graph\">{\"@context\":\"https:\/\/schema.org\",\"@graph\":[{\"@type\":\"WebPage\",\"@id\":\"https:\/\/infofestibiere.com\/quebec\/exposants\/?lang=en\",\"url\":\"https:\/\/infofestibiere.com\/quebec\/exposants\/?lang=en\",\"name\":\"Exposants - Le Festibi\u00e8re de Qu\u00e9bec\",\"isPartOf\":{\"@id\":\"https:\/\/infofestibiere.com\/quebec\/#website\"},\"primaryImageOfPage\":{\"@id\":\"https:\/\/infofestibiere.com\/quebec\/exposants\/?lang=en#primaryimage\"},\"image\":{\"@id\":\"https:\/\/infofestibiere.com\/quebec\/exposants\/?lang=en#primaryimage\"},\"thumbnailUrl\":\"https:\/\/infofestibiere.com\/quebec\/wp-content\/uploads\/sites\/2\/2022\/06\/190815_Festibie\u0300reQC_073.jpg\",\"datePublished\":\"2017-07-04T13:50:03+00:00\",\"dateModified\":\"2025-01-30T15:14:54+00:00\",\"description\":\"D\u00e9couvre les exposants du Festibi\u00e8re de Qu\u00e9bec : microbrasseries, boissons alternatives, cuisine de rue et plus encore!\",\"breadcrumb\":{\"@id\":\"https:\/\/infofestibiere.com\/quebec\/exposants\/?lang=en#breadcrumb\"},\"inLanguage\":\"fr-FR\",\"potentialAction\":[{\"@type\":\"ReadAction\",\"target\":[\"https:\/\/infofestibiere.com\/quebec\/exposants\/?lang=en\"]}]},{\"@type\":\"ImageObject\",\"inLanguage\":\"fr-FR\",\"@id\":\"https:\/\/infofestibiere.com\/quebec\/exposants\/?lang=en#primaryimage\",\"url\":\"https:\/\/infofestibiere.com\/quebec\/wp-content\/uploads\/sites\/2\/2022\/06\/190815_Festibie\u0300reQC_073.jpg\",\"contentUrl\":\"https:\/\/infofestibiere.com\/quebec\/wp-content\/uploads\/sites\/2\/2022\/06\/190815_Festibie\u0300reQC_073.jpg\",\"width\":1024,\"height\":683},{\"@type\":\"BreadcrumbList\",\"@id\":\"https:\/\/infofestibiere.com\/quebec\/exposants\/?lang=en#breadcrumb\",\"itemListElement\":[{\"@type\":\"ListItem\",\"position\":1,\"name\":\"Accueil\",\"item\":\"https:\/\/infofestibiere.com\/quebec\/\"},{\"@type\":\"ListItem\",\"position\":2,\"name\":\"Exhibitors\"}]},{\"@type\":\"WebSite\",\"@id\":\"https:\/\/infofestibiere.com\/quebec\/#website\",\"url\":\"https:\/\/infofestibiere.com\/quebec\/\",\"name\":\"de Qu\u00e9bec\",\"description\":\"Go\u00fbter l&#039;\u00e9t\u00e9!\",\"potentialAction\":[{\"@type\":\"SearchAction\",\"target\":{\"@type\":\"EntryPoint\",\"urlTemplate\":\"https:\/\/infofestibiere.com\/quebec\/?s={search_term_string}\"},\"query-input\":{\"@type\":\"PropertyValueSpecification\",\"valueRequired\":true,\"valueName\":\"search_term_string\"}}],\"inLanguage\":\"fr-FR\"}]}<\/script>\n<!-- \/ Yoast SEO plugin. -->","yoast_head_json":{"title":"Exposants - Le Festibi\u00e8re de Qu\u00e9bec","description":"D\u00e9couvre les exposants du Festibi\u00e8re de Qu\u00e9bec : microbrasseries, boissons alternatives, cuisine de rue et plus encore!","robots":{"index":"index","follow":"follow","max-snippet":"max-snippet:-1","max-image-preview":"max-image-preview:large","max-video-preview":"max-video-preview:-1"},"canonical":"https:\/\/infofestibiere.com\/quebec\/exposants\/?lang=en","og_locale":"fr_FR","og_type":"article","og_title":"Exposants - Le Festibi\u00e8re de Qu\u00e9bec","og_description":"D\u00e9couvre les exposants du Festibi\u00e8re de Qu\u00e9bec : microbrasseries, boissons alternatives, cuisine de rue et plus encore!","og_url":"https:\/\/infofestibiere.com\/quebec\/exposants\/?lang=en","og_site_name":"de Qu\u00e9bec","article_modified_time":"2025-01-30T15:14:54+00:00","og_image":[{"width":1024,"height":683,"url":"https:\/\/infofestibiere.com\/quebec\/wp-content\/uploads\/sites\/2\/2022\/06\/190815_Festibie\u0300reQC_073.jpg","type":"image\/jpeg"}],"twitter_card":"summary_large_image","twitter_misc":{"Dur\u00e9e de lecture estim\u00e9e":"1 minute"},"schema":{"@context":"https:\/\/schema.org","@graph":[{"@type":"WebPage","@id":"https:\/\/infofestibiere.com\/quebec\/exposants\/?lang=en","url":"https:\/\/infofestibiere.com\/quebec\/exposants\/?lang=en","name":"Exposants - Le Festibi\u00e8re de Qu\u00e9bec","isPartOf":{"@id":"https:\/\/infofestibiere.com\/quebec\/#website"},"primaryImageOfPage":{"@id":"https:\/\/infofestibiere.com\/quebec\/exposants\/?lang=en#primaryimage"},"image":{"@id":"https:\/\/infofestibiere.com\/quebec\/exposants\/?lang=en#primaryimage"},"thumbnailUrl":"https:\/\/infofestibiere.com\/quebec\/wp-content\/uploads\/sites\/2\/2022\/06\/190815_Festibie\u0300reQC_073.jpg","datePublished":"2017-07-04T13:50:03+00:00","dateModified":"2025-01-30T15:14:54+00:00","description":"D\u00e9couvre les exposants du Festibi\u00e8re de Qu\u00e9bec : microbrasseries, boissons alternatives, cuisine de rue et plus encore!","breadcrumb":{"@id":"https:\/\/infofestibiere.com\/quebec\/exposants\/?lang=en#breadcrumb"},"inLanguage":"fr-FR","potentialAction":[{"@type":"ReadAction","target":["https:\/\/infofestibiere.com\/quebec\/exposants\/?lang=en"]}]},{"@type":"ImageObject","inLanguage":"fr-FR","@id":"https:\/\/infofestibiere.com\/quebec\/exposants\/?lang=en#primaryimage","url":"https:\/\/infofestibiere.com\/quebec\/wp-content\/uploads\/sites\/2\/2022\/06\/190815_Festibie\u0300reQC_073.jpg","contentUrl":"https:\/\/infofestibiere.com\/quebec\/wp-content\/uploads\/sites\/2\/2022\/06\/190815_Festibie\u0300reQC_073.jpg","width":1024,"height":683},{"@type":"BreadcrumbList","@id":"https:\/\/infofestibiere.com\/quebec\/exposants\/?lang=en#breadcrumb","itemListElement":[{"@type":"ListItem","position":1,"name":"Accueil","item":"https:\/\/infofestibiere.com\/quebec\/"},{"@type":"ListItem","position":2,"name":"Exhibitors"}]},{"@type":"WebSite","@id":"https:\/\/infofestibiere.com\/quebec\/#website","url":"https:\/\/infofestibiere.com\/quebec\/","name":"de Qu\u00e9bec","description":"Go\u00fbter l&#039;\u00e9t\u00e9!","potentialAction":[{"@type":"SearchAction","target":{"@type":"EntryPoint","urlTemplate":"https:\/\/infofestibiere.com\/quebec\/?s={search_term_string}"},"query-input":{"@type":"PropertyValueSpecification","valueRequired":true,"valueName":"search_term_string"}}],"inLanguage":"fr-FR"}]}},"_links":{"self":[{"href":"https:\/\/infofestibiere.com\/quebec\/wp-json\/wp\/v2\/pages\/297","targetHints":{"allow":["GET"]}}],"collection":[{"href":"https:\/\/infofestibiere.com\/quebec\/wp-json\/wp\/v2\/pages"}],"about":[{"href":"https:\/\/infofestibiere.com\/quebec\/wp-json\/wp\/v2\/types\/page"}],"author":[{"embeddable":true,"href":"https:\/\/infofestibiere.com\/quebec\/wp-json\/wp\/v2\/users\/2"}],"replies":[{"embeddable":true,"href":"https:\/\/infofestibiere.com\/quebec\/wp-json\/wp\/v2\/comments?post=297"}],"version-history":[{"count":49,"href":"https:\/\/infofestibiere.com\/quebec\/wp-json\/wp\/v2\/pages\/297\/revisions"}],"predecessor-version":[{"id":5121,"href":"https:\/\/infofestibiere.com\/quebec\/wp-json\/wp\/v2\/pages\/297\/revisions\/5121"}],"wp:featuredmedia":[{"embeddable":true,"href":"https:\/\/infofestibiere.com\/quebec\/wp-json\/wp\/v2\/media\/3227"}],"wp:attachment":[{"href":"https:\/\/infofestibiere.com\/quebec\/wp-json\/wp\/v2\/media?parent=297"}],"curies":[{"name":"wp","href":"https:\/\/api.w.org\/{rel}","templated":true}]}}