{"id":286,"date":"2017-04-24T22:16:48","date_gmt":"2017-04-24T20:16:48","guid":{"rendered":"https:\/\/infofestibiere.com\/quebec\/?page_id=286"},"modified":"2025-01-30T16:42:44","modified_gmt":"2025-01-30T15:42:44","slug":"festival-de-bieres-quebec","status":"publish","type":"page","link":"https:\/\/infofestibiere.com\/quebec\/festival-de-bieres-quebec\/?lang=en","title":{"rendered":"ACCUEIL"},"content":{"rendered":"<div class=\"wpb-content-wrapper\"><p>[vc_row css=\u00a0\u00bb.vc_custom_1678291555761{padding-top: 20px !important;}\u00a0\u00bb][vc_column width=\u00a0\u00bb1\/2&Prime; css=\u00a0\u00bb.vc_custom_1678290963390{padding-top: 10px !important;}\u00a0\u00bb][vc_single_image image=\u00a0\u00bb5089&Prime; img_size=\u00a0\u00bb450&#215;450&Prime; alignment=\u00a0\u00bbcenter\u00a0\u00bb][\/vc_column][vc_column width=\u00a0\u00bb1\/2&Prime; css=\u00a0\u00bb.vc_custom_1651090515309{padding-top: 10px !important;}\u00a0\u00bb][vc_custom_heading text=\u00a0\u00bb<b>FESTIBI\u00c8RE DE QU\u00c9BEC<\/b>\u00a0\u00bb font_container=\u00a0\u00bbtag:h1|font_size:25|text_align:left|color:%23fc5032&Prime; google_fonts=\u00a0\u00bbfont_family:Raleway%3A100%2C200%2C300%2Cregular%2C500%2C600%2C700%2C800%2C900|font_style:300%20light%20regular%3A300%3Anormal\u00a0\u00bb][vc_custom_heading text=\u00a0\u00bb<b> AUGUST 14 TO 17, 2025 | ESPACE 400E<\/b>\u00a0\u00bb font_container=\u00a0\u00bbtag:h2|font_size:22|text_align:left|color:%230a0202&Prime; google_fonts=\u00a0\u00bbfont_family:Raleway%3A100%2C200%2C300%2Cregular%2C500%2C600%2C700%2C800%2C900|font_style:300%20light%20regular%3A300%3Anormal\u00a0\u00bb][vc_column_text]Like every year, the Festibi\u00e8re de Qu\u00e9bec will give you a taste of summer. The Quays of the Espace 400e will be filled with a vacation atmosphere, and you&rsquo;re sure to fall in love with this sun-filled event!<\/p>\n<p>The perfect opportunity to end the summer in style with entertainment &amp; local discoveries from August 14 to 17, 2025![\/vc_column_text][vc_row_inner][vc_column_inner width=\u00a0\u00bb1\/2&Prime;][vc_icon type=\u00a0\u00bbentypo\u00a0\u00bb icon_entypo=\u00a0\u00bbentypo-icon entypo-icon-calendar\u00a0\u00bb color=\u00a0\u00bbcustom\u00a0\u00bb size=\u00a0\u00bblg\u00a0\u00bb align=\u00a0\u00bbcenter\u00a0\u00bb custom_color=\u00a0\u00bb#fc5032&Prime;][vc_custom_heading text=\u00a0\u00bb<b>AUGUST 14 TO 17, 2025<\/b>\u00a0\u00bb font_container=\u00a0\u00bbtag:h3|font_size:18|text_align:center|color:%23000000&Prime; google_fonts=\u00a0\u00bbfont_family:Raleway%3A100%2C200%2C300%2Cregular%2C500%2C600%2C700%2C800%2C900|font_style:300%20light%20regular%3A300%3Anormal\u00a0\u00bb tm_font_weight=\u00a0\u00bb400&Prime;][vc_column_text]<\/p>\n<p style=\"text-align: center;\">Thursday | 4pm to 11pm<br \/>\nFriday | noon to 11pm<br \/>\nSaturday | noon to 11pm<br \/>\nSunday | noon to 7pm<\/p>\n<p>[\/vc_column_text][\/vc_column_inner][vc_column_inner width=\u00a0\u00bb1\/2&Prime;][vc_icon type=\u00a0\u00bbentypo\u00a0\u00bb icon_entypo=\u00a0\u00bbentypo-icon entypo-icon-location\u00a0\u00bb color=\u00a0\u00bbcustom\u00a0\u00bb size=\u00a0\u00bblg\u00a0\u00bb align=\u00a0\u00bbcenter\u00a0\u00bb custom_color=\u00a0\u00bb#fc5032&Prime;][vc_custom_heading text=\u00a0\u00bb<b>QUAYS OF THE ESPACE 400E<\/b>\u00a0\u00bb font_container=\u00a0\u00bbtag:h3|font_size:18|text_align:center|color:%23000000&Prime; google_fonts=\u00a0\u00bbfont_family:Raleway%3A100%2C200%2C300%2Cregular%2C500%2C600%2C700%2C800%2C900|font_style:300%20light%20regular%3A300%3Anormal\u00a0\u00bb tm_font_weight=\u00a0\u00bb400&Prime;][vc_column_text]<\/p>\n<p style=\"text-align: center;\"><span style=\"text-decoration: underline;\"><a href=\"https:\/\/goo.gl\/maps\/WKxVVX5kjHNJ62XQ8\" target=\"_blank\" rel=\"noopener\">100 Quai Saint-Andr\u00e9, Vieux-Port de Qu\u00e9bec, Qu\u00e9bec, QC G1K 3Y2<\/a><\/span><\/p>\n<p>[\/vc_column_text][\/vc_column_inner][\/vc_row_inner][vc_empty_space height=\u00a0\u00bb20px\u00a0\u00bb][\/vc_column][\/vc_row][vc_row][vc_column][vc_empty_space height=\u00a0\u00bb20px\u00a0\u00bb][\/vc_column][\/vc_row][vc_row][vc_column css=\u00a0\u00bb.vc_custom_1556631714317{padding-top: 15px !important;padding-bottom: 15px !important;}\u00a0\u00bb][vc_empty_space height=\u00a0\u00bb10px\u00a0\u00bb][vc_tta_tabs color=\u00a0\u00bbblack\u00a0\u00bb active_section=\u00a0\u00bb1&Prime;][vc_tta_section title=\u00a0\u00bb<b>Nice to know<\/b> \u00a0\u00bb tab_id=\u00a0\u00bb1733176405427-cbf35292-9dd6&Prime;][vc_column_text]<\/p>\n<ul>\n<li><strong>When?<\/strong> August 14 to 17, 2025<\/li>\n<li><strong>Where?<\/strong> Quays of the Espace 400e, <a href=\"https:\/\/maps.app.goo.gl\/i6Kus23DCr8Js2yH9\" target=\"_blank\" rel=\"noopener\"><span style=\"text-decoration: underline;\">100 Quai Saint-Andr\u00e9, Qu\u00e9bec, QC G1K 9B7<\/span><\/a><\/li>\n<li><strong>What?<\/strong> Summer event featuring beer, wine, spirits &amp; non-alcoholic beverages in a festive atmosphere<\/li>\n<li><strong>Who?<\/strong> Many exhibitors&rsquo; booths on site. Lists of microbreweries coming soon!<\/li>\n<li><strong>Why?<\/strong> Because it&rsquo;s the best way to get a taste of summer \ud83c\udf1e<\/li>\n<\/ul>\n<p>[\/vc_column_text][\/vc_tta_section][vc_tta_section title=\u00a0\u00bb<b>How does it work?<\/b>\u00a0\u00bb tab_id=\u00a0\u00bb1733176405378-a7642799-a72b\u00a0\u00bb][vc_column_text]The weekly Festibi\u00e8re Experience includes 1 wristband for the duration of the event, 1 festicup and 1 free 4 oz tasting valid at all exhibitors.<\/p>\n<ul>\n<li>The bracelet and glass (festicup or collector\u2019s glass*) of the current edition (year and city) are mandatory to taste the products of the microbreweries (18 years and +) and can be picked up on site with your attachment (pdf) received at the time of purchase.<\/li>\n<li>The bracelet, glass and free tasting coupon can be picked up on presentation of your ticket (a single QR code) at the ticket office during the event.<\/li>\n<li data-stringify-indent=\"0\" data-stringify-border=\"0\">Payment by cash or card. (Price and method of payment at exhibitor\u2019s discretion) \/\/ Average $3 to $8 for a 4oz tasting. Tipping not included.<\/li>\n<li>In exchange for your free tasting included in your Festibi\u00e8re Weekly Experience, receive 4 oz of the product of your choice from all exhibitors.<\/li>\n<li>The souvenir glass DOES NOT INCLUDE access to the tasting.<\/li>\n<li><strong>Festibi\u00e8re products are non-refundable and non-exchangeable.<\/strong><\/li>\n<\/ul>\n<p>*For safety reasons, souvenir glass cannot be used at the Festibi\u00e8re de L\u00e9vis.[\/vc_column_text][\/vc_tta_section][vc_tta_section title=\u00a0\u00bb<b>Tickets<\/b>\u00a0\u00bb tab_id=\u00a0\u00bb1733176866275-3386ae11-73ed\u00a0\u00bb][vc_column_text]<span style=\"font-weight: 400;\">Don&rsquo;t worry \ud83d\ude0e The Festibi\u00e8re ticket will soon be on available again. Stay tuned!<\/span><\/p>\n<p><span style=\"font-weight: 400;\">Pssst&#8230; for year-round beer lovers, we&rsquo;re also holding an exclusive pre-sale for our new winter event, The Winter Warmer \u2744 <a href=\"https:\/\/infofestibiere.com\/winter-warmer\/?lang=en\" target=\"_blank\" rel=\"noopener\"><span style=\"text-decoration: underline;\">Read more!<\/span><\/a><\/span>[\/vc_column_text][vc_btn title=\u00a0\u00bbTICKET OFFICE\u00a0\u00bb color=\u00a0\u00bbjuicy-pink\u00a0\u00bb align=\u00a0\u00bbleft\u00a0\u00bb i_icon_fontawesome=\u00a0\u00bbfa fa-ticket\u00a0\u00bb add_icon=\u00a0\u00bbtrue\u00a0\u00bb link=\u00a0\u00bburl:https%3A%2F%2Finfofestibiere.com%2Fbilletterie%2F%3Flang%3Den||target:%20_blank|\u00a0\u00bb][\/vc_tta_section][\/vc_tta_tabs][\/vc_column][\/vc_row][vc_row][vc_column css=\u00a0\u00bb.vc_custom_1651090515309{padding-top: 10px !important;}\u00a0\u00bb][vc_empty_space height=\u00a0\u00bb20px\u00a0\u00bb][vc_row_inner][vc_column_inner width=\u00a0\u00bb1\/3&Prime; css=\u00a0\u00bb.vc_custom_1651090420479{padding-top: 10px !important;}\u00a0\u00bb][vc_single_image image=\u00a0\u00bb4584&Prime; img_size=\u00a0\u00bb400&#215;300&Prime; alignment=\u00a0\u00bbcenter\u00a0\u00bb style=\u00a0\u00bbvc_box_shadow_3d\u00a0\u00bb][vc_btn title=\u00a0\u00bbCONTACT US\u00a0\u00bb color=\u00a0\u00bbjuicy-pink\u00a0\u00bb align=\u00a0\u00bbcenter\u00a0\u00bb i_icon_fontawesome=\u00a0\u00bbfa fa-phone\u00a0\u00bb add_icon=\u00a0\u00bbtrue\u00a0\u00bb link=\u00a0\u00bburl:https%3A%2F%2Finfofestibiere.com%2Fnousjoindre%2F|title:NOUS%20JOINDRE|target:%20_blank|\u00a0\u00bb][\/vc_column_inner][vc_column_inner width=\u00a0\u00bb1\/3&Prime; css=\u00a0\u00bb.vc_custom_1651090427836{padding-top: 10px !important;}\u00a0\u00bb][vc_single_image image=\u00a0\u00bb4582&Prime; img_size=\u00a0\u00bb400&#215;300&Prime; alignment=\u00a0\u00bbcenter\u00a0\u00bb style=\u00a0\u00bbvc_box_shadow_3d\u00a0\u00bb][vc_btn title=\u00a0\u00bbNEWSLETTER\u00a0\u00bb color=\u00a0\u00bbjuicy-pink\u00a0\u00bb align=\u00a0\u00bbcenter\u00a0\u00bb i_icon_fontawesome=\u00a0\u00bbfa fa-envelope\u00a0\u00bb add_icon=\u00a0\u00bbtrue\u00a0\u00bb link=\u00a0\u00bburl:http%3A%2F%2Feepurl.com%2FgrW2sD||target:%20_blank|\u00a0\u00bb][\/vc_column_inner][vc_column_inner width=\u00a0\u00bb1\/3&Prime; css=\u00a0\u00bb.vc_custom_1651090411591{padding-top: 10px !important;}\u00a0\u00bb][vc_single_image image=\u00a0\u00bb4634&Prime; img_size=\u00a0\u00bb400&#215;300&Prime; alignment=\u00a0\u00bbcenter\u00a0\u00bb style=\u00a0\u00bbvc_box_shadow_3d\u00a0\u00bb][vc_btn title=\u00a0\u00bbTICKET OFFICE\u00a0\u00bb color=\u00a0\u00bbjuicy-pink\u00a0\u00bb align=\u00a0\u00bbcenter\u00a0\u00bb i_icon_fontawesome=\u00a0\u00bbfa fa-ticket\u00a0\u00bb add_icon=\u00a0\u00bbtrue\u00a0\u00bb link=\u00a0\u00bburl:https%3A%2F%2Finfofestibiere.com%2Fbilletterie%2F||target:%20_blank|\u00a0\u00bb][\/vc_column_inner][\/vc_row_inner][vc_empty_space height=\u00a0\u00bb15px\u00a0\u00bb][vc_empty_space][\/vc_column][\/vc_row][vc_row][vc_column][vc_empty_space][\/vc_column][\/vc_row][vc_row][vc_column][vc_empty_space][vc_custom_heading text=\u00a0\u00bb<b>MEMORIES OF FESTIBI\u00c8RE<\/b>\u00a0\u00bb font_container=\u00a0\u00bbtag:h2|font_size:25|text_align:left|color:%23fc5032&Prime; google_fonts=\u00a0\u00bbfont_family:Raleway%3A100%2C200%2C300%2Cregular%2C500%2C600%2C700%2C800%2C900|font_style:300%20light%20regular%3A300%3Anormal\u00a0\u00bb][vc_empty_space height=\u00a0\u00bb20px\u00a0\u00bb][vc_video link=\u00a0\u00bbhttps:\/\/youtu.be\/860BG2ZjmUo\u00a0\u00bb align=\u00a0\u00bbcenter\u00a0\u00bb][\/vc_column][\/vc_row][vc_row][vc_column][vc_empty_space][vc_empty_space][\/vc_column][\/vc_row]<\/p>\n<\/div>","protected":false},"excerpt":{"rendered":"<p>[vc_row css=\u00a0\u00bb.vc_custom_1678291555761{padding-top: 20px !important;}\u00a0\u00bb][vc_column width=\u00a0\u00bb1\/2&Prime; css=\u00a0\u00bb.vc_custom_1678290963390{padding-top: 10px !important;}\u00a0\u00bb][vc_single_image image=\u00a0\u00bb5089&Prime; img_size=\u00a0\u00bb450&#215;450&Prime; alignment=\u00a0\u00bbcenter\u00a0\u00bb][\/vc_column][vc_column width=\u00a0\u00bb1\/2&Prime; css=\u00a0\u00bb.vc_custom_1651090515309{padding-top: 10px !important;}\u00a0\u00bb][vc_custom_heading text=\u00a0\u00bbFESTIBI\u00c8RE DE QU\u00c9BEC\u00a0\u00bb font_container=\u00a0\u00bbtag:h1|font_size:25|text_align:left|color:%23fc5032&Prime; google_fonts=\u00a0\u00bbfont_family:Raleway%3A100%2C200%2C300%2Cregular%2C500%2C600%2C700%2C800%2C900|font_style:300%20light%20regular%3A300%3Anormal\u00a0\u00bb][vc_custom_heading text=\u00a0\u00bb AUGUST 14 TO 17, 2025 | ESPACE 400E\u00a0\u00bb font_container=\u00a0\u00bbtag:h2|font_size:22|text_align:left|color:%230a0202&Prime; google_fonts=\u00a0\u00bbfont_family:Raleway%3A100%2C200%2C300%2Cregular%2C500%2C600%2C700%2C800%2C900|font_style:300%20light%20regular%3A300%3Anormal\u00a0\u00bb][vc_column_text]Like every year, the Festibi\u00e8re de Qu\u00e9bec will give you a taste of summer. The Quays of the Espace 400e will be filled with a [&hellip;]<\/p>\n","protected":false},"author":3,"featured_media":5090,"parent":0,"menu_order":0,"comment_status":"closed","ping_status":"closed","template":"","meta":{"footnotes":""},"class_list":["post-286","page","type-page","status-publish","has-post-thumbnail","hentry"],"yoast_head":"<!-- This site is optimized with the Yoast SEO plugin v27.2 - https:\/\/yoast.com\/product\/yoast-seo-wordpress\/ -->\n<title>Le Festibi\u00e8re de Qu\u00e9bec - Quais de l&#039;espace 400e<\/title>\n<meta name=\"description\" content=\"The Festibi\u00e8re de Qu\u00e9bec will give you a taste of summer from August 14 to 17, 2025! Come to the Quays of the Espace 400e for your favorite beer event.\" \/>\n<meta name=\"robots\" content=\"index, follow, max-snippet:-1, max-image-preview:large, max-video-preview:-1\" \/>\n<link rel=\"canonical\" href=\"https:\/\/infofestibiere.com\/quebec\/?lang=en\" \/>\n<meta property=\"og:locale\" content=\"fr_FR\" \/>\n<meta property=\"og:type\" content=\"article\" \/>\n<meta property=\"og:title\" content=\"Le Festibi\u00e8re de Qu\u00e9bec - Quais de l&#039;espace 400e\" \/>\n<meta property=\"og:description\" content=\"The Festibi\u00e8re de Qu\u00e9bec will give you a taste of summer from August 14 to 17, 2025! Come to the Quays of the Espace 400e for your favorite beer event.\" \/>\n<meta property=\"og:url\" content=\"https:\/\/infofestibiere.com\/quebec\/?lang=en\" \/>\n<meta property=\"og:site_name\" content=\"de Qu\u00e9bec\" \/>\n<meta property=\"article:modified_time\" content=\"2025-01-30T15:42:44+00:00\" \/>\n<meta property=\"og:image\" content=\"https:\/\/infofestibiere.com\/quebec\/wp-content\/uploads\/sites\/2\/2024\/09\/FBQ-2025.png\" \/>\n\t<meta property=\"og:image:width\" content=\"1080\" \/>\n\t<meta property=\"og:image:height\" content=\"1080\" \/>\n\t<meta property=\"og:image:type\" content=\"image\/png\" \/>\n<meta name=\"twitter:card\" content=\"summary_large_image\" \/>\n<meta name=\"twitter:label1\" content=\"Dur\u00e9e de lecture estim\u00e9e\" \/>\n\t<meta name=\"twitter:data1\" content=\"3 minutes\" \/>\n<script type=\"application\/ld+json\" class=\"yoast-schema-graph\">{\"@context\":\"https:\/\/schema.org\",\"@graph\":[{\"@type\":\"WebPage\",\"@id\":\"https:\/\/infofestibiere.com\/quebec\/?lang=en\",\"url\":\"https:\/\/infofestibiere.com\/quebec\/?lang=en\",\"name\":\"Le Festibi\u00e8re de Qu\u00e9bec - Quais de l'espace 400e\",\"isPartOf\":{\"@id\":\"https:\/\/infofestibiere.com\/quebec\/#website\"},\"primaryImageOfPage\":{\"@id\":\"https:\/\/infofestibiere.com\/quebec\/?lang=en#primaryimage\"},\"image\":{\"@id\":\"https:\/\/infofestibiere.com\/quebec\/?lang=en#primaryimage\"},\"thumbnailUrl\":\"https:\/\/infofestibiere.com\/quebec\/wp-content\/uploads\/sites\/2\/2024\/09\/FBQ-2025.png\",\"datePublished\":\"2017-04-24T20:16:48+00:00\",\"dateModified\":\"2025-01-30T15:42:44+00:00\",\"description\":\"The Festibi\u00e8re de Qu\u00e9bec will give you a taste of summer from August 14 to 17, 2025! Come to the Quays of the Espace 400e for your favorite beer event.\",\"breadcrumb\":{\"@id\":\"https:\/\/infofestibiere.com\/quebec\/?lang=en#breadcrumb\"},\"inLanguage\":\"fr-FR\",\"potentialAction\":[{\"@type\":\"ReadAction\",\"target\":[\"https:\/\/infofestibiere.com\/quebec\/?lang=en\"]}]},{\"@type\":\"ImageObject\",\"inLanguage\":\"fr-FR\",\"@id\":\"https:\/\/infofestibiere.com\/quebec\/?lang=en#primaryimage\",\"url\":\"https:\/\/infofestibiere.com\/quebec\/wp-content\/uploads\/sites\/2\/2024\/09\/FBQ-2025.png\",\"contentUrl\":\"https:\/\/infofestibiere.com\/quebec\/wp-content\/uploads\/sites\/2\/2024\/09\/FBQ-2025.png\",\"width\":1080,\"height\":1080},{\"@type\":\"BreadcrumbList\",\"@id\":\"https:\/\/infofestibiere.com\/quebec\/?lang=en#breadcrumb\",\"itemListElement\":[{\"@type\":\"ListItem\",\"position\":1,\"name\":\"Accueil\",\"item\":\"https:\/\/infofestibiere.com\/quebec\/\"},{\"@type\":\"ListItem\",\"position\":2,\"name\":\"ACCUEIL\"}]},{\"@type\":\"WebSite\",\"@id\":\"https:\/\/infofestibiere.com\/quebec\/#website\",\"url\":\"https:\/\/infofestibiere.com\/quebec\/\",\"name\":\"de Qu\u00e9bec\",\"description\":\"Go\u00fbter l&#039;\u00e9t\u00e9!\",\"potentialAction\":[{\"@type\":\"SearchAction\",\"target\":{\"@type\":\"EntryPoint\",\"urlTemplate\":\"https:\/\/infofestibiere.com\/quebec\/?s={search_term_string}\"},\"query-input\":{\"@type\":\"PropertyValueSpecification\",\"valueRequired\":true,\"valueName\":\"search_term_string\"}}],\"inLanguage\":\"fr-FR\"}]}<\/script>\n<!-- \/ Yoast SEO plugin. -->","yoast_head_json":{"title":"Le Festibi\u00e8re de Qu\u00e9bec - Quais de l'espace 400e","description":"The Festibi\u00e8re de Qu\u00e9bec will give you a taste of summer from August 14 to 17, 2025! Come to the Quays of the Espace 400e for your favorite beer event.","robots":{"index":"index","follow":"follow","max-snippet":"max-snippet:-1","max-image-preview":"max-image-preview:large","max-video-preview":"max-video-preview:-1"},"canonical":"https:\/\/infofestibiere.com\/quebec\/?lang=en","og_locale":"fr_FR","og_type":"article","og_title":"Le Festibi\u00e8re de Qu\u00e9bec - Quais de l'espace 400e","og_description":"The Festibi\u00e8re de Qu\u00e9bec will give you a taste of summer from August 14 to 17, 2025! Come to the Quays of the Espace 400e for your favorite beer event.","og_url":"https:\/\/infofestibiere.com\/quebec\/?lang=en","og_site_name":"de Qu\u00e9bec","article_modified_time":"2025-01-30T15:42:44+00:00","og_image":[{"width":1080,"height":1080,"url":"https:\/\/infofestibiere.com\/quebec\/wp-content\/uploads\/sites\/2\/2024\/09\/FBQ-2025.png","type":"image\/png"}],"twitter_card":"summary_large_image","twitter_misc":{"Dur\u00e9e de lecture estim\u00e9e":"3 minutes"},"schema":{"@context":"https:\/\/schema.org","@graph":[{"@type":"WebPage","@id":"https:\/\/infofestibiere.com\/quebec\/?lang=en","url":"https:\/\/infofestibiere.com\/quebec\/?lang=en","name":"Le Festibi\u00e8re de Qu\u00e9bec - Quais de l'espace 400e","isPartOf":{"@id":"https:\/\/infofestibiere.com\/quebec\/#website"},"primaryImageOfPage":{"@id":"https:\/\/infofestibiere.com\/quebec\/?lang=en#primaryimage"},"image":{"@id":"https:\/\/infofestibiere.com\/quebec\/?lang=en#primaryimage"},"thumbnailUrl":"https:\/\/infofestibiere.com\/quebec\/wp-content\/uploads\/sites\/2\/2024\/09\/FBQ-2025.png","datePublished":"2017-04-24T20:16:48+00:00","dateModified":"2025-01-30T15:42:44+00:00","description":"The Festibi\u00e8re de Qu\u00e9bec will give you a taste of summer from August 14 to 17, 2025! Come to the Quays of the Espace 400e for your favorite beer event.","breadcrumb":{"@id":"https:\/\/infofestibiere.com\/quebec\/?lang=en#breadcrumb"},"inLanguage":"fr-FR","potentialAction":[{"@type":"ReadAction","target":["https:\/\/infofestibiere.com\/quebec\/?lang=en"]}]},{"@type":"ImageObject","inLanguage":"fr-FR","@id":"https:\/\/infofestibiere.com\/quebec\/?lang=en#primaryimage","url":"https:\/\/infofestibiere.com\/quebec\/wp-content\/uploads\/sites\/2\/2024\/09\/FBQ-2025.png","contentUrl":"https:\/\/infofestibiere.com\/quebec\/wp-content\/uploads\/sites\/2\/2024\/09\/FBQ-2025.png","width":1080,"height":1080},{"@type":"BreadcrumbList","@id":"https:\/\/infofestibiere.com\/quebec\/?lang=en#breadcrumb","itemListElement":[{"@type":"ListItem","position":1,"name":"Accueil","item":"https:\/\/infofestibiere.com\/quebec\/"},{"@type":"ListItem","position":2,"name":"ACCUEIL"}]},{"@type":"WebSite","@id":"https:\/\/infofestibiere.com\/quebec\/#website","url":"https:\/\/infofestibiere.com\/quebec\/","name":"de Qu\u00e9bec","description":"Go\u00fbter l&#039;\u00e9t\u00e9!","potentialAction":[{"@type":"SearchAction","target":{"@type":"EntryPoint","urlTemplate":"https:\/\/infofestibiere.com\/quebec\/?s={search_term_string}"},"query-input":{"@type":"PropertyValueSpecification","valueRequired":true,"valueName":"search_term_string"}}],"inLanguage":"fr-FR"}]}},"_links":{"self":[{"href":"https:\/\/infofestibiere.com\/quebec\/wp-json\/wp\/v2\/pages\/286","targetHints":{"allow":["GET"]}}],"collection":[{"href":"https:\/\/infofestibiere.com\/quebec\/wp-json\/wp\/v2\/pages"}],"about":[{"href":"https:\/\/infofestibiere.com\/quebec\/wp-json\/wp\/v2\/types\/page"}],"author":[{"embeddable":true,"href":"https:\/\/infofestibiere.com\/quebec\/wp-json\/wp\/v2\/users\/3"}],"replies":[{"embeddable":true,"href":"https:\/\/infofestibiere.com\/quebec\/wp-json\/wp\/v2\/comments?post=286"}],"version-history":[{"count":59,"href":"https:\/\/infofestibiere.com\/quebec\/wp-json\/wp\/v2\/pages\/286\/revisions"}],"predecessor-version":[{"id":5123,"href":"https:\/\/infofestibiere.com\/quebec\/wp-json\/wp\/v2\/pages\/286\/revisions\/5123"}],"wp:featuredmedia":[{"embeddable":true,"href":"https:\/\/infofestibiere.com\/quebec\/wp-json\/wp\/v2\/media\/5090"}],"wp:attachment":[{"href":"https:\/\/infofestibiere.com\/quebec\/wp-json\/wp\/v2\/media?parent=286"}],"curies":[{"name":"wp","href":"https:\/\/api.w.org\/{rel}","templated":true}]}}