{"id":1859,"date":"2019-06-30T19:47:54","date_gmt":"2019-06-30T17:47:54","guid":{"rendered":"https:\/\/infofestibiere.com\/quebec\/?page_id=1859"},"modified":"2025-08-19T19:06:36","modified_gmt":"2025-08-19T17:06:36","slug":"cuisine-de-rue","status":"publish","type":"page","link":"https:\/\/infofestibiere.com\/quebec\/cuisine-de-rue\/","title":{"rendered":"Cuisine de rue"},"content":{"rendered":"<div class=\"wpb-content-wrapper\"><p>[vc_row css=\u00a0\u00bb.vc_custom_1526580245042{padding-top: 40px !important;}\u00a0\u00bb][vc_column][vc_message message_box_color=\u00a0\u00bbdanger\u00a0\u00bb icon_fontawesome=\u00a0\u00bbfa fa-heart\u00a0\u00bb]<span style=\"font-weight: 400;\"><strong>\u00c0 L\u2019AN PROCHAIN QU\u00c9BEC <\/strong>\ud83c\udf7a\ud83c\udf78\ud83c\udfb6 \ud83c\udf1e \u2013 Merci pour la fin de semaine de feu! Le Festibi\u00e8re de Qu\u00e9bec est maintenant termin\u00e9, mais s\u00e8che tes larmes\u2026 on se revoit en 2026 pour encore + de fun, + de saveurs &amp; + de festivit\u00e9s. Cheers!<\/span>[\/vc_message][vc_custom_heading text=\u00a0\u00bb<b>CUISINE DE RUE<\/b>\u00a0\u00bb font_container=\u00a0\u00bbtag:h1|font_size:30|text_align:center|color:%23fc5032&Prime; use_theme_fonts=\u00a0\u00bbyes\u00a0\u00bb][vc_custom_heading text=\u00a0\u00bb<b>Le duo parfait: Une bonne bouffe &amp; un verre \u00e0 la main!<\/b>\u00a0\u00bb font_container=\u00a0\u00bbtag:h2|font_size:16|text_align:center\u00a0\u00bb use_theme_fonts=\u00a0\u00bbyes\u00a0\u00bb][vc_column_text]<\/p>\n<p style=\"text-align: center;\">D\u00e9couvre la s\u00e9lection de\u00a0<strong>foodtrucks<\/strong>\u00a0et de\u00a0<strong>restaurateurs\u00a0<\/strong>pr\u00e9sents dans la Zone gourmande Archibald Microbrasserie!<\/p>\n<p>[\/vc_column_text][vc_row_inner][vc_column_inner width=\u00a0\u00bb1\/4&Prime;][\/vc_column_inner][vc_column_inner width=\u00a0\u00bb1\/4&Prime;][vc_single_image image=\u00a0\u00bb3171&Prime; img_size=\u00a0\u00bb322&#215;150&Prime; alignment=\u00a0\u00bbcenter\u00a0\u00bb][\/vc_column_inner][vc_column_inner width=\u00a0\u00bb1\/4&Prime;][vc_empty_space][vc_btn title=\u00a0\u00bbPlan de site\u00a0\u00bb align=\u00a0\u00bbcenter\u00a0\u00bb i_icon_fontawesome=\u00a0\u00bbfa fa-map\u00a0\u00bb add_icon=\u00a0\u00bbtrue\u00a0\u00bb link=\u00a0\u00bburl:https%3A%2F%2Finfofestibiere.com%2Fquebec%2Fwp-content%2Fuploads%2Fsites%2F2%2F2025%2F08%2FFBQ25_plan-site.pdf||target:%20_blank|\u00a0\u00bb][\/vc_column_inner][vc_column_inner width=\u00a0\u00bb1\/4&Prime;][\/vc_column_inner][\/vc_row_inner][\/vc_column][\/vc_row][vc_row css=\u00a0\u00bb.vc_custom_1683069766137{padding-top: 25px !important;}\u00a0\u00bb][vc_column][vc_separator color=\u00a0\u00bbcustom\u00a0\u00bb css=\u00a0\u00bb.vc_custom_1721252640136{padding-bottom: 10px !important;}\u00a0\u00bb accent_color=\u00a0\u00bb#fc5032&Prime;][vc_column_text]<\/p>\n<p style=\"text-align: center;\">\ud83c\udf43 Options v\u00e9g\u00e9tariennes ou v\u00e9ganes \/\/ \ud83c\udf3e Options sans gluten<\/p>\n<p style=\"text-align: center;\"><i>Clique sur les encadr\u00e9s pour conna\u00eetre le menu\ud83d\udc47<\/i><\/p>\n<p>[\/vc_column_text][vc_empty_space height=\u00a0\u00bb15px\u00a0\u00bb][\/vc_column][\/vc_row][vc_row][vc_column width=\u00a0\u00bb1\/3&Prime; css=\u00a0\u00bb.vc_custom_1683082224234{padding-top: 10px !important;}\u00a0\u00bb][vc_tta_accordion style=\u00a0\u00bboutline\u00a0\u00bb color=\u00a0\u00bbjuicy-pink\u00a0\u00bb c_align=\u00a0\u00bbcenter\u00a0\u00bb c_icon=\u00a0\u00bb\u00a0\u00bb active_section=\u00a0\u00bb11&Prime; collapsible_all=\u00a0\u00bbtrue\u00a0\u00bb][vc_tta_section title=\u00a0\u00bb<b>BLEU HOMARD<\/b>\u00a0\u00bb tab_id=\u00a0\u00bb1683082020703-b7deb1ff-311c\u00a0\u00bb][vc_column_text]<\/p>\n<ul>\n<li>Poutine au homard<\/li>\n<li>Gu\u00e9dille: homard ou crevettes<\/li>\n<li>Burger de crab cakes<\/li>\n<li>Calmars frits<\/li>\n<li>Beignet de morue<\/li>\n<li>Crevettes popcorn<\/li>\n<li>Frites<\/li>\n<\/ul>\n<p>[\/vc_column_text][\/vc_tta_section][\/vc_tta_accordion][\/vc_column][vc_column width=\u00a0\u00bb1\/3&Prime; css=\u00a0\u00bb.vc_custom_1683082219435{padding-top: 10px !important;}\u00a0\u00bb][vc_tta_accordion style=\u00a0\u00bboutline\u00a0\u00bb color=\u00a0\u00bbjuicy-pink\u00a0\u00bb c_align=\u00a0\u00bbcenter\u00a0\u00bb c_icon=\u00a0\u00bb\u00a0\u00bb active_section=\u00a0\u00bb53&Prime; collapsible_all=\u00a0\u00bbtrue\u00a0\u00bb][vc_tta_section title=\u00a0\u00bb<b>BOLS ET POK\u00c9<\/b> \ud83c\udf3e \ud83c\udf43\u00a0\u00bb tab_id=\u00a0\u00bb1689804370838-eb6a9d5c-4544&Prime;][vc_column_text]<\/p>\n<ul>\n<li>Poke saumon (edamames, concombres, gingembre)<\/li>\n<li>Poke crevettes (concombres, salade de chou asiatique)<\/li>\n<li>Poke porc (carottes, concombres, oignons rouges marin\u00e9s, jerky)<\/li>\n<li>Poke tofu \ud83c\udf43 (Salade d\u2019edamames, chou rouge, carottes)<\/li>\n<\/ul>\n<p>Ingr\u00e9dients de base: riz, crunch mix, avocat, oignons vert &amp; s\u00e9same<\/p>\n<p>Sauces: miso, s\u00e9same, lime, \u00e9pic\u00e9, \u00e9rable<\/p>\n<p>\ud83c\udf3e Options sans gluten \u00e0 valider avec l\u2019exposant directement sur place.[\/vc_column_text][\/vc_tta_section][\/vc_tta_accordion][\/vc_column][vc_column width=\u00a0\u00bb1\/3&Prime; css=\u00a0\u00bb.vc_custom_1683082214806{padding-top: 10px !important;}\u00a0\u00bb][vc_tta_accordion style=\u00a0\u00bboutline\u00a0\u00bb color=\u00a0\u00bbjuicy-pink\u00a0\u00bb c_align=\u00a0\u00bbcenter\u00a0\u00bb c_icon=\u00a0\u00bb\u00a0\u00bb active_section=\u00a0\u00bb52&Prime; collapsible_all=\u00a0\u00bbtrue\u00a0\u00bb][vc_tta_section title=\u00a0\u00bb<b>BOUTIQUE CANDY QUEST<\/b> \u00a0\u00bb tab_id=\u00a0\u00bb1689804370961-40ae6674-de01&Prime;][vc_column_text]Menu \u00e0 venir![\/vc_column_text][\/vc_tta_section][\/vc_tta_accordion][\/vc_column][\/vc_row][vc_row][vc_column width=\u00a0\u00bb1\/3&Prime; css=\u00a0\u00bb.vc_custom_1683082214806{padding-top: 10px !important;}\u00a0\u00bb][vc_tta_accordion style=\u00a0\u00bboutline\u00a0\u00bb color=\u00a0\u00bbjuicy-pink\u00a0\u00bb c_align=\u00a0\u00bbcenter\u00a0\u00bb c_icon=\u00a0\u00bb\u00a0\u00bb active_section=\u00a0\u00bb52&Prime; collapsible_all=\u00a0\u00bbtrue\u00a0\u00bb][vc_tta_section title=\u00a0\u00bb<b>CHEZ DENISE<\/b> \ud83c\udf43\u00a0\u00bb tab_id=\u00a0\u00bb1754415652356-92d75b54-539b\u00a0\u00bb][vc_column_text]<\/p>\n<ul>\n<li>Burger<\/li>\n<li>Mac and cheese \ud83c\udf43<\/li>\n<li>Hot dogs<\/li>\n<li>Guedille<\/li>\n<li>Croquette de mac and cheese \ud83c\udf43<\/li>\n<li>Mini pogo<\/li>\n<li>Desserts<\/li>\n<\/ul>\n<p>[\/vc_column_text][\/vc_tta_section][\/vc_tta_accordion][\/vc_column][vc_column width=\u00a0\u00bb1\/3&Prime; css=\u00a0\u00bb.vc_custom_1683082219435{padding-top: 10px !important;}\u00a0\u00bb][vc_tta_accordion style=\u00a0\u00bboutline\u00a0\u00bb color=\u00a0\u00bbjuicy-pink\u00a0\u00bb c_align=\u00a0\u00bbcenter\u00a0\u00bb c_icon=\u00a0\u00bb\u00a0\u00bb active_section=\u00a0\u00bb54&Prime; collapsible_all=\u00a0\u00bbtrue\u00a0\u00bb][vc_tta_section title=\u00a0\u00bb<b>CHUMRROS<\/b>\u00a0\u00bb tab_id=\u00a0\u00bb1689818111142-0a8adc59-bddc\u00a0\u00bb][vc_column_text]<\/p>\n<ul>\n<li>Churros<\/li>\n<li>Trempettes dulce ou chocolat<\/li>\n<\/ul>\n<p>[\/vc_column_text][\/vc_tta_section][\/vc_tta_accordion][\/vc_column][vc_column width=\u00a0\u00bb1\/3&Prime; css=\u00a0\u00bb.vc_custom_1683082224234{padding-top: 10px !important;}\u00a0\u00bb][vc_tta_accordion style=\u00a0\u00bboutline\u00a0\u00bb color=\u00a0\u00bbjuicy-pink\u00a0\u00bb c_align=\u00a0\u00bbcenter\u00a0\u00bb c_icon=\u00a0\u00bb\u00a0\u00bb active_section=\u00a0\u00bb54&Prime; collapsible_all=\u00a0\u00bbtrue\u00a0\u00bb][vc_tta_section title=\u00a0\u00bb<b>D\u00c9LICES &amp; FANTAISIES<\/b>\u00a0\u00bb tab_id=\u00a0\u00bb1689804371074-a7abb05c-ff25&Prime;][vc_column_text]Menu \u00e0 venir![\/vc_column_text][\/vc_tta_section][\/vc_tta_accordion][\/vc_column][\/vc_row][vc_row][vc_column width=\u00a0\u00bb1\/3&Prime; css=\u00a0\u00bb.vc_custom_1683082214806{padding-top: 10px !important;}\u00a0\u00bb][vc_tta_accordion style=\u00a0\u00bboutline\u00a0\u00bb color=\u00a0\u00bbjuicy-pink\u00a0\u00bb c_align=\u00a0\u00bbcenter\u00a0\u00bb c_icon=\u00a0\u00bb\u00a0\u00bb active_section=\u00a0\u00bb54&Prime; collapsible_all=\u00a0\u00bbtrue\u00a0\u00bb][vc_tta_section title=\u00a0\u00bb<b>LA MADRINA &#8211; BOUFFE DE RUE<\/b> \ud83c\udf3e\ud83c\udf43\u00a0\u00bb tab_id=\u00a0\u00bb1754496708878-01fea2c9-a10c\u00a0\u00bb][vc_column_text]<\/p>\n<ul>\n<li>\n<div class=\"ewa-rteLine\">Tacos:<\/div>\n<ul>\n<li>\n<div class=\"ewa-rteLine\">porc,<\/div>\n<\/li>\n<li>\n<div class=\"ewa-rteLine\">poulet,<\/div>\n<\/li>\n<li>\n<div class=\"ewa-rteLine\">tofu \ud83c\udf43<\/div>\n<\/li>\n<li>\n<div class=\"ewa-rteLine\">p\u00eache du moment<\/div>\n<\/li>\n<\/ul>\n<\/li>\n<li>\n<div class=\"ewa-rteLine\">Burritos<\/div>\n<ul>\n<li>\n<div class=\"ewa-rteLine\">porc,<\/div>\n<\/li>\n<li>\n<div class=\"ewa-rteLine\">poulet<\/div>\n<\/li>\n<li>\n<div class=\"ewa-rteLine\">tofu \ud83c\udf43<\/div>\n<\/li>\n<\/ul>\n<\/li>\n<li>\n<div class=\"ewa-rteLine\">Nachos<\/div>\n<\/li>\n<li>\n<div class=\"ewa-rteLine\">Slush<\/div>\n<\/li>\n<\/ul>\n<p>\ud83c\udf3e Options sans gluten \u00e0 valider avec l\u2019exposant directement sur place.[\/vc_column_text][\/vc_tta_section][\/vc_tta_accordion][\/vc_column][vc_column width=\u00a0\u00bb1\/3&Prime; css=\u00a0\u00bb.vc_custom_1683082224234{padding-top: 10px !important;}\u00a0\u00bb][vc_tta_accordion style=\u00a0\u00bboutline\u00a0\u00bb color=\u00a0\u00bbjuicy-pink\u00a0\u00bb c_align=\u00a0\u00bbcenter\u00a0\u00bb c_icon=\u00a0\u00bb\u00a0\u00bb active_section=\u00a0\u00bb52&Prime; collapsible_all=\u00a0\u00bbtrue\u00a0\u00bb][vc_tta_section title=\u00a0\u00bb<b>LA SHOP &#8211; CUISINE DE RUE<\/b> \ud83c\udf43\u00a0\u00bb tab_id=\u00a0\u00bb1689804652950-c8b1737a-ca3c\u00a0\u00bb][vc_column_text]<\/p>\n<ul>\n<li>Bols de riz shish<\/li>\n<li>Nachos<\/li>\n<li>Shish<\/li>\n<li>Salade shish<\/li>\n<li>Burgers de boeuf AAA (3 options)<\/li>\n<li>Burger V\u00e9g\u00e9 \ud83c\udf43<\/li>\n<li>Burger porc effiloch\u00e9<\/li>\n<\/ul>\n<p>[\/vc_column_text][\/vc_tta_section][\/vc_tta_accordion][\/vc_column][vc_column width=\u00a0\u00bb1\/3&Prime; css=\u00a0\u00bb.vc_custom_1683082219435{padding-top: 10px !important;}\u00a0\u00bb][vc_tta_accordion style=\u00a0\u00bboutline\u00a0\u00bb color=\u00a0\u00bbjuicy-pink\u00a0\u00bb c_align=\u00a0\u00bbcenter\u00a0\u00bb c_icon=\u00a0\u00bb\u00a0\u00bb active_section=\u00a0\u00bb52&Prime; collapsible_all=\u00a0\u00bbtrue\u00a0\u00bb][vc_tta_section title=\u00a0\u00bb<b>LE FOODTRUCK JAUNE<\/b> \u00a0\u00bb tab_id=\u00a0\u00bb1689804503373-5fe16fcb-f55b\u00a0\u00bb][vc_column_text]<\/p>\n<ul>\n<li>\n<div class=\"ewa-rteLine\">Frites<\/div>\n<\/li>\n<li>\n<div class=\"ewa-rteLine\">Frites sauce<\/div>\n<\/li>\n<li>\n<div class=\"ewa-rteLine\">Poutine (option ajout steak hach\u00e9 et\/ou saucisse)<\/div>\n<\/li>\n<li>\n<div class=\"ewa-rteLine\">Pogo,<\/div>\n<\/li>\n<li>\n<div class=\"ewa-rteLine\">Cheeseburger (garni)<\/div>\n<\/li>\n<li>\n<div class=\"ewa-rteLine\">Hamburger (garni)<\/div>\n<\/li>\n<li>\n<div class=\"ewa-rteLine\">Hot-dogs (grill\u00e9 ou garni avec salade de chou et oignons)<\/div>\n<\/li>\n<li>\n<div class=\"ewa-rteLine\">Filets de poulet<\/div>\n<\/li>\n<\/ul>\n<p>[\/vc_column_text][\/vc_tta_section][\/vc_tta_accordion][\/vc_column][\/vc_row][vc_row][vc_column width=\u00a0\u00bb1\/3&Prime; css=\u00a0\u00bb.vc_custom_1754415742666{padding-top: 10px !important;}\u00a0\u00bb][vc_tta_accordion style=\u00a0\u00bboutline\u00a0\u00bb color=\u00a0\u00bbjuicy-pink\u00a0\u00bb c_align=\u00a0\u00bbcenter\u00a0\u00bb c_icon=\u00a0\u00bb\u00a0\u00bb active_section=\u00a0\u00bb54&Prime; collapsible_all=\u00a0\u00bbtrue\u00a0\u00bb][vc_tta_section title=\u00a0\u00bb<b>OH MON KOGO! STREET FOOD<\/b> \ud83c\udf43\u00a0\u00bb tab_id=\u00a0\u00bb1689818161117-b62d41cc-f496&Prime;][vc_column_text]<\/p>\n<ul>\n<li>Pogos: Patates, Mozza, Mozza Saucisse, Ramen, Chorizo, Tomates et basilic<\/li>\n<\/ul>\n<p>\ud83c\udf43 Options v\u00e9g\u00e9tariennes &amp; v\u00e9ganes \u00e0 valider avec l\u2019exposant directement sur place.[\/vc_column_text][\/vc_tta_section][\/vc_tta_accordion][\/vc_column][vc_column width=\u00a0\u00bb1\/3&Prime; css=\u00a0\u00bb.vc_custom_1754415737846{padding-top: 10px !important;}\u00a0\u00bb][vc_tta_accordion style=\u00a0\u00bboutline\u00a0\u00bb color=\u00a0\u00bbjuicy-pink\u00a0\u00bb c_align=\u00a0\u00bbcenter\u00a0\u00bb c_icon=\u00a0\u00bb\u00a0\u00bb active_section=\u00a0\u00bb52&Prime; collapsible_all=\u00a0\u00bbtrue\u00a0\u00bb][vc_tta_section title=\u00a0\u00bb<b>PIZZERIA NO.900<\/b> \ud83c\udf43\u00a0\u00bb tab_id=\u00a0\u00bb1689804503506-04dab12f-68a8&Prime;][vc_column_text]<\/p>\n<ul>\n<li class=\"ewa-rteLine\">Arancini \u00e9pinards &amp; ricotta (v\u00e9g\u00e9) \ud83c\udf43<\/li>\n<li class=\"ewa-rteLine\">Polpettes<\/li>\n<li class=\"ewa-rteLine\">Pizza margherita (v\u00e9g\u00e9) &#8211; option vegan possible \ud83c\udf43<\/li>\n<li class=\"ewa-rteLine\">Pizza salami<\/li>\n<\/ul>\n<p>\ud83c\udf43 Options v\u00e9ganes \u00e0 valider avec l\u2019exposant directement sur place.[\/vc_column_text][\/vc_tta_section][\/vc_tta_accordion][\/vc_column][vc_column width=\u00a0\u00bb1\/3&Prime; css=\u00a0\u00bb.vc_custom_1723491634407{padding-top: 10px !important;}\u00a0\u00bb][vc_tta_accordion style=\u00a0\u00bboutline\u00a0\u00bb color=\u00a0\u00bbjuicy-pink\u00a0\u00bb c_align=\u00a0\u00bbcenter\u00a0\u00bb c_icon=\u00a0\u00bb\u00a0\u00bb active_section=\u00a0\u00bb54&Prime; collapsible_all=\u00a0\u00bbtrue\u00a0\u00bb][vc_tta_section title=\u00a0\u00bb<b>SHAWBRIDGE<\/b> \ud83c\udf43\u00a0\u00bb tab_id=\u00a0\u00bb1723491635699-1ded921b-4d79&Prime;][vc_column_text]<\/p>\n<ul>\n<li>Frites<\/li>\n<li>Pizza<\/li>\n<li>Smoked meat<\/li>\n<li>Hot dog pimp\u00e9<\/li>\n<li>Gelato 4 oz<\/li>\n<\/ul>\n<p>\ud83c\udf43 Options v\u00e9g\u00e9tariennes \u00e0 valider avec l\u2019exposant directement sur place.[\/vc_column_text][\/vc_tta_section][\/vc_tta_accordion][\/vc_column][\/vc_row][vc_row][vc_column width=\u00a0\u00bb1\/3&Prime; css=\u00a0\u00bb.vc_custom_1754415742666{padding-top: 10px !important;}\u00a0\u00bb][vc_tta_accordion style=\u00a0\u00bboutline\u00a0\u00bb color=\u00a0\u00bbjuicy-pink\u00a0\u00bb c_align=\u00a0\u00bbcenter\u00a0\u00bb c_icon=\u00a0\u00bb\u00a0\u00bb active_section=\u00a0\u00bb54&Prime; collapsible_all=\u00a0\u00bbtrue\u00a0\u00bb][vc_tta_section title=\u00a0\u00bb<b>QUEUES DE CASTOR<\/b> \ud83c\udf43\u00a0\u00bb tab_id=\u00a0\u00bb1754496790025-309bda66-0010&Prime;][vc_column_text]<\/p>\n<ul>\n<li>Queues de castor<\/li>\n<li>Boisson glac\u00e9e fraise et citron<\/li>\n<\/ul>\n<p>\ud83c\udf43 Options v\u00e9g\u00e9tariennes &amp; v\u00e9ganes[\/vc_column_text][\/vc_tta_section][\/vc_tta_accordion][\/vc_column][\/vc_row][vc_row css=\u00a0\u00bb.vc_custom_1651075213751{padding-top: 40px !important;}\u00a0\u00bb][vc_column width=\u00a0\u00bb1\/3&Prime; css=\u00a0\u00bb.vc_custom_1651110277664{padding-top: 10px !important;}\u00a0\u00bb][vc_single_image image=\u00a0\u00bb4761&Prime; img_size=\u00a0\u00bb300&#215;300&Prime; alignment=\u00a0\u00bbcenter\u00a0\u00bb][\/vc_column][vc_column width=\u00a0\u00bb1\/3&Prime; css=\u00a0\u00bb.vc_custom_1651110285889{padding-top: 10px !important;}\u00a0\u00bb][vc_single_image image=\u00a0\u00bb5292&Prime; img_size=\u00a0\u00bb300&#215;300&Prime; alignment=\u00a0\u00bbcenter\u00a0\u00bb][\/vc_column][vc_column width=\u00a0\u00bb1\/3&Prime; css=\u00a0\u00bb.vc_custom_1651110293972{padding-top: 10px !important;}\u00a0\u00bb][vc_single_image image=\u00a0\u00bb5286&Prime; img_size=\u00a0\u00bb300&#215;300&Prime; alignment=\u00a0\u00bbcenter\u00a0\u00bb][\/vc_column][\/vc_row][vc_row css=\u00a0\u00bb.vc_custom_1651075213751{padding-top: 40px !important;}\u00a0\u00bb][vc_column][vc_separator color=\u00a0\u00bbcustom\u00a0\u00bb accent_color=\u00a0\u00bb#fc5032&Prime;][vc_column_text]<\/p>\n<p style=\"text-align: center;\">*Sujet \u00e0 changement sans pr\u00e9avis*<\/p>\n<p>[\/vc_column_text][\/vc_column][\/vc_row][vc_row css=\u00a0\u00bb.vc_custom_1651075190718{padding-top: 40px !important;}\u00a0\u00bb][vc_column width=\u00a0\u00bb1\/3&Prime;][vc_btn title=\u00a0\u00bbExposants\u00a0\u00bb color=\u00a0\u00bbjuicy-pink\u00a0\u00bb align=\u00a0\u00bbcenter\u00a0\u00bb link=\u00a0\u00bburl:https%3A%2F%2Finfofestibiere.com%2Fquebec%2Fexposants%2F|title:Microbrasseries||\u00a0\u00bb][\/vc_column][vc_column width=\u00a0\u00bb1\/3&Prime;][vc_btn title=\u00a0\u00bbBoissons alternatives\u00a0\u00bb color=\u00a0\u00bbjuicy-pink\u00a0\u00bb align=\u00a0\u00bbcenter\u00a0\u00bb link=\u00a0\u00bburl:https%3A%2F%2Finfofestibiere.com%2Fquebec%2Fboisson-alternative%2F|title:Boisson%20alternative||\u00a0\u00bb][\/vc_column][vc_column width=\u00a0\u00bb1\/3&Prime;][vc_btn title=\u00a0\u00bbBilletterie\u00a0\u00bb color=\u00a0\u00bbjuicy-pink\u00a0\u00bb align=\u00a0\u00bbcenter\u00a0\u00bb link=\u00a0\u00bburl:https%3A%2F%2Finfofestibiere.com%2Fbilletterie%2F||target:%20_blank|\u00a0\u00bb][\/vc_column][\/vc_row][vc_row][vc_column][vc_empty_space][\/vc_column][\/vc_row]<\/p>\n<\/div>","protected":false},"excerpt":{"rendered":"<p>[vc_row css=\u00a0\u00bb.vc_custom_1526580245042{padding-top: 40px !important;}\u00a0\u00bb][vc_column][vc_message message_box_color=\u00a0\u00bbdanger\u00a0\u00bb icon_fontawesome=\u00a0\u00bbfa fa-heart\u00a0\u00bb]\u00c0 L\u2019AN PROCHAIN QU\u00c9BEC \ud83c\udf7a\ud83c\udf78\ud83c\udfb6 \ud83c\udf1e \u2013 Merci pour la fin de semaine de feu! Le Festibi\u00e8re de Qu\u00e9bec est maintenant termin\u00e9, mais s\u00e8che tes larmes\u2026 on se revoit en 2026 pour encore + de fun, + de saveurs &amp; + de festivit\u00e9s. Cheers![\/vc_message][vc_custom_heading text=\u00a0\u00bbCUISINE DE RUE\u00a0\u00bb font_container=\u00a0\u00bbtag:h1|font_size:30|text_align:center|color:%23fc5032&Prime; use_theme_fonts=\u00a0\u00bbyes\u00a0\u00bb][vc_custom_heading [&hellip;]<\/p>\n","protected":false},"author":2,"featured_media":4761,"parent":0,"menu_order":0,"comment_status":"closed","ping_status":"closed","template":"","meta":{"footnotes":""},"class_list":["post-1859","page","type-page","status-publish","has-post-thumbnail","hentry"],"yoast_head":"<!-- This site is optimized with the Yoast SEO plugin v27.2 - https:\/\/yoast.com\/product\/yoast-seo-wordpress\/ -->\n<title>Cuisine de rue - Festibi\u00e8re de Qu\u00e9bec<\/title>\n<meta name=\"description\" content=\"De la bonne cuisine de rue pour accompagner ta bi\u00e8re! Des options pour tous les go\u00fbts dans les foodtrucks sur place!\" \/>\n<meta name=\"robots\" content=\"index, follow, max-snippet:-1, max-image-preview:large, max-video-preview:-1\" \/>\n<link rel=\"canonical\" href=\"https:\/\/infofestibiere.com\/quebec\/cuisine-de-rue\/\" \/>\n<meta property=\"og:locale\" content=\"fr_FR\" \/>\n<meta property=\"og:type\" content=\"article\" \/>\n<meta property=\"og:title\" content=\"Cuisine de rue - Festibi\u00e8re de Qu\u00e9bec\" \/>\n<meta property=\"og:description\" content=\"De la bonne cuisine de rue pour accompagner ta bi\u00e8re! Des options pour tous les go\u00fbts dans les foodtrucks sur place!\" \/>\n<meta property=\"og:url\" content=\"https:\/\/infofestibiere.com\/quebec\/cuisine-de-rue\/\" \/>\n<meta property=\"og:site_name\" content=\"de Qu\u00e9bec\" \/>\n<meta property=\"article:modified_time\" content=\"2025-08-19T17:06:36+00:00\" \/>\n<meta property=\"og:image\" content=\"https:\/\/infofestibiere.com\/quebec\/wp-content\/uploads\/sites\/2\/2024\/07\/Eli_Joly_Festibiere_18-438363.jpg\" \/>\n\t<meta property=\"og:image:width\" content=\"1024\" \/>\n\t<meta property=\"og:image:height\" content=\"1536\" \/>\n\t<meta property=\"og:image:type\" content=\"image\/jpeg\" \/>\n<meta name=\"twitter:card\" content=\"summary_large_image\" \/>\n<meta name=\"twitter:label1\" content=\"Dur\u00e9e de lecture estim\u00e9e\" \/>\n\t<meta name=\"twitter:data1\" content=\"4 minutes\" \/>\n<script type=\"application\/ld+json\" class=\"yoast-schema-graph\">{\"@context\":\"https:\/\/schema.org\",\"@graph\":[{\"@type\":\"WebPage\",\"@id\":\"https:\/\/infofestibiere.com\/quebec\/cuisine-de-rue\/\",\"url\":\"https:\/\/infofestibiere.com\/quebec\/cuisine-de-rue\/\",\"name\":\"Cuisine de rue - Festibi\u00e8re de Qu\u00e9bec\",\"isPartOf\":{\"@id\":\"https:\/\/infofestibiere.com\/quebec\/#website\"},\"primaryImageOfPage\":{\"@id\":\"https:\/\/infofestibiere.com\/quebec\/cuisine-de-rue\/#primaryimage\"},\"image\":{\"@id\":\"https:\/\/infofestibiere.com\/quebec\/cuisine-de-rue\/#primaryimage\"},\"thumbnailUrl\":\"https:\/\/infofestibiere.com\/quebec\/wp-content\/uploads\/sites\/2\/2024\/07\/Eli_Joly_Festibiere_18-438363.jpg\",\"datePublished\":\"2019-06-30T17:47:54+00:00\",\"dateModified\":\"2025-08-19T17:06:36+00:00\",\"description\":\"De la bonne cuisine de rue pour accompagner ta bi\u00e8re! Des options pour tous les go\u00fbts dans les foodtrucks sur place!\",\"breadcrumb\":{\"@id\":\"https:\/\/infofestibiere.com\/quebec\/cuisine-de-rue\/#breadcrumb\"},\"inLanguage\":\"fr-FR\",\"potentialAction\":[{\"@type\":\"ReadAction\",\"target\":[\"https:\/\/infofestibiere.com\/quebec\/cuisine-de-rue\/\"]}]},{\"@type\":\"ImageObject\",\"inLanguage\":\"fr-FR\",\"@id\":\"https:\/\/infofestibiere.com\/quebec\/cuisine-de-rue\/#primaryimage\",\"url\":\"https:\/\/infofestibiere.com\/quebec\/wp-content\/uploads\/sites\/2\/2024\/07\/Eli_Joly_Festibiere_18-438363.jpg\",\"contentUrl\":\"https:\/\/infofestibiere.com\/quebec\/wp-content\/uploads\/sites\/2\/2024\/07\/Eli_Joly_Festibiere_18-438363.jpg\",\"width\":1024,\"height\":1536},{\"@type\":\"BreadcrumbList\",\"@id\":\"https:\/\/infofestibiere.com\/quebec\/cuisine-de-rue\/#breadcrumb\",\"itemListElement\":[{\"@type\":\"ListItem\",\"position\":1,\"name\":\"Accueil\",\"item\":\"https:\/\/infofestibiere.com\/quebec\/\"},{\"@type\":\"ListItem\",\"position\":2,\"name\":\"Cuisine de rue\"}]},{\"@type\":\"WebSite\",\"@id\":\"https:\/\/infofestibiere.com\/quebec\/#website\",\"url\":\"https:\/\/infofestibiere.com\/quebec\/\",\"name\":\"de Qu\u00e9bec\",\"description\":\"Go\u00fbter l&#039;\u00e9t\u00e9!\",\"potentialAction\":[{\"@type\":\"SearchAction\",\"target\":{\"@type\":\"EntryPoint\",\"urlTemplate\":\"https:\/\/infofestibiere.com\/quebec\/?s={search_term_string}\"},\"query-input\":{\"@type\":\"PropertyValueSpecification\",\"valueRequired\":true,\"valueName\":\"search_term_string\"}}],\"inLanguage\":\"fr-FR\"}]}<\/script>\n<!-- \/ Yoast SEO plugin. -->","yoast_head_json":{"title":"Cuisine de rue - Festibi\u00e8re de Qu\u00e9bec","description":"De la bonne cuisine de rue pour accompagner ta bi\u00e8re! Des options pour tous les go\u00fbts dans les foodtrucks sur place!","robots":{"index":"index","follow":"follow","max-snippet":"max-snippet:-1","max-image-preview":"max-image-preview:large","max-video-preview":"max-video-preview:-1"},"canonical":"https:\/\/infofestibiere.com\/quebec\/cuisine-de-rue\/","og_locale":"fr_FR","og_type":"article","og_title":"Cuisine de rue - Festibi\u00e8re de Qu\u00e9bec","og_description":"De la bonne cuisine de rue pour accompagner ta bi\u00e8re! Des options pour tous les go\u00fbts dans les foodtrucks sur place!","og_url":"https:\/\/infofestibiere.com\/quebec\/cuisine-de-rue\/","og_site_name":"de Qu\u00e9bec","article_modified_time":"2025-08-19T17:06:36+00:00","og_image":[{"width":1024,"height":1536,"url":"https:\/\/infofestibiere.com\/quebec\/wp-content\/uploads\/sites\/2\/2024\/07\/Eli_Joly_Festibiere_18-438363.jpg","type":"image\/jpeg"}],"twitter_card":"summary_large_image","twitter_misc":{"Dur\u00e9e de lecture estim\u00e9e":"4 minutes"},"schema":{"@context":"https:\/\/schema.org","@graph":[{"@type":"WebPage","@id":"https:\/\/infofestibiere.com\/quebec\/cuisine-de-rue\/","url":"https:\/\/infofestibiere.com\/quebec\/cuisine-de-rue\/","name":"Cuisine de rue - Festibi\u00e8re de Qu\u00e9bec","isPartOf":{"@id":"https:\/\/infofestibiere.com\/quebec\/#website"},"primaryImageOfPage":{"@id":"https:\/\/infofestibiere.com\/quebec\/cuisine-de-rue\/#primaryimage"},"image":{"@id":"https:\/\/infofestibiere.com\/quebec\/cuisine-de-rue\/#primaryimage"},"thumbnailUrl":"https:\/\/infofestibiere.com\/quebec\/wp-content\/uploads\/sites\/2\/2024\/07\/Eli_Joly_Festibiere_18-438363.jpg","datePublished":"2019-06-30T17:47:54+00:00","dateModified":"2025-08-19T17:06:36+00:00","description":"De la bonne cuisine de rue pour accompagner ta bi\u00e8re! Des options pour tous les go\u00fbts dans les foodtrucks sur place!","breadcrumb":{"@id":"https:\/\/infofestibiere.com\/quebec\/cuisine-de-rue\/#breadcrumb"},"inLanguage":"fr-FR","potentialAction":[{"@type":"ReadAction","target":["https:\/\/infofestibiere.com\/quebec\/cuisine-de-rue\/"]}]},{"@type":"ImageObject","inLanguage":"fr-FR","@id":"https:\/\/infofestibiere.com\/quebec\/cuisine-de-rue\/#primaryimage","url":"https:\/\/infofestibiere.com\/quebec\/wp-content\/uploads\/sites\/2\/2024\/07\/Eli_Joly_Festibiere_18-438363.jpg","contentUrl":"https:\/\/infofestibiere.com\/quebec\/wp-content\/uploads\/sites\/2\/2024\/07\/Eli_Joly_Festibiere_18-438363.jpg","width":1024,"height":1536},{"@type":"BreadcrumbList","@id":"https:\/\/infofestibiere.com\/quebec\/cuisine-de-rue\/#breadcrumb","itemListElement":[{"@type":"ListItem","position":1,"name":"Accueil","item":"https:\/\/infofestibiere.com\/quebec\/"},{"@type":"ListItem","position":2,"name":"Cuisine de rue"}]},{"@type":"WebSite","@id":"https:\/\/infofestibiere.com\/quebec\/#website","url":"https:\/\/infofestibiere.com\/quebec\/","name":"de Qu\u00e9bec","description":"Go\u00fbter l&#039;\u00e9t\u00e9!","potentialAction":[{"@type":"SearchAction","target":{"@type":"EntryPoint","urlTemplate":"https:\/\/infofestibiere.com\/quebec\/?s={search_term_string}"},"query-input":{"@type":"PropertyValueSpecification","valueRequired":true,"valueName":"search_term_string"}}],"inLanguage":"fr-FR"}]}},"_links":{"self":[{"href":"https:\/\/infofestibiere.com\/quebec\/wp-json\/wp\/v2\/pages\/1859","targetHints":{"allow":["GET"]}}],"collection":[{"href":"https:\/\/infofestibiere.com\/quebec\/wp-json\/wp\/v2\/pages"}],"about":[{"href":"https:\/\/infofestibiere.com\/quebec\/wp-json\/wp\/v2\/types\/page"}],"author":[{"embeddable":true,"href":"https:\/\/infofestibiere.com\/quebec\/wp-json\/wp\/v2\/users\/2"}],"replies":[{"embeddable":true,"href":"https:\/\/infofestibiere.com\/quebec\/wp-json\/wp\/v2\/comments?post=1859"}],"version-history":[{"count":63,"href":"https:\/\/infofestibiere.com\/quebec\/wp-json\/wp\/v2\/pages\/1859\/revisions"}],"predecessor-version":[{"id":5657,"href":"https:\/\/infofestibiere.com\/quebec\/wp-json\/wp\/v2\/pages\/1859\/revisions\/5657"}],"wp:featuredmedia":[{"embeddable":true,"href":"https:\/\/infofestibiere.com\/quebec\/wp-json\/wp\/v2\/media\/4761"}],"wp:attachment":[{"href":"https:\/\/infofestibiere.com\/quebec\/wp-json\/wp\/v2\/media?parent=1859"}],"curies":[{"name":"wp","href":"https:\/\/api.w.org\/{rel}","templated":true}]}}