{"id":18,"date":"2017-05-02T17:35:57","date_gmt":"2017-05-02T15:35:57","guid":{"rendered":"http:\/\/infofestibiere.com\/quebec\/?page_id=18"},"modified":"2026-03-12T21:52:00","modified_gmt":"2026-03-12T20:52:00","slug":"partenaires","status":"publish","type":"page","link":"https:\/\/infofestibiere.com\/quebec\/partenaires\/","title":{"rendered":"PARTENAIRES"},"content":{"rendered":"<div class=\"wpb-content-wrapper\"><p>[vc_row][vc_column][vc_empty_space][vc_single_image image=\u00a0\u00bb5233&Prime; img_size=\u00a0\u00bbfull\u00a0\u00bb][vc_empty_space][vc_custom_heading text=\u00a0\u00bbNOS <b>PARTENAIRES 2025<\/b>\u00a0\u00bb font_container=\u00a0\u00bbtag:h1|font_size:30|text_align:center|color:%23FC5032&Prime; google_fonts=\u00a0\u00bbfont_family:Montserrat%3Aregular%2C700|font_style:400%20regular%3A400%3Anormal\u00a0\u00bb css=\u00a0\u00bb\u00a0\u00bb][vc_empty_space][\/vc_column][\/vc_row][vc_row][vc_column][vc_empty_space][vc_row_inner][vc_column_inner width=\u00a0\u00bb2\/3&Prime;][vc_message message_box_color=\u00a0\u00bbwarning\u00a0\u00bb icon_fontawesome=\u00a0\u00bb\u00a0\u00bb css=\u00a0\u00bb\u00a0\u00bb]<strong>INT\u00c9RESS\u00c9 \u00c0 DEVENIR PARTENAIRE?\u00a0<\/strong><\/p>\n<p><span style=\"color: #000000;\">\u00c9cris-nous d\u00e8s maintenant pour le Festibi\u00e8re de Qu\u00e9bec 2026.<\/span>[\/vc_message][\/vc_column_inner][vc_column_inner width=\u00a0\u00bb1\/3&Prime;][vc_empty_space height=\u00a0\u00bb20px\u00a0\u00bb][vc_btn title=\u00a0\u00bbD\u00e9montre ton int\u00e9r\u00eat!\u00a0\u00bb color=\u00a0\u00bborange\u00a0\u00bb align=\u00a0\u00bbcenter\u00a0\u00bb css=\u00a0\u00bb\u00a0\u00bb link=\u00a0\u00bburl:mailto%3Apartenariats%40gestev.com%20|target:_blank\u00a0\u00bb][\/vc_column_inner][\/vc_row_inner][vc_empty_space][\/vc_column][\/vc_row][vc_row][vc_column width=\u00a0\u00bb1\/4&Prime;][vc_empty_space height=\u00a0\u00bb45px\u00a0\u00bb][vc_empty_space height=\u00a0\u00bb45px\u00a0\u00bb][vc_single_image image=\u00a0\u00bb314&Prime; img_size=\u00a0\u00bbfull\u00a0\u00bb alignment=\u00a0\u00bbcenter\u00a0\u00bb onclick=\u00a0\u00bbcustom_link\u00a0\u00bb img_link_target=\u00a0\u00bb_blank\u00a0\u00bb link=\u00a0\u00bbhttps:\/\/www.quebec.ca\/\u00a0\u00bb][\/vc_column][vc_column width=\u00a0\u00bb1\/4&Prime;][vc_empty_space][vc_empty_space][vc_single_image image=\u00a0\u00bb3198&Prime; img_size=\u00a0\u00bb124&#215;80&Prime; alignment=\u00a0\u00bbcenter\u00a0\u00bb onclick=\u00a0\u00bbcustom_link\u00a0\u00bb img_link_target=\u00a0\u00bb_blank\u00a0\u00bb link=\u00a0\u00bbhttps:\/\/www.quebecoriginal.com\/fr-ca\u00a0\u00bb][\/vc_column][vc_column width=\u00a0\u00bb1\/4&Prime;][vc_single_image image=\u00a0\u00bb5250&Prime; img_size=\u00a0\u00bb222&#215;222&Prime; alignment=\u00a0\u00bbcenter\u00a0\u00bb onclick=\u00a0\u00bbcustom_link\u00a0\u00bb img_link_target=\u00a0\u00bb_blank\u00a0\u00bb link=\u00a0\u00bbhttps:\/\/placedelacite.com\/\u00a0\u00bb][\/vc_column][vc_column width=\u00a0\u00bb1\/4&Prime;][vc_empty_space height=\u00a0\u00bb40px\u00a0\u00bb][vc_empty_space height=\u00a0\u00bb20px\u00a0\u00bb][vc_single_image image=\u00a0\u00bb4449&Prime; img_size=\u00a0\u00bb130&#215;100&Prime; alignment=\u00a0\u00bbcenter\u00a0\u00bb onclick=\u00a0\u00bbcustom_link\u00a0\u00bb img_link_target=\u00a0\u00bb_blank\u00a0\u00bb link=\u00a0\u00bbhttps:\/\/letreflenoir.com\/\u00a0\u00bb][\/vc_column][\/vc_row][vc_row][vc_column][vc_empty_space][\/vc_column][\/vc_row][vc_row][vc_column width=\u00a0\u00bb1\/4&Prime;][vc_empty_space height=\u00a0\u00bb40px\u00a0\u00bb][vc_single_image image=\u00a0\u00bb2224&Prime; img_size=\u00a0\u00bb120&#215;120&Prime; alignment=\u00a0\u00bbcenter\u00a0\u00bb onclick=\u00a0\u00bbcustom_link\u00a0\u00bb img_link_target=\u00a0\u00bb_blank\u00a0\u00bb link=\u00a0\u00bbhttps:\/\/microbrasserie.com\/\u00a0\u00bb][\/vc_column][vc_column width=\u00a0\u00bb1\/4&Prime;][vc_empty_space height=\u00a0\u00bb40px\u00a0\u00bb][vc_single_image image=\u00a0\u00bb5252&Prime; img_size=\u00a0\u00bb120&#215;120&Prime; alignment=\u00a0\u00bbcenter\u00a0\u00bb onclick=\u00a0\u00bbcustom_link\u00a0\u00bb img_link_target=\u00a0\u00bb_blank\u00a0\u00bb link=\u00a0\u00bbhttps:\/\/montreal.lufa.com\/fr#\/\u00a0\u00bb][\/vc_column][vc_column width=\u00a0\u00bb1\/4&Prime;][vc_empty_space height=\u00a0\u00bb50px\u00a0\u00bb][vc_single_image image=\u00a0\u00bb3171&Prime; img_size=\u00a0\u00bb237&#215;110&Prime; alignment=\u00a0\u00bbcenter\u00a0\u00bb onclick=\u00a0\u00bbcustom_link\u00a0\u00bb img_link_target=\u00a0\u00bb_blank\u00a0\u00bb link=\u00a0\u00bbhttps:\/\/www.archibaldmicrobrasserie.ca\/\u00a0\u00bb][\/vc_column][vc_column width=\u00a0\u00bb1\/4&Prime;][vc_empty_space height=\u00a0\u00bb50px\u00a0\u00bb][vc_single_image image=\u00a0\u00bb5500&Prime; img_size=\u00a0\u00bb200&#215;100&Prime; alignment=\u00a0\u00bbcenter\u00a0\u00bb onclick=\u00a0\u00bbcustom_link\u00a0\u00bb img_link_target=\u00a0\u00bb_blank\u00a0\u00bb link=\u00a0\u00bbhttps:\/\/www.facebook.com\/p\/Le-Food-Truck-jaune-100077604548801\/\u00a0\u00bb][\/vc_column][\/vc_row][vc_row][vc_column][vc_empty_space][\/vc_column][\/vc_row][vc_row][vc_column width=\u00a0\u00bb1\/4&Prime;][vc_empty_space][vc_single_image image=\u00a0\u00bb5502&Prime; img_size=\u00a0\u00bb150&#215;150&Prime; alignment=\u00a0\u00bbcenter\u00a0\u00bb onclick=\u00a0\u00bbcustom_link\u00a0\u00bb img_link_target=\u00a0\u00bb_blank\u00a0\u00bb link=\u00a0\u00bbhttps:\/\/bleuhomard.ca\/\u00a0\u00bb][\/vc_column][vc_column width=\u00a0\u00bb1\/4&Prime;][vc_empty_space height=\u00a0\u00bb40px\u00a0\u00bb][vc_single_image image=\u00a0\u00bb5343&Prime; img_size=\u00a0\u00bb180&#215;90&Prime; alignment=\u00a0\u00bbcenter\u00a0\u00bb onclick=\u00a0\u00bbcustom_link\u00a0\u00bb img_link_target=\u00a0\u00bb_blank\u00a0\u00bb link=\u00a0\u00bbhttps:\/\/www.carmen.com\/en\/\u00a0\u00bb][\/vc_column][vc_column width=\u00a0\u00bb1\/4&Prime;][vc_empty_space height=\u00a0\u00bb60px\u00a0\u00bb][vc_single_image image=\u00a0\u00bb5585&Prime; img_size=\u00a0\u00bb200&#215;100&Prime; alignment=\u00a0\u00bbcenter\u00a0\u00bb onclick=\u00a0\u00bbcustom_link\u00a0\u00bb img_link_target=\u00a0\u00bb_blank\u00a0\u00bb link=\u00a0\u00bbhttps:\/\/www.tzanet.com\/\u00a0\u00bb][\/vc_column][vc_column width=\u00a0\u00bb1\/4&Prime;][vc_empty_space height=\u00a0\u00bb40px\u00a0\u00bb][vc_empty_space height=\u00a0\u00bb15px\u00a0\u00bb][vc_single_image image=\u00a0\u00bb5504&Prime; img_size=\u00a0\u00bb200&#215;100&Prime; alignment=\u00a0\u00bbcenter\u00a0\u00bb onclick=\u00a0\u00bbcustom_link\u00a0\u00bb img_link_target=\u00a0\u00bb_blank\u00a0\u00bb link=\u00a0\u00bbhttps:\/\/www.facebook.com\/churrosquebec\/?locale=fr_CA\u00a0\u00bb][\/vc_column][\/vc_row][vc_row][vc_column][vc_empty_space][\/vc_column][\/vc_row][vc_row][vc_column width=\u00a0\u00bb1\/4&Prime;][vc_empty_space height=\u00a0\u00bb15px\u00a0\u00bb][vc_empty_space height=\u00a0\u00bb15px\u00a0\u00bb][vc_empty_space][vc_single_image image=\u00a0\u00bb3169&Prime; img_size=\u00a0\u00bb210&#215;75&Prime; alignment=\u00a0\u00bbcenter\u00a0\u00bb onclick=\u00a0\u00bbcustom_link\u00a0\u00bb img_link_target=\u00a0\u00bb_blank\u00a0\u00bb link=\u00a0\u00bbhttps:\/\/www.tboothwireless.ca\/fr\/\u00a0\u00bb][\/vc_column][vc_column width=\u00a0\u00bb1\/4&Prime;][vc_empty_space][vc_single_image image=\u00a0\u00bb5507&Prime; img_size=\u00a0\u00bb300&#215;150&Prime; alignment=\u00a0\u00bbcenter\u00a0\u00bb onclick=\u00a0\u00bbcustom_link\u00a0\u00bb img_link_target=\u00a0\u00bb_blank\u00a0\u00bb link=\u00a0\u00bbhttps:\/\/colabor.com\/\u00a0\u00bb][\/vc_column][vc_column width=\u00a0\u00bb1\/4&Prime;][vc_empty_space][vc_empty_space height=\u00a0\u00bb15px\u00a0\u00bb][vc_single_image image=\u00a0\u00bb4024&Prime; img_size=\u00a0\u00bb280&#215;100&Prime; alignment=\u00a0\u00bbcenter\u00a0\u00bb onclick=\u00a0\u00bbcustom_link\u00a0\u00bb img_link_target=\u00a0\u00bb_blank\u00a0\u00bb link=\u00a0\u00bbhttp:\/\/www.lbilodeau-fils.com\/fr\/\u00a0\u00bb][\/vc_column][vc_column width=\u00a0\u00bb1\/4&Prime;][vc_empty_space][vc_single_image image=\u00a0\u00bb5509&Prime; img_size=\u00a0\u00bb300&#215;150&Prime; alignment=\u00a0\u00bbcenter\u00a0\u00bb onclick=\u00a0\u00bbcustom_link\u00a0\u00bb img_link_target=\u00a0\u00bb_blank\u00a0\u00bb link=\u00a0\u00bbhttps:\/\/www.ecocup-quebec.ca\/fc\/\u00a0\u00bb][\/vc_column][\/vc_row][vc_row][vc_column][vc_empty_space][\/vc_column][\/vc_row][vc_row][vc_column width=\u00a0\u00bb1\/4&Prime;][vc_empty_space height=\u00a0\u00bb20px\u00a0\u00bb][vc_empty_space height=\u00a0\u00bb20px\u00a0\u00bb][vc_single_image image=\u00a0\u00bb5511&Prime; img_size=\u00a0\u00bb200&#215;100&Prime; alignment=\u00a0\u00bbcenter\u00a0\u00bb onclick=\u00a0\u00bbcustom_link\u00a0\u00bb img_link_target=\u00a0\u00bb_blank\u00a0\u00bb link=\u00a0\u00bbhttps:\/\/www.ecurieb.ca\/\u00a0\u00bb][\/vc_column][vc_column width=\u00a0\u00bb1\/4&Prime;][vc_empty_space][vc_empty_space height=\u00a0\u00bb20px\u00a0\u00bb][vc_single_image image=\u00a0\u00bb5587&Prime; img_size=\u00a0\u00bb200&#215;100&Prime; alignment=\u00a0\u00bbcenter\u00a0\u00bb onclick=\u00a0\u00bbcustom_link\u00a0\u00bb img_link_target=\u00a0\u00bb_blank\u00a0\u00bb link=\u00a0\u00bbhttps:\/\/info.pivohub.com\/fr\u00a0\u00bb][\/vc_column][vc_column width=\u00a0\u00bb1\/4&Prime;][vc_empty_space height=\u00a0\u00bb20px\u00a0\u00bb][vc_empty_space height=\u00a0\u00bb20px\u00a0\u00bb][vc_single_image image=\u00a0\u00bb5513&Prime; img_size=\u00a0\u00bb240&#215;120&Prime; alignment=\u00a0\u00bbcenter\u00a0\u00bb onclick=\u00a0\u00bbcustom_link\u00a0\u00bb img_link_target=\u00a0\u00bb_blank\u00a0\u00bb link=\u00a0\u00bbhttps:\/\/dessercom.com\/\u00a0\u00bb][\/vc_column][vc_column width=\u00a0\u00bb1\/4&Prime;][vc_single_image image=\u00a0\u00bb5589&Prime; img_size=\u00a0\u00bb200&#215;200&Prime; alignment=\u00a0\u00bbcenter\u00a0\u00bb onclick=\u00a0\u00bbcustom_link\u00a0\u00bb img_link_target=\u00a0\u00bb_blank\u00a0\u00bb link=\u00a0\u00bbhttps:\/\/cryocrunchcandy.com\/\u00a0\u00bb][\/vc_column][\/vc_row][vc_row][vc_column][vc_empty_space][\/vc_column][\/vc_row][vc_row][vc_column width=\u00a0\u00bb1\/4&Prime;][vc_empty_space height=\u00a0\u00bb20px\u00a0\u00bb][vc_empty_space][vc_empty_space][vc_single_image image=\u00a0\u00bb5591&Prime; img_size=\u00a0\u00bb621&#215;100&Prime; alignment=\u00a0\u00bbcenter\u00a0\u00bb onclick=\u00a0\u00bbcustom_link\u00a0\u00bb img_link_target=\u00a0\u00bb_blank\u00a0\u00bb link=\u00a0\u00bbhttps:\/\/shawbridge.ca\/\u00a0\u00bb][\/vc_column][vc_column width=\u00a0\u00bb1\/4&Prime;][vc_empty_space][vc_single_image image=\u00a0\u00bb3165&Prime; img_size=\u00a0\u00bb132&#215;120&Prime; alignment=\u00a0\u00bbcenter\u00a0\u00bb onclick=\u00a0\u00bbcustom_link\u00a0\u00bb img_link_target=\u00a0\u00bb_blank\u00a0\u00bb link=\u00a0\u00bbhttps:\/\/www.olddutchfoods.ca\/\u00a0\u00bb][\/vc_column][vc_column width=\u00a0\u00bb1\/4&Prime;][vc_empty_space height=\u00a0\u00bb20px\u00a0\u00bb][vc_single_image image=\u00a0\u00bb5617&Prime; img_size=\u00a0\u00bb150&#215;150&Prime; alignment=\u00a0\u00bbcenter\u00a0\u00bb onclick=\u00a0\u00bbcustom_link\u00a0\u00bb link=\u00a0\u00bbhttps:\/\/www.randolph.ca\/pub-ludique\/\u00a0\u00bb][\/vc_column][vc_column width=\u00a0\u00bb1\/4&Prime;][vc_empty_space height=\u00a0\u00bb20px\u00a0\u00bb][vc_single_image image=\u00a0\u00bb5515&Prime; img_size=\u00a0\u00bb150&#215;150&Prime; alignment=\u00a0\u00bbcenter\u00a0\u00bb onclick=\u00a0\u00bbcustom_link\u00a0\u00bb img_link_target=\u00a0\u00bb_blank\u00a0\u00bb link=\u00a0\u00bbhttps:\/\/lapetanquerie.ca\/\u00a0\u00bb][\/vc_column][\/vc_row][vc_row][vc_column][vc_empty_space][\/vc_column][\/vc_row][vc_row][vc_column width=\u00a0\u00bb1\/4&Prime;][vc_empty_space][vc_empty_space height=\u00a0\u00bb20px\u00a0\u00bb][vc_single_image image=\u00a0\u00bb5518&Prime; img_size=\u00a0\u00bb150&#215;150&Prime; alignment=\u00a0\u00bbcenter\u00a0\u00bb onclick=\u00a0\u00bbcustom_link\u00a0\u00bb img_link_target=\u00a0\u00bb_blank\u00a0\u00bb link=\u00a0\u00bbhttps:\/\/www.domaineberthiaume.com\/\u00a0\u00bb][\/vc_column][vc_column width=\u00a0\u00bb1\/4&Prime;][vc_empty_space][vc_empty_space][vc_single_image image=\u00a0\u00bb4916&Prime; img_size=\u00a0\u00bb270&#215;100&Prime; alignment=\u00a0\u00bbcenter\u00a0\u00bb onclick=\u00a0\u00bbcustom_link\u00a0\u00bb img_link_target=\u00a0\u00bb_blank\u00a0\u00bb link=\u00a0\u00bbhttps:\/\/www.quebec-cite.com\/fr\u00a0\u00bb][\/vc_column][vc_column width=\u00a0\u00bb1\/4&Prime;][vc_empty_space][vc_single_image image=\u00a0\u00bb5407&Prime; img_size=\u00a0\u00bb150&#215;150&Prime; alignment=\u00a0\u00bbcenter\u00a0\u00bb onclick=\u00a0\u00bbcustom_link\u00a0\u00bb link=\u00a0\u00bbhttps:\/\/quebec.wknd.fm\/\u00a0\u00bb][\/vc_column][vc_column width=\u00a0\u00bb1\/4&Prime;][vc_empty_space][vc_empty_space height=\u00a0\u00bb20px\u00a0\u00bb][vc_single_image image=\u00a0\u00bb3186&Prime; img_size=\u00a0\u00bb220&#215;100&Prime; alignment=\u00a0\u00bbcenter\u00a0\u00bb onclick=\u00a0\u00bbcustom_link\u00a0\u00bb link=\u00a0\u00bbhttps:\/\/www.blvd.fm\/\u00a0\u00bb][\/vc_column][\/vc_row][vc_row][vc_column][vc_empty_space][vc_empty_space][\/vc_column][\/vc_row][vc_row][vc_column width=\u00a0\u00bb1\/4&Prime;][vc_single_image image=\u00a0\u00bb3190&Prime; img_size=\u00a0\u00bb100&#215;100&Prime; alignment=\u00a0\u00bbcenter\u00a0\u00bb onclick=\u00a0\u00bbcustom_link\u00a0\u00bb link=\u00a0\u00bbhttps:\/\/radiox.com\/choi981\/\u00a0\u00bb][\/vc_column][vc_column width=\u00a0\u00bb1\/4&Prime;][vc_empty_space height=\u00a0\u00bb20px\u00a0\u00bb][vc_empty_space height=\u00a0\u00bb20px\u00a0\u00bb][vc_single_image image=\u00a0\u00bb5522&Prime; img_size=\u00a0\u00bb198&#215;70&Prime; alignment=\u00a0\u00bbcenter\u00a0\u00bb onclick=\u00a0\u00bbcustom_link\u00a0\u00bb img_link_target=\u00a0\u00bb_blank\u00a0\u00bb link=\u00a0\u00bbhttps:\/\/www.journaldequebec.com\/\u00a0\u00bb][\/vc_column][vc_column width=\u00a0\u00bb1\/4&Prime;][vc_empty_space height=\u00a0\u00bb10px\u00a0\u00bb][vc_empty_space height=\u00a0\u00bb10px\u00a0\u00bb][vc_single_image image=\u00a0\u00bb5524&Prime; img_size=\u00a0\u00bb159&#215;70&Prime; alignment=\u00a0\u00bbcenter\u00a0\u00bb onclick=\u00a0\u00bbcustom_link\u00a0\u00bb link=\u00a0\u00bbhttps:\/\/www.tvanouvelles.ca\/\u00a0\u00bb][\/vc_column][vc_column width=\u00a0\u00bb1\/4&Prime;][vc_empty_space height=\u00a0\u00bb20px\u00a0\u00bb][vc_empty_space height=\u00a0\u00bb20px\u00a0\u00bb][vc_single_image image=\u00a0\u00bb5593&Prime; img_size=\u00a0\u00bb543&#215;100&Prime; alignment=\u00a0\u00bbcenter\u00a0\u00bb onclick=\u00a0\u00bbcustom_link\u00a0\u00bb link=\u00a0\u00bbhttps:\/\/www.amigoexpress.com\/events\/festibiereqc25&Prime;][\/vc_column][\/vc_row][vc_row][vc_column][vc_empty_space][\/vc_column][\/vc_row][vc_row][vc_column width=\u00a0\u00bb1\/4&Prime;][vc_single_image image=\u00a0\u00bb5526&Prime; img_size=\u00a0\u00bb150&#215;150&Prime; alignment=\u00a0\u00bbcenter\u00a0\u00bb onclick=\u00a0\u00bbcustom_link\u00a0\u00bb link=\u00a0\u00bbhttps:\/\/groupelacourarriere.ca\/la-cour-arriere-de-quebec\/\u00a0\u00bb][\/vc_column][vc_column width=\u00a0\u00bb1\/4&Prime;][vc_single_image image=\u00a0\u00bb5528&Prime; img_size=\u00a0\u00bb150&#215;150&Prime; alignment=\u00a0\u00bbcenter\u00a0\u00bb onclick=\u00a0\u00bbcustom_link\u00a0\u00bb link=\u00a0\u00bbhttps:\/\/cherryriver.ca\/\u00a0\u00bb][\/vc_column][vc_column width=\u00a0\u00bb1\/4&Prime;][vc_empty_space height=\u00a0\u00bb20px\u00a0\u00bb][vc_empty_space height=\u00a0\u00bb20px\u00a0\u00bb][vc_single_image image=\u00a0\u00bb5520&Prime; img_size=\u00a0\u00bb160&#215;50&Prime; alignment=\u00a0\u00bbcenter\u00a0\u00bb onclick=\u00a0\u00bbcustom_link\u00a0\u00bb img_link_target=\u00a0\u00bb_blank\u00a0\u00bb link=\u00a0\u00bbhttps:\/\/www.gestev.com\/\u00a0\u00bb][\/vc_column][vc_column width=\u00a0\u00bb1\/4&Prime;][vc_single_image image=\u00a0\u00bb5698&Prime; img_size=\u00a0\u00bb250&#215;250&Prime; alignment=\u00a0\u00bbcenter\u00a0\u00bb onclick=\u00a0\u00bbcustom_link\u00a0\u00bb css=\u00a0\u00bb\u00a0\u00bb link=\u00a0\u00bbhttps:\/\/www.legrandmarchedequebec.com\/\u00a0\u00bb][\/vc_column][\/vc_row][vc_row][vc_column][vc_empty_space][\/vc_column][\/vc_row]<\/p>\n<\/div>","protected":false},"excerpt":{"rendered":"<p>[vc_row][vc_column][vc_empty_space][vc_single_image image=\u00a0\u00bb5233&Prime; img_size=\u00a0\u00bbfull\u00a0\u00bb][vc_empty_space][vc_custom_heading text=\u00a0\u00bbNOS PARTENAIRES 2025\u00a0\u00bb font_container=\u00a0\u00bbtag:h1|font_size:30|text_align:center|color:%23FC5032&Prime; google_fonts=\u00a0\u00bbfont_family:Montserrat%3Aregular%2C700|font_style:400%20regular%3A400%3Anormal\u00a0\u00bb css=\u00a0\u00bb\u00a0\u00bb][vc_empty_space][\/vc_column][\/vc_row][vc_row][vc_column][vc_empty_space][vc_row_inner][vc_column_inner width=\u00a0\u00bb2\/3&Prime;][vc_message message_box_color=\u00a0\u00bbwarning\u00a0\u00bb icon_fontawesome=\u00a0\u00bb\u00a0\u00bb css=\u00a0\u00bb\u00a0\u00bb]INT\u00c9RESS\u00c9 \u00c0 DEVENIR PARTENAIRE?\u00a0 \u00c9cris-nous d\u00e8s maintenant pour le Festibi\u00e8re de Qu\u00e9bec 2026.[\/vc_message][\/vc_column_inner][vc_column_inner width=\u00a0\u00bb1\/3&Prime;][vc_empty_space height=\u00a0\u00bb20px\u00a0\u00bb][vc_btn title=\u00a0\u00bbD\u00e9montre ton int\u00e9r\u00eat!\u00a0\u00bb color=\u00a0\u00bborange\u00a0\u00bb align=\u00a0\u00bbcenter\u00a0\u00bb css=\u00a0\u00bb\u00a0\u00bb link=\u00a0\u00bburl:mailto%3Apartenariats%40gestev.com%20|target:_blank\u00a0\u00bb][\/vc_column_inner][\/vc_row_inner][vc_empty_space][\/vc_column][\/vc_row][vc_row][vc_column width=\u00a0\u00bb1\/4&Prime;][vc_empty_space height=\u00a0\u00bb45px\u00a0\u00bb][vc_empty_space height=\u00a0\u00bb45px\u00a0\u00bb][vc_single_image image=\u00a0\u00bb314&Prime; img_size=\u00a0\u00bbfull\u00a0\u00bb alignment=\u00a0\u00bbcenter\u00a0\u00bb onclick=\u00a0\u00bbcustom_link\u00a0\u00bb img_link_target=\u00a0\u00bb_blank\u00a0\u00bb link=\u00a0\u00bbhttps:\/\/www.quebec.ca\/\u00a0\u00bb][\/vc_column][vc_column width=\u00a0\u00bb1\/4&Prime;][vc_empty_space][vc_empty_space][vc_single_image image=\u00a0\u00bb3198&Prime; img_size=\u00a0\u00bb124&#215;80&Prime; alignment=\u00a0\u00bbcenter\u00a0\u00bb onclick=\u00a0\u00bbcustom_link\u00a0\u00bb img_link_target=\u00a0\u00bb_blank\u00a0\u00bb link=\u00a0\u00bbhttps:\/\/www.quebecoriginal.com\/fr-ca\u00a0\u00bb][\/vc_column][vc_column width=\u00a0\u00bb1\/4&Prime;][vc_single_image image=\u00a0\u00bb5250&Prime; img_size=\u00a0\u00bb222&#215;222&Prime; alignment=\u00a0\u00bbcenter\u00a0\u00bb onclick=\u00a0\u00bbcustom_link\u00a0\u00bb [&hellip;]<\/p>\n","protected":false},"author":2,"featured_media":0,"parent":0,"menu_order":0,"comment_status":"closed","ping_status":"closed","template":"","meta":{"footnotes":""},"class_list":["post-18","page","type-page","status-publish","hentry"],"yoast_head":"<!-- This site is optimized with the Yoast SEO plugin v27.2 - https:\/\/yoast.com\/product\/yoast-seo-wordpress\/ -->\n<title>Partenaires - Festibi\u00e8re de Qu\u00e9bec<\/title>\n<meta name=\"description\" content=\"Merci \u00e0 tous nos partenaires ! Tourisme Qu\u00e9bec, Ville de Qu\u00e9bec, Desjardins, IGA &amp; plus encore.\" \/>\n<meta name=\"robots\" content=\"index, follow, max-snippet:-1, max-image-preview:large, max-video-preview:-1\" \/>\n<link rel=\"canonical\" href=\"https:\/\/infofestibiere.com\/quebec\/partenaires\/\" \/>\n<meta property=\"og:locale\" content=\"fr_FR\" \/>\n<meta property=\"og:type\" content=\"article\" \/>\n<meta property=\"og:title\" content=\"Partenaires - Festibi\u00e8re de Qu\u00e9bec\" \/>\n<meta property=\"og:description\" content=\"Merci \u00e0 tous nos partenaires ! Tourisme Qu\u00e9bec, Ville de Qu\u00e9bec, Desjardins, IGA &amp; plus encore.\" \/>\n<meta property=\"og:url\" content=\"https:\/\/infofestibiere.com\/quebec\/partenaires\/\" \/>\n<meta property=\"og:site_name\" content=\"de Qu\u00e9bec\" \/>\n<meta property=\"article:modified_time\" content=\"2026-03-12T20:52:00+00:00\" \/>\n<meta name=\"twitter:card\" content=\"summary_large_image\" \/>\n<meta name=\"twitter:label1\" content=\"Dur\u00e9e de lecture estim\u00e9e\" \/>\n\t<meta name=\"twitter:data1\" content=\"10 minutes\" \/>\n<script type=\"application\/ld+json\" class=\"yoast-schema-graph\">{\"@context\":\"https:\/\/schema.org\",\"@graph\":[{\"@type\":\"WebPage\",\"@id\":\"https:\/\/infofestibiere.com\/quebec\/partenaires\/\",\"url\":\"https:\/\/infofestibiere.com\/quebec\/partenaires\/\",\"name\":\"Partenaires - Festibi\u00e8re de Qu\u00e9bec\",\"isPartOf\":{\"@id\":\"https:\/\/infofestibiere.com\/quebec\/#website\"},\"datePublished\":\"2017-05-02T15:35:57+00:00\",\"dateModified\":\"2026-03-12T20:52:00+00:00\",\"description\":\"Merci \u00e0 tous nos partenaires ! Tourisme Qu\u00e9bec, Ville de Qu\u00e9bec, Desjardins, IGA & plus encore.\",\"breadcrumb\":{\"@id\":\"https:\/\/infofestibiere.com\/quebec\/partenaires\/#breadcrumb\"},\"inLanguage\":\"fr-FR\",\"potentialAction\":[{\"@type\":\"ReadAction\",\"target\":[\"https:\/\/infofestibiere.com\/quebec\/partenaires\/\"]}]},{\"@type\":\"BreadcrumbList\",\"@id\":\"https:\/\/infofestibiere.com\/quebec\/partenaires\/#breadcrumb\",\"itemListElement\":[{\"@type\":\"ListItem\",\"position\":1,\"name\":\"Accueil\",\"item\":\"https:\/\/infofestibiere.com\/quebec\/\"},{\"@type\":\"ListItem\",\"position\":2,\"name\":\"PARTENAIRES\"}]},{\"@type\":\"WebSite\",\"@id\":\"https:\/\/infofestibiere.com\/quebec\/#website\",\"url\":\"https:\/\/infofestibiere.com\/quebec\/\",\"name\":\"de Qu\u00e9bec\",\"description\":\"Go\u00fbter l&#039;\u00e9t\u00e9!\",\"potentialAction\":[{\"@type\":\"SearchAction\",\"target\":{\"@type\":\"EntryPoint\",\"urlTemplate\":\"https:\/\/infofestibiere.com\/quebec\/?s={search_term_string}\"},\"query-input\":{\"@type\":\"PropertyValueSpecification\",\"valueRequired\":true,\"valueName\":\"search_term_string\"}}],\"inLanguage\":\"fr-FR\"}]}<\/script>\n<!-- \/ Yoast SEO plugin. -->","yoast_head_json":{"title":"Partenaires - Festibi\u00e8re de Qu\u00e9bec","description":"Merci \u00e0 tous nos partenaires ! Tourisme Qu\u00e9bec, Ville de Qu\u00e9bec, Desjardins, IGA & plus encore.","robots":{"index":"index","follow":"follow","max-snippet":"max-snippet:-1","max-image-preview":"max-image-preview:large","max-video-preview":"max-video-preview:-1"},"canonical":"https:\/\/infofestibiere.com\/quebec\/partenaires\/","og_locale":"fr_FR","og_type":"article","og_title":"Partenaires - Festibi\u00e8re de Qu\u00e9bec","og_description":"Merci \u00e0 tous nos partenaires ! Tourisme Qu\u00e9bec, Ville de Qu\u00e9bec, Desjardins, IGA & plus encore.","og_url":"https:\/\/infofestibiere.com\/quebec\/partenaires\/","og_site_name":"de Qu\u00e9bec","article_modified_time":"2026-03-12T20:52:00+00:00","twitter_card":"summary_large_image","twitter_misc":{"Dur\u00e9e de lecture estim\u00e9e":"10 minutes"},"schema":{"@context":"https:\/\/schema.org","@graph":[{"@type":"WebPage","@id":"https:\/\/infofestibiere.com\/quebec\/partenaires\/","url":"https:\/\/infofestibiere.com\/quebec\/partenaires\/","name":"Partenaires - Festibi\u00e8re de Qu\u00e9bec","isPartOf":{"@id":"https:\/\/infofestibiere.com\/quebec\/#website"},"datePublished":"2017-05-02T15:35:57+00:00","dateModified":"2026-03-12T20:52:00+00:00","description":"Merci \u00e0 tous nos partenaires ! Tourisme Qu\u00e9bec, Ville de Qu\u00e9bec, Desjardins, IGA & plus encore.","breadcrumb":{"@id":"https:\/\/infofestibiere.com\/quebec\/partenaires\/#breadcrumb"},"inLanguage":"fr-FR","potentialAction":[{"@type":"ReadAction","target":["https:\/\/infofestibiere.com\/quebec\/partenaires\/"]}]},{"@type":"BreadcrumbList","@id":"https:\/\/infofestibiere.com\/quebec\/partenaires\/#breadcrumb","itemListElement":[{"@type":"ListItem","position":1,"name":"Accueil","item":"https:\/\/infofestibiere.com\/quebec\/"},{"@type":"ListItem","position":2,"name":"PARTENAIRES"}]},{"@type":"WebSite","@id":"https:\/\/infofestibiere.com\/quebec\/#website","url":"https:\/\/infofestibiere.com\/quebec\/","name":"de Qu\u00e9bec","description":"Go\u00fbter l&#039;\u00e9t\u00e9!","potentialAction":[{"@type":"SearchAction","target":{"@type":"EntryPoint","urlTemplate":"https:\/\/infofestibiere.com\/quebec\/?s={search_term_string}"},"query-input":{"@type":"PropertyValueSpecification","valueRequired":true,"valueName":"search_term_string"}}],"inLanguage":"fr-FR"}]}},"_links":{"self":[{"href":"https:\/\/infofestibiere.com\/quebec\/wp-json\/wp\/v2\/pages\/18","targetHints":{"allow":["GET"]}}],"collection":[{"href":"https:\/\/infofestibiere.com\/quebec\/wp-json\/wp\/v2\/pages"}],"about":[{"href":"https:\/\/infofestibiere.com\/quebec\/wp-json\/wp\/v2\/types\/page"}],"author":[{"embeddable":true,"href":"https:\/\/infofestibiere.com\/quebec\/wp-json\/wp\/v2\/users\/2"}],"replies":[{"embeddable":true,"href":"https:\/\/infofestibiere.com\/quebec\/wp-json\/wp\/v2\/comments?post=18"}],"version-history":[{"count":52,"href":"https:\/\/infofestibiere.com\/quebec\/wp-json\/wp\/v2\/pages\/18\/revisions"}],"predecessor-version":[{"id":5700,"href":"https:\/\/infofestibiere.com\/quebec\/wp-json\/wp\/v2\/pages\/18\/revisions\/5700"}],"wp:attachment":[{"href":"https:\/\/infofestibiere.com\/quebec\/wp-json\/wp\/v2\/media?parent=18"}],"curies":[{"name":"wp","href":"https:\/\/api.w.org\/{rel}","templated":true}]}}