{"id":136,"date":"2017-07-04T15:50:03","date_gmt":"2017-07-04T13:50:03","guid":{"rendered":"https:\/\/infofestibiere.com\/quebec\/?page_id=136"},"modified":"2025-08-19T19:03:48","modified_gmt":"2025-08-19T17:03:48","slug":"exposants","status":"publish","type":"page","link":"https:\/\/infofestibiere.com\/quebec\/exposants\/","title":{"rendered":"EXPOSANTS"},"content":{"rendered":"<div class=\"wpb-content-wrapper\"><p>[vc_row][vc_column][vc_empty_space][vc_single_image image=\u00a0\u00bb5231&Prime; img_size=\u00a0\u00bbfull\u00a0\u00bb][vc_message message_box_color=\u00a0\u00bbdanger\u00a0\u00bb icon_fontawesome=\u00a0\u00bbfa fa-heart\u00a0\u00bb]<span style=\"font-weight: 400;\"><strong>\u00c0 L\u2019AN PROCHAIN QU\u00c9BEC <\/strong>\ud83c\udf7a\ud83c\udf78\ud83c\udfb6 \ud83c\udf1e \u2013 Merci pour la fin de semaine de feu! Le Festibi\u00e8re de Qu\u00e9bec est maintenant termin\u00e9, mais s\u00e8che tes larmes\u2026 on se revoit en 2026 pour encore + de fun, + de saveurs &amp; + de festivit\u00e9s. Cheers!<\/span>[\/vc_message][\/vc_column][\/vc_row][vc_row][vc_column][vc_empty_space][vc_custom_heading text=\u00a0\u00bbD\u00c9COUVRE LES EXPOSANTS DE QU\u00c9BEC\u00a0\u00bb font_container=\u00a0\u00bbtag:h1|font_size:25|text_align:center|color:%230a0101&Prime; use_theme_fonts=\u00a0\u00bbyes\u00a0\u00bb][vc_custom_heading text=\u00a0\u00bb<b>ON SE VOIT DU 14 AU 17 AO\u00dbT 2025<\/b>\u00a0\u00bb font_container=\u00a0\u00bbtag:h2|font_size:22|text_align:center|color:%230a0000&Prime; use_theme_fonts=\u00a0\u00bbyes\u00a0\u00bb][vc_column_text]<\/p>\n<p style=\"text-align: center;\">Cet \u00e9t\u00e9, Le Festibi\u00e8re de Qu\u00e9bec revient en force avec son tout nouveau concept: Le Festibi\u00e8re +. \u00c7a veut dire <strong><span class=\"NormalTextRun SCXW62427465 BCX0\">+ de saveurs <\/span><\/strong><span class=\"NormalTextRun SCXW62427465 BCX0\">dans ton assiette<\/span><span class=\"NormalTextRun SCXW62427465 BCX0\">, mais aussi <\/span><strong><span class=\"NormalTextRun SCXW62427465 BCX0\">\u00a0+<\/span><span class=\"NormalTextRun SCXW62427465 BCX0\">\u00a0de\u00a0<\/span><\/strong><span class=\"NormalTextRun SCXW62427465 BCX0\"><strong>diversit\u00e9<\/strong><\/span> dans ton verre \ud83c\udf1e<\/p>\n<p>[\/vc_column_text][\/vc_column][\/vc_row][vc_row][vc_column][vc_empty_space][vc_row_inner][vc_column_inner width=\u00a0\u00bb1\/2&Prime; css=\u00a0\u00bb.vc_custom_1683120656072{padding-top: 20px !important;}\u00a0\u00bb][vc_custom_heading text=\u00a0\u00bb<b>MICROBRASSERIES<\/b>\u00a0\u00bb font_container=\u00a0\u00bbtag:h2|font_size:20|text_align:center|color:%23fc5032&Prime; google_fonts=\u00a0\u00bbfont_family:Raleway%3A100%2C200%2C300%2Cregular%2C500%2C600%2C700%2C800%2C900|font_style:300%20light%20regular%3A300%3Anormal\u00a0\u00bb link=\u00a0\u00bb|||\u00a0\u00bb][vc_column_text]<\/p>\n<p style=\"text-align: center;\"><span data-teams=\"true\">Le Festibi\u00e8re + c&rsquo;est plus de diversit\u00e9, mais sans jamais oublier ses premiers amours&#8230; La <strong>bi\u00e8re de microbrasserie<\/strong> \ud83c\udf7a<\/span><\/p>\n<p>[\/vc_column_text][vc_empty_space height=\u00a0\u00bb10px\u00a0\u00bb][vc_single_image image=\u00a0\u00bb5237&Prime; img_size=\u00a0\u00bb800&#215;480&Prime; alignment=\u00a0\u00bbcenter\u00a0\u00bb][vc_btn title=\u00a0\u00bbKiosques de bi\u00e8res\u00a0\u00bb color=\u00a0\u00bbjuicy-pink\u00a0\u00bb align=\u00a0\u00bbcenter\u00a0\u00bb link=\u00a0\u00bburl:https%3A%2F%2Finfofestibiere.com%2Fquebec%2Fmicrobrasseries%2F|title:Microbrasseries||\u00a0\u00bb][\/vc_column_inner][vc_column_inner width=\u00a0\u00bb1\/2&Prime; css=\u00a0\u00bb.vc_custom_1683120662634{padding-top: 20px !important;}\u00a0\u00bb][vc_custom_heading text=\u00a0\u00bb<b>+ DE BREUVAGES<\/b>\u00a0\u00bb font_container=\u00a0\u00bbtag:h2|font_size:20|text_align:center|color:%23fc5032&Prime; google_fonts=\u00a0\u00bbfont_family:Raleway%3A100%2C200%2C300%2Cregular%2C500%2C600%2C700%2C800%2C900|font_style:300%20light%20regular%3A300%3Anormal\u00a0\u00bb link=\u00a0\u00bb|||\u00a0\u00bb][vc_column_text]<\/p>\n<p style=\"text-align: center;\">Une belle s\u00e9lection de boisson alternative: \ud83c\udf79 <strong>cocktails, spiritueux, hydromels, vins<\/strong>, <strong>sans alcool<\/strong> &amp; plus encore!<\/p>\n<p>[\/vc_column_text][vc_empty_space height=\u00a0\u00bb10px\u00a0\u00bb][vc_single_image image=\u00a0\u00bb4274&Prime; img_size=\u00a0\u00bb800&#215;480&Prime; alignment=\u00a0\u00bbcenter\u00a0\u00bb][vc_btn title=\u00a0\u00bbBoissons alternatives\u00a0\u00bb color=\u00a0\u00bbjuicy-pink\u00a0\u00bb align=\u00a0\u00bbcenter\u00a0\u00bb link=\u00a0\u00bburl:https%3A%2F%2Finfofestibiere.com%2Fquebec%2Fboisson-alternative%2F|title:Boisson%20alternative||\u00a0\u00bb][\/vc_column_inner][\/vc_row_inner][vc_empty_space][vc_row_inner][vc_column_inner width=\u00a0\u00bb1\/2&Prime; css=\u00a0\u00bb.vc_custom_1683120650123{padding-top: 20px !important;}\u00a0\u00bb][vc_custom_heading text=\u00a0\u00bb<b>+ DE SAVEURS<\/b>\u00a0\u00bb font_container=\u00a0\u00bbtag:h2|font_size:20|text_align:center|color:%23fc5032&Prime; google_fonts=\u00a0\u00bbfont_family:Raleway%3A100%2C200%2C300%2Cregular%2C500%2C600%2C700%2C800%2C900|font_style:300%20light%20regular%3A300%3Anormal\u00a0\u00bb link=\u00a0\u00bb|||\u00a0\u00bb][vc_column_text]<\/p>\n<p style=\"text-align: center;\">Foodtrucks &amp; restaurateurs en tous genres \ud83c\udf2e options\u00a0<strong>sucr\u00e9es, sal\u00e9es, sant\u00e9<\/strong>,<strong>\u00a0v\u00e9g\u00e9<\/strong>, mais surtout bonnes \u00e0 manger!<\/p>\n<p>[\/vc_column_text][vc_empty_space height=\u00a0\u00bb10px\u00a0\u00bb][vc_single_image image=\u00a0\u00bb4761&Prime; img_size=\u00a0\u00bb800&#215;480&Prime; alignment=\u00a0\u00bbcenter\u00a0\u00bb][vc_btn title=\u00a0\u00bbCuisine de rue\u00a0\u00bb color=\u00a0\u00bbjuicy-pink\u00a0\u00bb align=\u00a0\u00bbcenter\u00a0\u00bb link=\u00a0\u00bburl:https%3A%2F%2Finfofestibiere.com%2Fquebec%2Fcuisine-de-rue%2F|title:Cuisine%20de%20rue||\u00a0\u00bb][\/vc_column_inner][vc_column_inner width=\u00a0\u00bb1\/2&Prime; css=\u00a0\u00bb.vc_custom_1683120645364{padding-top: 20px !important;}\u00a0\u00bb][vc_custom_heading text=\u00a0\u00bb<b>PLAN DE SITE<\/b>\u00a0\u00bb font_container=\u00a0\u00bbtag:h2|font_size:20|text_align:center|color:%23fc5032&Prime; google_fonts=\u00a0\u00bbfont_family:Raleway%3A100%2C200%2C300%2Cregular%2C500%2C600%2C700%2C800%2C900|font_style:100%20light%20regular%3A100%3Anormal\u00a0\u00bb link=\u00a0\u00bb|||\u00a0\u00bb][vc_column_text]<\/p>\n<p style=\"text-align: center;\"><strong>Plan de site <\/strong>pour l&rsquo;\u00e9dition 2025<strong><br \/>\n<\/strong>Rep\u00e8re les exposants, les activit\u00e9s et les commodit\u00e9s d\u00e8s maintenant!<\/p>\n<p>[\/vc_column_text][vc_empty_space height=\u00a0\u00bb10px\u00a0\u00bb][vc_single_image image=\u00a0\u00bb4910&Prime; img_size=\u00a0\u00bb800&#215;480&Prime; alignment=\u00a0\u00bbcenter\u00a0\u00bb onclick=\u00a0\u00bbcustom_link\u00a0\u00bb img_link_target=\u00a0\u00bb_blank\u00a0\u00bb link=\u00a0\u00bbhttps:\/\/infofestibiere.com\/quebec\/wp-content\/uploads\/sites\/2\/2025\/08\/FBQ25_plan-site.pdf\u00a0\u00bb][vc_btn title=\u00a0\u00bbPlan de site\u00a0\u00bb color=\u00a0\u00bbjuicy-pink\u00a0\u00bb align=\u00a0\u00bbcenter\u00a0\u00bb link=\u00a0\u00bburl:https%3A%2F%2Finfofestibiere.com%2Fquebec%2Fwp-content%2Fuploads%2Fsites%2F2%2F2025%2F08%2FFBQ25_plan-site.pdf||target:%20_blank|\u00a0\u00bb][\/vc_column_inner][\/vc_row_inner][vc_empty_space][vc_row_inner][vc_column_inner width=\u00a0\u00bb3\/4&Prime; css=\u00a0\u00bb.vc_custom_1739207474667{padding-top: 10px !important;}\u00a0\u00bb][vc_message message_box_color=\u00a0\u00bborange\u00a0\u00bb icon_fontawesome=\u00a0\u00bbfa fa-star\u00a0\u00bb]<strong>DEVENIR EXPOSANT AU FESTIBI\u00c8RE+<\/strong><\/p>\n<p>Tu produis des<strong>\u00a0bi\u00e8res, spiritueux, vins, sans alcool, boissons alternatives <\/strong>ou<strong> de bons repas gourmands<\/strong>, inscris-toi d\u00e8s maintenant en tant qu\u2019exposant boisson ou restaurateur au Festibi\u00e8re 2025![\/vc_message][\/vc_column_inner][vc_column_inner width=\u00a0\u00bb1\/4&Prime; css=\u00a0\u00bb.vc_custom_1739207481937{padding-top: 10px !important;}\u00a0\u00bb][vc_empty_space height=\u00a0\u00bb15px\u00a0\u00bb][vc_btn title=\u00a0\u00bbEn savoir plus!\u00a0\u00bb color=\u00a0\u00bborange\u00a0\u00bb align=\u00a0\u00bbcenter\u00a0\u00bb link=\u00a0\u00bburl:https%3A%2F%2Finfofestibiere.com%2Fdevenir-exposants%2F|||\u00a0\u00bb][\/vc_column_inner][\/vc_row_inner][vc_empty_space][\/vc_column][\/vc_row][vc_row][vc_column][vc_empty_space][vc_single_image image=\u00a0\u00bb5126&Prime; img_size=\u00a0\u00bblarge\u00a0\u00bb alignment=\u00a0\u00bbcenter\u00a0\u00bb][vc_row_inner][vc_column_inner width=\u00a0\u00bb1\/3&Prime; css=\u00a0\u00bb.vc_custom_1739226632030{padding-top: 10px !important;}\u00a0\u00bb][vc_custom_heading text=\u00a0\u00bb<b> + DE <i>FUN<\/i><\/b>\u00a0\u00bb font_container=\u00a0\u00bbtag:h3|font_size:22|text_align:center|color:%230a0a0a\u00a0\u00bb use_theme_fonts=\u00a0\u00bbyes\u00a0\u00bb][vc_column_text]<\/p>\n<p style=\"text-align: center;\"><span data-teams=\"true\">C\u2019est encore <strong>+<\/strong> de <strong>musique<\/strong> et de <strong>programmation<\/strong>: artistes coup de coeur<em>,<\/em> bar cach\u00e9, tatouage ou ateliers \ud83c\udfb2 \ud83c\udfb5<\/span><\/p>\n<p>[\/vc_column_text][vc_single_image image=\u00a0\u00bb5150&Prime; img_size=\u00a0\u00bbfull\u00a0\u00bb alignment=\u00a0\u00bbcenter\u00a0\u00bb style=\u00a0\u00bbvc_box_shadow_3d\u00a0\u00bb][\/vc_column_inner][vc_column_inner width=\u00a0\u00bb1\/3&Prime; css=\u00a0\u00bb.vc_custom_1739226622638{padding-top: 10px !important;}\u00a0\u00bb][vc_custom_heading text=\u00a0\u00bb<b> + DE DIVERSIT\u00c9<\/b>\u00a0\u00bb font_container=\u00a0\u00bbtag:h3|font_size:22|text_align:center|color:%230a0a0a\u00a0\u00bb use_theme_fonts=\u00a0\u00bbyes\u00a0\u00bb][vc_column_text]<\/p>\n<p style=\"text-align: center;\"><span data-teams=\"true\">C\u2019est <strong>+ <\/strong>de <strong>diversit\u00e9 de produits<\/strong> : cocktails, spiritueux, vins, sans alcool, mais encore de la bi\u00e8re, bien s\u00fbr \ud83c\udf79\u00a0<\/span><\/p>\n<p>[\/vc_column_text][vc_single_image image=\u00a0\u00bb5148&Prime; img_size=\u00a0\u00bbfull\u00a0\u00bb alignment=\u00a0\u00bbcenter\u00a0\u00bb style=\u00a0\u00bbvc_box_shadow_3d\u00a0\u00bb][\/vc_column_inner][vc_column_inner width=\u00a0\u00bb1\/3&Prime; css=\u00a0\u00bb.vc_custom_1739226627277{padding-top: 10px !important;}\u00a0\u00bb][vc_custom_heading text=\u00a0\u00bb<b> + DE SAVEURS<\/b>\u00a0\u00bb font_container=\u00a0\u00bbtag:h3|font_size:22|text_align:center|color:%230a0a0a\u00a0\u00bb use_theme_fonts=\u00a0\u00bbyes\u00a0\u00bb][vc_column_text]<\/p>\n<p style=\"text-align: center;\"><span data-teams=\"true\">C\u2019est <strong>+<\/strong> de saveurs dans ton assiette : options <strong>sucr\u00e9es, sal\u00e9es, sant\u00e9<\/strong>,<strong> v\u00e9g\u00e9<\/strong>, mais surtout bonnes \u00e0 manger \ud83c\udf54\ud83c\udf66\u00a0<\/span><\/p>\n<p>[\/vc_column_text][vc_single_image image=\u00a0\u00bb5143&Prime; img_size=\u00a0\u00bbfull\u00a0\u00bb alignment=\u00a0\u00bbcenter\u00a0\u00bb style=\u00a0\u00bbvc_box_shadow_3d\u00a0\u00bb][\/vc_column_inner][\/vc_row_inner][\/vc_column][\/vc_row][vc_row][vc_column][vc_empty_space][vc_empty_space height=\u00a0\u00bb25px\u00a0\u00bb][\/vc_column][\/vc_row][vc_column][\/vc_column][vc_column width=\u00a0\u00bb1\/2&Prime; css=\u00a0\u00bb.vc_custom_1682619386759{padding-top: 20px !important;}\u00a0\u00bb][\/vc_column][vc_column][\/vc_column][vc_column width=\u00a0\u00bb1\/2&Prime; css=\u00a0\u00bb.vc_custom_1682619386759{padding-top: 20px !important;}\u00a0\u00bb][\/vc_column][vc_column][\/vc_column]<\/p>\n<\/div>","protected":false},"excerpt":{"rendered":"<p>[vc_row][vc_column][vc_empty_space][vc_single_image image=\u00a0\u00bb5231&Prime; img_size=\u00a0\u00bbfull\u00a0\u00bb][vc_message message_box_color=\u00a0\u00bbdanger\u00a0\u00bb icon_fontawesome=\u00a0\u00bbfa fa-heart\u00a0\u00bb]\u00c0 L\u2019AN PROCHAIN QU\u00c9BEC \ud83c\udf7a\ud83c\udf78\ud83c\udfb6 \ud83c\udf1e \u2013 Merci pour la fin de semaine de feu! Le Festibi\u00e8re de Qu\u00e9bec est maintenant termin\u00e9, mais s\u00e8che tes larmes\u2026 on se revoit en 2026 pour encore + de fun, + de saveurs &amp; + de festivit\u00e9s. Cheers![\/vc_message][\/vc_column][\/vc_row][vc_row][vc_column][vc_empty_space][vc_custom_heading text=\u00a0\u00bbD\u00c9COUVRE LES EXPOSANTS DE QU\u00c9BEC\u00a0\u00bb font_container=\u00a0\u00bbtag:h1|font_size:25|text_align:center|color:%230a0101&Prime; [&hellip;]<\/p>\n","protected":false},"author":2,"featured_media":5150,"parent":0,"menu_order":0,"comment_status":"closed","ping_status":"closed","template":"","meta":{"footnotes":""},"class_list":["post-136","page","type-page","status-publish","has-post-thumbnail","hentry"],"yoast_head":"<!-- This site is optimized with the Yoast SEO plugin v27.2 - https:\/\/yoast.com\/product\/yoast-seo-wordpress\/ -->\n<title>Exposants - Le Festibi\u00e8re de Qu\u00e9bec<\/title>\n<meta name=\"description\" content=\"D\u00e9couvre les exposants du Festibi\u00e8re de Qu\u00e9bec : microbrasseries, boissons alternatives, cuisine de rue et plus encore!\" \/>\n<meta name=\"robots\" content=\"index, follow, max-snippet:-1, max-image-preview:large, max-video-preview:-1\" \/>\n<link rel=\"canonical\" href=\"https:\/\/infofestibiere.com\/quebec\/exposants\/\" \/>\n<meta property=\"og:locale\" content=\"fr_FR\" \/>\n<meta property=\"og:type\" content=\"article\" \/>\n<meta property=\"og:title\" content=\"Exposants - Le Festibi\u00e8re de Qu\u00e9bec\" \/>\n<meta property=\"og:description\" content=\"D\u00e9couvre les exposants du Festibi\u00e8re de Qu\u00e9bec : microbrasseries, boissons alternatives, cuisine de rue et plus encore!\" \/>\n<meta property=\"og:url\" content=\"https:\/\/infofestibiere.com\/quebec\/exposants\/\" \/>\n<meta property=\"og:site_name\" content=\"de Qu\u00e9bec\" \/>\n<meta property=\"article:modified_time\" content=\"2025-08-19T17:03:48+00:00\" \/>\n<meta property=\"og:image\" content=\"https:\/\/infofestibiere.com\/quebec\/wp-content\/uploads\/sites\/2\/2025\/02\/Festibiere-exposant-FB25-2.png\" \/>\n\t<meta property=\"og:image:width\" content=\"800\" \/>\n\t<meta property=\"og:image:height\" content=\"480\" \/>\n\t<meta property=\"og:image:type\" content=\"image\/png\" \/>\n<meta name=\"twitter:card\" content=\"summary_large_image\" \/>\n<meta name=\"twitter:label1\" content=\"Dur\u00e9e de lecture estim\u00e9e\" \/>\n\t<meta name=\"twitter:data1\" content=\"3 minutes\" \/>\n<script type=\"application\/ld+json\" class=\"yoast-schema-graph\">{\"@context\":\"https:\/\/schema.org\",\"@graph\":[{\"@type\":\"WebPage\",\"@id\":\"https:\/\/infofestibiere.com\/quebec\/exposants\/\",\"url\":\"https:\/\/infofestibiere.com\/quebec\/exposants\/\",\"name\":\"Exposants - Le Festibi\u00e8re de Qu\u00e9bec\",\"isPartOf\":{\"@id\":\"https:\/\/infofestibiere.com\/quebec\/#website\"},\"primaryImageOfPage\":{\"@id\":\"https:\/\/infofestibiere.com\/quebec\/exposants\/#primaryimage\"},\"image\":{\"@id\":\"https:\/\/infofestibiere.com\/quebec\/exposants\/#primaryimage\"},\"thumbnailUrl\":\"https:\/\/infofestibiere.com\/quebec\/wp-content\/uploads\/sites\/2\/2025\/02\/Festibiere-exposant-FB25-2.png\",\"datePublished\":\"2017-07-04T13:50:03+00:00\",\"dateModified\":\"2025-08-19T17:03:48+00:00\",\"description\":\"D\u00e9couvre les exposants du Festibi\u00e8re de Qu\u00e9bec : microbrasseries, boissons alternatives, cuisine de rue et plus encore!\",\"breadcrumb\":{\"@id\":\"https:\/\/infofestibiere.com\/quebec\/exposants\/#breadcrumb\"},\"inLanguage\":\"fr-FR\",\"potentialAction\":[{\"@type\":\"ReadAction\",\"target\":[\"https:\/\/infofestibiere.com\/quebec\/exposants\/\"]}]},{\"@type\":\"ImageObject\",\"inLanguage\":\"fr-FR\",\"@id\":\"https:\/\/infofestibiere.com\/quebec\/exposants\/#primaryimage\",\"url\":\"https:\/\/infofestibiere.com\/quebec\/wp-content\/uploads\/sites\/2\/2025\/02\/Festibiere-exposant-FB25-2.png\",\"contentUrl\":\"https:\/\/infofestibiere.com\/quebec\/wp-content\/uploads\/sites\/2\/2025\/02\/Festibiere-exposant-FB25-2.png\",\"width\":800,\"height\":480},{\"@type\":\"BreadcrumbList\",\"@id\":\"https:\/\/infofestibiere.com\/quebec\/exposants\/#breadcrumb\",\"itemListElement\":[{\"@type\":\"ListItem\",\"position\":1,\"name\":\"Accueil\",\"item\":\"https:\/\/infofestibiere.com\/quebec\/\"},{\"@type\":\"ListItem\",\"position\":2,\"name\":\"EXPOSANTS\"}]},{\"@type\":\"WebSite\",\"@id\":\"https:\/\/infofestibiere.com\/quebec\/#website\",\"url\":\"https:\/\/infofestibiere.com\/quebec\/\",\"name\":\"de Qu\u00e9bec\",\"description\":\"Go\u00fbter l&#039;\u00e9t\u00e9!\",\"potentialAction\":[{\"@type\":\"SearchAction\",\"target\":{\"@type\":\"EntryPoint\",\"urlTemplate\":\"https:\/\/infofestibiere.com\/quebec\/?s={search_term_string}\"},\"query-input\":{\"@type\":\"PropertyValueSpecification\",\"valueRequired\":true,\"valueName\":\"search_term_string\"}}],\"inLanguage\":\"fr-FR\"}]}<\/script>\n<!-- \/ Yoast SEO plugin. -->","yoast_head_json":{"title":"Exposants - Le Festibi\u00e8re de Qu\u00e9bec","description":"D\u00e9couvre les exposants du Festibi\u00e8re de Qu\u00e9bec : microbrasseries, boissons alternatives, cuisine de rue et plus encore!","robots":{"index":"index","follow":"follow","max-snippet":"max-snippet:-1","max-image-preview":"max-image-preview:large","max-video-preview":"max-video-preview:-1"},"canonical":"https:\/\/infofestibiere.com\/quebec\/exposants\/","og_locale":"fr_FR","og_type":"article","og_title":"Exposants - Le Festibi\u00e8re de Qu\u00e9bec","og_description":"D\u00e9couvre les exposants du Festibi\u00e8re de Qu\u00e9bec : microbrasseries, boissons alternatives, cuisine de rue et plus encore!","og_url":"https:\/\/infofestibiere.com\/quebec\/exposants\/","og_site_name":"de Qu\u00e9bec","article_modified_time":"2025-08-19T17:03:48+00:00","og_image":[{"width":800,"height":480,"url":"https:\/\/infofestibiere.com\/quebec\/wp-content\/uploads\/sites\/2\/2025\/02\/Festibiere-exposant-FB25-2.png","type":"image\/png"}],"twitter_card":"summary_large_image","twitter_misc":{"Dur\u00e9e de lecture estim\u00e9e":"3 minutes"},"schema":{"@context":"https:\/\/schema.org","@graph":[{"@type":"WebPage","@id":"https:\/\/infofestibiere.com\/quebec\/exposants\/","url":"https:\/\/infofestibiere.com\/quebec\/exposants\/","name":"Exposants - Le Festibi\u00e8re de Qu\u00e9bec","isPartOf":{"@id":"https:\/\/infofestibiere.com\/quebec\/#website"},"primaryImageOfPage":{"@id":"https:\/\/infofestibiere.com\/quebec\/exposants\/#primaryimage"},"image":{"@id":"https:\/\/infofestibiere.com\/quebec\/exposants\/#primaryimage"},"thumbnailUrl":"https:\/\/infofestibiere.com\/quebec\/wp-content\/uploads\/sites\/2\/2025\/02\/Festibiere-exposant-FB25-2.png","datePublished":"2017-07-04T13:50:03+00:00","dateModified":"2025-08-19T17:03:48+00:00","description":"D\u00e9couvre les exposants du Festibi\u00e8re de Qu\u00e9bec : microbrasseries, boissons alternatives, cuisine de rue et plus encore!","breadcrumb":{"@id":"https:\/\/infofestibiere.com\/quebec\/exposants\/#breadcrumb"},"inLanguage":"fr-FR","potentialAction":[{"@type":"ReadAction","target":["https:\/\/infofestibiere.com\/quebec\/exposants\/"]}]},{"@type":"ImageObject","inLanguage":"fr-FR","@id":"https:\/\/infofestibiere.com\/quebec\/exposants\/#primaryimage","url":"https:\/\/infofestibiere.com\/quebec\/wp-content\/uploads\/sites\/2\/2025\/02\/Festibiere-exposant-FB25-2.png","contentUrl":"https:\/\/infofestibiere.com\/quebec\/wp-content\/uploads\/sites\/2\/2025\/02\/Festibiere-exposant-FB25-2.png","width":800,"height":480},{"@type":"BreadcrumbList","@id":"https:\/\/infofestibiere.com\/quebec\/exposants\/#breadcrumb","itemListElement":[{"@type":"ListItem","position":1,"name":"Accueil","item":"https:\/\/infofestibiere.com\/quebec\/"},{"@type":"ListItem","position":2,"name":"EXPOSANTS"}]},{"@type":"WebSite","@id":"https:\/\/infofestibiere.com\/quebec\/#website","url":"https:\/\/infofestibiere.com\/quebec\/","name":"de Qu\u00e9bec","description":"Go\u00fbter l&#039;\u00e9t\u00e9!","potentialAction":[{"@type":"SearchAction","target":{"@type":"EntryPoint","urlTemplate":"https:\/\/infofestibiere.com\/quebec\/?s={search_term_string}"},"query-input":{"@type":"PropertyValueSpecification","valueRequired":true,"valueName":"search_term_string"}}],"inLanguage":"fr-FR"}]}},"_links":{"self":[{"href":"https:\/\/infofestibiere.com\/quebec\/wp-json\/wp\/v2\/pages\/136","targetHints":{"allow":["GET"]}}],"collection":[{"href":"https:\/\/infofestibiere.com\/quebec\/wp-json\/wp\/v2\/pages"}],"about":[{"href":"https:\/\/infofestibiere.com\/quebec\/wp-json\/wp\/v2\/types\/page"}],"author":[{"embeddable":true,"href":"https:\/\/infofestibiere.com\/quebec\/wp-json\/wp\/v2\/users\/2"}],"replies":[{"embeddable":true,"href":"https:\/\/infofestibiere.com\/quebec\/wp-json\/wp\/v2\/comments?post=136"}],"version-history":[{"count":123,"href":"https:\/\/infofestibiere.com\/quebec\/wp-json\/wp\/v2\/pages\/136\/revisions"}],"predecessor-version":[{"id":5654,"href":"https:\/\/infofestibiere.com\/quebec\/wp-json\/wp\/v2\/pages\/136\/revisions\/5654"}],"wp:featuredmedia":[{"embeddable":true,"href":"https:\/\/infofestibiere.com\/quebec\/wp-json\/wp\/v2\/media\/5150"}],"wp:attachment":[{"href":"https:\/\/infofestibiere.com\/quebec\/wp-json\/wp\/v2\/media?parent=136"}],"curies":[{"name":"wp","href":"https:\/\/api.w.org\/{rel}","templated":true}]}}