{"id":521,"date":"2018-05-22T16:39:35","date_gmt":"2018-05-22T14:39:35","guid":{"rendered":"https:\/\/infofestibiere.com\/levis\/?page_id=521"},"modified":"2026-04-09T09:17:58","modified_gmt":"2026-04-09T13:17:58","slug":"partenaires","status":"publish","type":"page","link":"https:\/\/infofestibiere.com\/levis\/partenaires\/","title":{"rendered":"PARTENAIRES"},"content":{"rendered":"<div class=\"wpb-content-wrapper\"><p>[vc_row css=\u00a0\u00bb.vc_custom_1526999456099{padding-top: 40px !important;}\u00a0\u00bb][vc_column css=\u00a0\u00bb.vc_custom_1649081376335{padding-top: 5px !important;}\u00a0\u00bb][vc_single_image image=\u00a0\u00bb4928&Prime; img_size=\u00a0\u00bbfull\u00a0\u00bb css=\u00a0\u00bb\u00a0\u00bb][vc_empty_space][vc_custom_heading text=\u00a0\u00bbNOS <b>PARTENAIRES 2026<\/b>\u00a0\u00bb font_container=\u00a0\u00bbtag:h1|font_size:30|text_align:center|color:%2336add6&Prime; google_fonts=\u00a0\u00bbfont_family:Montserrat%3Aregular%2C700|font_style:400%20regular%3A400%3Anormal\u00a0\u00bb css=\u00a0\u00bb\u00a0\u00bb][vc_empty_space][\/vc_column][\/vc_row][vc_row][vc_column][vc_empty_space height=\u00a0\u00bb25px\u00a0\u00bb][vc_row_inner][vc_column_inner width=\u00a0\u00bb2\/3&Prime;][vc_message message_box_color=\u00a0\u00bbwarning\u00a0\u00bb icon_fontawesome=\u00a0\u00bb\u00a0\u00bb css=\u00a0\u00bb\u00a0\u00bb]<span style=\"color: #000000;\"><strong>INT\u00c9RESS\u00c9 \u00c0 DEVENIR PARTENAIRE?<\/strong><\/span><\/p>\n<p><span style=\"color: #000000;\">\u00c9cris-nous d\u00e8s maintenant pour le Festibi\u00e8re de L\u00e9vis 2026.<\/span>[\/vc_message][\/vc_column_inner][vc_column_inner width=\u00a0\u00bb1\/3&Prime;][vc_empty_space height=\u00a0\u00bb20px\u00a0\u00bb][vc_btn title=\u00a0\u00bbD\u00e9montre ton int\u00e9r\u00eat!\u00a0\u00bb color=\u00a0\u00bborange\u00a0\u00bb align=\u00a0\u00bbcenter\u00a0\u00bb css=\u00a0\u00bb\u00a0\u00bb link=\u00a0\u00bburl:mailto%3Apartenariats%40gestev.com%20|target:_blank\u00a0\u00bb][\/vc_column_inner][\/vc_row_inner][vc_empty_space][\/vc_column][\/vc_row][vc_row][vc_column width=\u00a0\u00bb1\/4&Prime;][vc_empty_space height=\u00a0\u00bb10px\u00a0\u00bb][vc_single_image image=\u00a0\u00bb2200&Prime; img_size=\u00a0\u00bb200&#215;200&Prime; alignment=\u00a0\u00bbcenter\u00a0\u00bb onclick=\u00a0\u00bbcustom_link\u00a0\u00bb img_link_target=\u00a0\u00bb_blank\u00a0\u00bb link=\u00a0\u00bbhttps:\/\/www.quebec.ca\/\u00a0\u00bb][vc_empty_space height=\u00a0\u00bb16px\u00a0\u00bb][\/vc_column][vc_column width=\u00a0\u00bb1\/4&Prime;][vc_empty_space height=\u00a0\u00bb70px\u00a0\u00bb][vc_single_image image=\u00a0\u00bb2982&Prime; img_size=\u00a0\u00bb156&#215;60&Prime; alignment=\u00a0\u00bbcenter\u00a0\u00bb onclick=\u00a0\u00bbcustom_link\u00a0\u00bb img_link_target=\u00a0\u00bb_blank\u00a0\u00bb link=\u00a0\u00bbhttps:\/\/www.ville.levis.qc.ca\/accueil\/\u00a0\u00bb][vc_empty_space height=\u00a0\u00bb16px\u00a0\u00bb][\/vc_column][vc_column width=\u00a0\u00bb1\/4&Prime; css=\u00a0\u00bb.vc_custom_1534947076766{padding-top: 32px !important;}\u00a0\u00bb][vc_empty_space][vc_empty_space height=\u00a0\u00bb20px\u00a0\u00bb][vc_single_image image=\u00a0\u00bb3059&Prime; img_size=\u00a0\u00bb180&#215;60&Prime; alignment=\u00a0\u00bbcenter\u00a0\u00bb onclick=\u00a0\u00bbcustom_link\u00a0\u00bb img_link_target=\u00a0\u00bb_blank\u00a0\u00bb link=\u00a0\u00bbhttps:\/\/www.promutuelassurance.ca\/fr\u00a0\u00bb][vc_empty_space height=\u00a0\u00bb16px\u00a0\u00bb][\/vc_column][vc_column width=\u00a0\u00bb1\/4&Prime;][vc_empty_space height=\u00a0\u00bb16px\u00a0\u00bb][vc_single_image image=\u00a0\u00bb4505&Prime; img_size=\u00a0\u00bb200&#215;200&Prime; alignment=\u00a0\u00bbcenter\u00a0\u00bb onclick=\u00a0\u00bbcustom_link\u00a0\u00bb img_link_target=\u00a0\u00bb_blank\u00a0\u00bb link=\u00a0\u00bbhttps:\/\/placedelacite.com\/\u00a0\u00bb][vc_empty_space height=\u00a0\u00bb16px\u00a0\u00bb][\/vc_column][\/vc_row][vc_row][vc_column width=\u00a0\u00bb1\/4&Prime;][vc_empty_space height=\u00a0\u00bb70px\u00a0\u00bb][vc_single_image image=\u00a0\u00bb4911&Prime; img_size=\u00a0\u00bb180&#215;125&Prime; alignment=\u00a0\u00bbcenter\u00a0\u00bb onclick=\u00a0\u00bbcustom_link\u00a0\u00bb img_link_target=\u00a0\u00bb_blank\u00a0\u00bb css=\u00a0\u00bb\u00a0\u00bb link=\u00a0\u00bbhttps:\/\/lagabiere.com\/\u00a0\u00bb][vc_empty_space height=\u00a0\u00bb16px\u00a0\u00bb][\/vc_column][vc_column width=\u00a0\u00bb1\/4&Prime;][vc_empty_space height=\u00a0\u00bb25px\u00a0\u00bb][vc_empty_space height=\u00a0\u00bb25px\u00a0\u00bb][vc_empty_space height=\u00a0\u00bb25px\u00a0\u00bb][vc_single_image image=\u00a0\u00bb4914&Prime; img_size=\u00a0\u00bb200&#215;130&Prime; alignment=\u00a0\u00bbcenter\u00a0\u00bb onclick=\u00a0\u00bbcustom_link\u00a0\u00bb img_link_target=\u00a0\u00bb_blank\u00a0\u00bb css=\u00a0\u00bb\u00a0\u00bb link=\u00a0\u00bbhttps:\/\/doolysquebec.com\/\u00a0\u00bb][vc_empty_space height=\u00a0\u00bb16px\u00a0\u00bb][\/vc_column][vc_column width=\u00a0\u00bb1\/4&Prime; css=\u00a0\u00bb.vc_custom_1534947076766{padding-top: 32px !important;}\u00a0\u00bb][vc_single_image image=\u00a0\u00bb4916&Prime; img_size=\u00a0\u00bb190&#215;190&Prime; alignment=\u00a0\u00bbcenter\u00a0\u00bb onclick=\u00a0\u00bbcustom_link\u00a0\u00bb img_link_target=\u00a0\u00bb_blank\u00a0\u00bb css=\u00a0\u00bb\u00a0\u00bb link=\u00a0\u00bbhttps:\/\/fromagerievictoria.com\/\u00a0\u00bb][vc_empty_space height=\u00a0\u00bb16px\u00a0\u00bb][\/vc_column][vc_column width=\u00a0\u00bb1\/4&Prime;][vc_empty_space height=\u00a0\u00bb70px\u00a0\u00bb][vc_single_image image=\u00a0\u00bb4925&Prime; img_size=\u00a0\u00bb210&#215;75&Prime; alignment=\u00a0\u00bbcenter\u00a0\u00bb onclick=\u00a0\u00bbcustom_link\u00a0\u00bb img_link_target=\u00a0\u00bb_blank\u00a0\u00bb css=\u00a0\u00bb\u00a0\u00bb link=\u00a0\u00bbhttps:\/\/www.mallette.ca\/\u00a0\u00bb][vc_empty_space height=\u00a0\u00bb16px\u00a0\u00bb][\/vc_column][\/vc_row][vc_row][vc_column width=\u00a0\u00bb1\/4&Prime;][vc_empty_space][vc_empty_space height=\u00a0\u00bb10px\u00a0\u00bb][vc_single_image image=\u00a0\u00bb2937&Prime; img_size=\u00a0\u00bbfull\u00a0\u00bb alignment=\u00a0\u00bbcenter\u00a0\u00bb onclick=\u00a0\u00bbcustom_link\u00a0\u00bb img_link_target=\u00a0\u00bb_blank\u00a0\u00bb css=\u00a0\u00bb\u00a0\u00bb link=\u00a0\u00bbhttps:\/\/www.archibaldmicrobrasserie.ca\/\u00a0\u00bb][vc_empty_space height=\u00a0\u00bb16px\u00a0\u00bb][\/vc_column][vc_column width=\u00a0\u00bb1\/4&Prime;][vc_empty_space][vc_empty_space][vc_empty_space height=\u00a0\u00bb16px\u00a0\u00bb][vc_single_image image=\u00a0\u00bb4358&Prime; img_size=\u00a0\u00bb269&#215;50&Prime; alignment=\u00a0\u00bbcenter\u00a0\u00bb onclick=\u00a0\u00bbcustom_link\u00a0\u00bb img_link_target=\u00a0\u00bb_blank\u00a0\u00bb css=\u00a0\u00bb\u00a0\u00bb link=\u00a0\u00bbhttps:\/\/www.facebook.com\/churrosquebec\u00a0\u00bb][vc_empty_space height=\u00a0\u00bb16px\u00a0\u00bb][\/vc_column][vc_column width=\u00a0\u00bb1\/4&Prime;][vc_empty_space height=\u00a0\u00bb5px\u00a0\u00bb][vc_empty_space][vc_empty_space][vc_single_image image=\u00a0\u00bb4923&Prime; img_size=\u00a0\u00bb471&#215;70&Prime; alignment=\u00a0\u00bbcenter\u00a0\u00bb onclick=\u00a0\u00bbcustom_link\u00a0\u00bb img_link_target=\u00a0\u00bb_blank\u00a0\u00bb css=\u00a0\u00bb\u00a0\u00bb link=\u00a0\u00bbhttps:\/\/pepsi-alexcoulombe.com\/\u00a0\u00bb][vc_empty_space height=\u00a0\u00bb16px\u00a0\u00bb][\/vc_column][vc_column width=\u00a0\u00bb1\/4&Prime;][vc_empty_space height=\u00a0\u00bb25px\u00a0\u00bb][vc_single_image image=\u00a0\u00bb4921&Prime; img_size=\u00a0\u00bb200&#215;100&Prime; alignment=\u00a0\u00bbcenter\u00a0\u00bb onclick=\u00a0\u00bbcustom_link\u00a0\u00bb img_link_target=\u00a0\u00bb_blank\u00a0\u00bb css=\u00a0\u00bb\u00a0\u00bb link=\u00a0\u00bbhttps:\/\/bilodeautransport.com\/\u00a0\u00bb][vc_empty_space][vc_empty_space height=\u00a0\u00bb16px\u00a0\u00bb][\/vc_column][\/vc_row][vc_row][vc_column width=\u00a0\u00bb1\/4&Prime;][vc_empty_space][vc_empty_space][vc_empty_space height=\u00a0\u00bb15px\u00a0\u00bb][vc_single_image image=\u00a0\u00bb4105&Prime; img_size=\u00a0\u00bb429&#215;100&Prime; alignment=\u00a0\u00bbcenter\u00a0\u00bb onclick=\u00a0\u00bbcustom_link\u00a0\u00bb img_link_target=\u00a0\u00bb_blank\u00a0\u00bb css=\u00a0\u00bb\u00a0\u00bb link=\u00a0\u00bbhttps:\/\/www.traversiers.com\/fr\/accueil\u00a0\u00bb][vc_empty_space height=\u00a0\u00bb16px\u00a0\u00bb][\/vc_column][vc_column width=\u00a0\u00bb1\/4&Prime;][vc_empty_space][vc_single_image image=\u00a0\u00bb4909&Prime; img_size=\u00a0\u00bb170&#215;170&Prime; alignment=\u00a0\u00bbcenter\u00a0\u00bb onclick=\u00a0\u00bbcustom_link\u00a0\u00bb img_link_target=\u00a0\u00bb_blank\u00a0\u00bb css=\u00a0\u00bb\u00a0\u00bb link=\u00a0\u00bbhttps:\/\/www.echafaudsplus.com\/\u00a0\u00bb][vc_empty_space height=\u00a0\u00bb16px\u00a0\u00bb][\/vc_column][vc_column width=\u00a0\u00bb1\/4&Prime;][vc_empty_space][vc_empty_space height=\u00a0\u00bb16px\u00a0\u00bb][vc_empty_space height=\u00a0\u00bb16px\u00a0\u00bb][vc_single_image image=\u00a0\u00bb3070&Prime; img_size=\u00a0\u00bb120&#215;120&Prime; alignment=\u00a0\u00bbcenter\u00a0\u00bb onclick=\u00a0\u00bbcustom_link\u00a0\u00bb img_link_target=\u00a0\u00bb_blank\u00a0\u00bb link=\u00a0\u00bbhttps:\/\/www.olddutchfoods.ca\/\u00a0\u00bb][vc_empty_space height=\u00a0\u00bb16px\u00a0\u00bb][\/vc_column][vc_column width=\u00a0\u00bb1\/4&Prime;][vc_empty_space][vc_single_image image=\u00a0\u00bb3072&Prime; img_size=\u00a0\u00bb190&#215;190&Prime; alignment=\u00a0\u00bbcenter\u00a0\u00bb onclick=\u00a0\u00bbcustom_link\u00a0\u00bb img_link_target=\u00a0\u00bb_blank\u00a0\u00bb link=\u00a0\u00bbhttps:\/\/www.stlevis.ca\/\u00a0\u00bb][\/vc_column][\/vc_row][vc_row][vc_column width=\u00a0\u00bb1\/4&Prime;][vc_empty_space][vc_empty_space height=\u00a0\u00bb50px\u00a0\u00bb][vc_single_image image=\u00a0\u00bb4717&Prime; img_size=\u00a0\u00bb300&#215;150&Prime; alignment=\u00a0\u00bbcenter\u00a0\u00bb onclick=\u00a0\u00bbcustom_link\u00a0\u00bb img_link_target=\u00a0\u00bb_blank\u00a0\u00bb link=\u00a0\u00bbhttps:\/\/lop.parl.ca\/sites\/ParlInfo\/default\/fr_CA\/Personnes\/Profil?personId=10060&Prime;][vc_empty_space][\/vc_column][vc_column width=\u00a0\u00bb1\/4&Prime;][vc_empty_space][vc_empty_space][vc_single_image image=\u00a0\u00bb3278&Prime; img_size=\u00a0\u00bb120&#215;120&Prime; alignment=\u00a0\u00bbcenter\u00a0\u00bb onclick=\u00a0\u00bbcustom_link\u00a0\u00bb img_link_target=\u00a0\u00bb_blank\u00a0\u00bb link=\u00a0\u00bbhttps:\/\/radiox.com\/\u00a0\u00bb][vc_empty_space][\/vc_column][vc_column width=\u00a0\u00bb1\/4&Prime;][vc_empty_space height=\u00a0\u00bb16px\u00a0\u00bb][vc_single_image image=\u00a0\u00bb2939&Prime; img_size=\u00a0\u00bb200&#215;200&Prime; alignment=\u00a0\u00bbcenter\u00a0\u00bb onclick=\u00a0\u00bbcustom_link\u00a0\u00bb img_link_target=\u00a0\u00bb_blank\u00a0\u00bb css=\u00a0\u00bb.vc_custom_1653671972986{padding-top: 20px !important;}\u00a0\u00bb link=\u00a0\u00bbhttps:\/\/www.blvd.fm\/\u00a0\u00bb][vc_empty_space height=\u00a0\u00bb16px\u00a0\u00bb][\/vc_column][vc_column width=\u00a0\u00bb1\/4&Prime;][vc_empty_space height=\u00a0\u00bb16px\u00a0\u00bb][vc_single_image image=\u00a0\u00bb4609&Prime; img_size=\u00a0\u00bb283&#215;100&Prime; alignment=\u00a0\u00bbcenter\u00a0\u00bb onclick=\u00a0\u00bbcustom_link\u00a0\u00bb img_link_target=\u00a0\u00bb_blank\u00a0\u00bb css=\u00a0\u00bb.vc_custom_1748874691819{padding-top: 20px !important;}\u00a0\u00bb link=\u00a0\u00bbhttps:\/\/www.journaldequebec.com\/\u00a0\u00bb][vc_empty_space height=\u00a0\u00bb25px\u00a0\u00bb][\/vc_column][\/vc_row][vc_row][vc_column width=\u00a0\u00bb1\/4&Prime;][vc_empty_space][vc_single_image image=\u00a0\u00bb4615&Prime; img_size=\u00a0\u00bb159&#215;70&Prime; alignment=\u00a0\u00bbcenter\u00a0\u00bb onclick=\u00a0\u00bbcustom_link\u00a0\u00bb img_link_target=\u00a0\u00bb_blank\u00a0\u00bb link=\u00a0\u00bbhttps:\/\/www.tvanouvelles.ca\/\u00a0\u00bb][vc_empty_space height=\u00a0\u00bb25px\u00a0\u00bb][\/vc_column][vc_column width=\u00a0\u00bb1\/4&Prime;][vc_empty_space][vc_single_image image=\u00a0\u00bb387&Prime; img_size=\u00a0\u00bb190&#215;100&Prime; alignment=\u00a0\u00bbcenter\u00a0\u00bb onclick=\u00a0\u00bbcustom_link\u00a0\u00bb img_link_target=\u00a0\u00bb_blank\u00a0\u00bb link=\u00a0\u00bbhttps:\/\/quebec.wknd.fm\/\u00a0\u00bb][vc_empty_space height=\u00a0\u00bb25px\u00a0\u00bb][\/vc_column][\/vc_row][vc_row][vc_column][vc_empty_space height=\u00a0\u00bb25px\u00a0\u00bb][vc_separator color=\u00a0\u00bbsky\u00a0\u00bb][vc_empty_space][\/vc_column][\/vc_row][vc_row][vc_column width=\u00a0\u00bb1\/4&Prime;][vc_single_image image=\u00a0\u00bb4362&Prime; img_size=\u00a0\u00bb200&#215;62&Prime; alignment=\u00a0\u00bbcenter\u00a0\u00bb onclick=\u00a0\u00bbcustom_link\u00a0\u00bb img_link_target=\u00a0\u00bb_blank\u00a0\u00bb link=\u00a0\u00bbhttps:\/\/www.gestev.com\/\u00a0\u00bb][vc_empty_space height=\u00a0\u00bb16px\u00a0\u00bb][\/vc_column][vc_column width=\u00a0\u00bb1\/4&Prime;][vc_single_image image=\u00a0\u00bb4821&Prime; img_size=\u00a0\u00bb250&#215;250&Prime; alignment=\u00a0\u00bbcenter\u00a0\u00bb onclick=\u00a0\u00bbcustom_link\u00a0\u00bb img_link_target=\u00a0\u00bb_blank\u00a0\u00bb css=\u00a0\u00bb\u00a0\u00bb link=\u00a0\u00bbhttps:\/\/www.legrandmarchedequebec.com\/\u00a0\u00bb][\/vc_column][vc_column width=\u00a0\u00bb1\/4&Prime;][\/vc_column][vc_column width=\u00a0\u00bb1\/4&Prime;][\/vc_column][\/vc_row][vc_row][vc_column][vc_empty_space][\/vc_column][\/vc_row]<\/p>\n<\/div>","protected":false},"excerpt":{"rendered":"<p>[vc_row css=\u00a0\u00bb.vc_custom_1526999456099{padding-top: 40px !important;}\u00a0\u00bb][vc_column css=\u00a0\u00bb.vc_custom_1649081376335{padding-top: 5px !important;}\u00a0\u00bb][vc_single_image image=\u00a0\u00bb4928&Prime; img_size=\u00a0\u00bbfull\u00a0\u00bb css=\u00a0\u00bb\u00a0\u00bb][vc_empty_space][vc_custom_heading text=\u00a0\u00bbNOS PARTENAIRES 2026\u00a0\u00bb font_container=\u00a0\u00bbtag:h1|font_size:30|text_align:center|color:%2336add6&Prime; google_fonts=\u00a0\u00bbfont_family:Montserrat%3Aregular%2C700|font_style:400%20regular%3A400%3Anormal\u00a0\u00bb css=\u00a0\u00bb\u00a0\u00bb][vc_empty_space][\/vc_column][\/vc_row][vc_row][vc_column][vc_empty_space height=\u00a0\u00bb25px\u00a0\u00bb][vc_row_inner][vc_column_inner width=\u00a0\u00bb2\/3&Prime;][vc_message message_box_color=\u00a0\u00bbwarning\u00a0\u00bb icon_fontawesome=\u00a0\u00bb\u00a0\u00bb css=\u00a0\u00bb\u00a0\u00bb]INT\u00c9RESS\u00c9 \u00c0 DEVENIR PARTENAIRE? \u00c9cris-nous d\u00e8s maintenant pour le Festibi\u00e8re de L\u00e9vis 2026.[\/vc_message][\/vc_column_inner][vc_column_inner width=\u00a0\u00bb1\/3&Prime;][vc_empty_space height=\u00a0\u00bb20px\u00a0\u00bb][vc_btn title=\u00a0\u00bbD\u00e9montre ton int\u00e9r\u00eat!\u00a0\u00bb color=\u00a0\u00bborange\u00a0\u00bb align=\u00a0\u00bbcenter\u00a0\u00bb css=\u00a0\u00bb\u00a0\u00bb link=\u00a0\u00bburl:mailto%3Apartenariats%40gestev.com%20|target:_blank\u00a0\u00bb][\/vc_column_inner][\/vc_row_inner][vc_empty_space][\/vc_column][\/vc_row][vc_row][vc_column width=\u00a0\u00bb1\/4&Prime;][vc_empty_space height=\u00a0\u00bb10px\u00a0\u00bb][vc_single_image image=\u00a0\u00bb2200&Prime; img_size=\u00a0\u00bb200&#215;200&Prime; alignment=\u00a0\u00bbcenter\u00a0\u00bb onclick=\u00a0\u00bbcustom_link\u00a0\u00bb img_link_target=\u00a0\u00bb_blank\u00a0\u00bb link=\u00a0\u00bbhttps:\/\/www.quebec.ca\/\u00a0\u00bb][vc_empty_space height=\u00a0\u00bb16px\u00a0\u00bb][\/vc_column][vc_column width=\u00a0\u00bb1\/4&Prime;][vc_empty_space height=\u00a0\u00bb70px\u00a0\u00bb][vc_single_image image=\u00a0\u00bb2982&Prime; img_size=\u00a0\u00bb156&#215;60&Prime; [&hellip;]<\/p>\n","protected":false},"author":2,"featured_media":0,"parent":0,"menu_order":0,"comment_status":"closed","ping_status":"closed","template":"","meta":{"footnotes":""},"class_list":["post-521","page","type-page","status-publish","hentry"],"yoast_head":"<!-- This site is optimized with the Yoast SEO plugin v27.2 - https:\/\/yoast.com\/product\/yoast-seo-wordpress\/ -->\n<title>Partenaires | Festibi\u00e8re de L\u00e9vis<\/title>\n<meta name=\"description\" content=\"Merci \u00e0 tous nos partenaires ! Gouvernement du Qu\u00e9bec, Promutuel Assurance, la Ville de L\u00e9vis, Tourisme Chaudi\u00e8re Appalaches et bien plus.\" \/>\n<meta name=\"robots\" content=\"index, follow, max-snippet:-1, max-image-preview:large, max-video-preview:-1\" \/>\n<link rel=\"canonical\" href=\"https:\/\/infofestibiere.com\/levis\/partenaires\/\" \/>\n<meta property=\"og:locale\" content=\"fr_FR\" \/>\n<meta property=\"og:type\" content=\"article\" \/>\n<meta property=\"og:title\" content=\"Partenaires | Festibi\u00e8re de L\u00e9vis\" \/>\n<meta property=\"og:description\" content=\"Merci \u00e0 tous nos partenaires ! Gouvernement du Qu\u00e9bec, Promutuel Assurance, la Ville de L\u00e9vis, Tourisme Chaudi\u00e8re Appalaches et bien plus.\" \/>\n<meta property=\"og:url\" content=\"https:\/\/infofestibiere.com\/levis\/partenaires\/\" \/>\n<meta property=\"og:site_name\" content=\"de L\u00e9vis\" \/>\n<meta property=\"article:modified_time\" content=\"2026-04-09T13:17:58+00:00\" \/>\n<meta name=\"twitter:card\" content=\"summary_large_image\" \/>\n<meta name=\"twitter:label1\" content=\"Dur\u00e9e de lecture estim\u00e9e\" \/>\n\t<meta name=\"twitter:data1\" content=\"7 minutes\" \/>\n<script type=\"application\/ld+json\" class=\"yoast-schema-graph\">{\"@context\":\"https:\/\/schema.org\",\"@graph\":[{\"@type\":\"WebPage\",\"@id\":\"https:\/\/infofestibiere.com\/levis\/partenaires\/\",\"url\":\"https:\/\/infofestibiere.com\/levis\/partenaires\/\",\"name\":\"Partenaires | Festibi\u00e8re de L\u00e9vis\",\"isPartOf\":{\"@id\":\"https:\/\/infofestibiere.com\/levis\/#website\"},\"datePublished\":\"2018-05-22T14:39:35+00:00\",\"dateModified\":\"2026-04-09T13:17:58+00:00\",\"description\":\"Merci \u00e0 tous nos partenaires ! Gouvernement du Qu\u00e9bec, Promutuel Assurance, la Ville de L\u00e9vis, Tourisme Chaudi\u00e8re Appalaches et bien plus.\",\"breadcrumb\":{\"@id\":\"https:\/\/infofestibiere.com\/levis\/partenaires\/#breadcrumb\"},\"inLanguage\":\"fr-FR\",\"potentialAction\":[{\"@type\":\"ReadAction\",\"target\":[\"https:\/\/infofestibiere.com\/levis\/partenaires\/\"]}]},{\"@type\":\"BreadcrumbList\",\"@id\":\"https:\/\/infofestibiere.com\/levis\/partenaires\/#breadcrumb\",\"itemListElement\":[{\"@type\":\"ListItem\",\"position\":1,\"name\":\"Accueil\",\"item\":\"https:\/\/infofestibiere.com\/levis\/\"},{\"@type\":\"ListItem\",\"position\":2,\"name\":\"PARTENAIRES\"}]},{\"@type\":\"WebSite\",\"@id\":\"https:\/\/infofestibiere.com\/levis\/#website\",\"url\":\"https:\/\/infofestibiere.com\/levis\/\",\"name\":\"de L\u00e9vis\",\"description\":\"Boire du pays!\",\"potentialAction\":[{\"@type\":\"SearchAction\",\"target\":{\"@type\":\"EntryPoint\",\"urlTemplate\":\"https:\/\/infofestibiere.com\/levis\/?s={search_term_string}\"},\"query-input\":{\"@type\":\"PropertyValueSpecification\",\"valueRequired\":true,\"valueName\":\"search_term_string\"}}],\"inLanguage\":\"fr-FR\"}]}<\/script>\n<!-- \/ Yoast SEO plugin. -->","yoast_head_json":{"title":"Partenaires | Festibi\u00e8re de L\u00e9vis","description":"Merci \u00e0 tous nos partenaires ! Gouvernement du Qu\u00e9bec, Promutuel Assurance, la Ville de L\u00e9vis, Tourisme Chaudi\u00e8re Appalaches et bien plus.","robots":{"index":"index","follow":"follow","max-snippet":"max-snippet:-1","max-image-preview":"max-image-preview:large","max-video-preview":"max-video-preview:-1"},"canonical":"https:\/\/infofestibiere.com\/levis\/partenaires\/","og_locale":"fr_FR","og_type":"article","og_title":"Partenaires | Festibi\u00e8re de L\u00e9vis","og_description":"Merci \u00e0 tous nos partenaires ! Gouvernement du Qu\u00e9bec, Promutuel Assurance, la Ville de L\u00e9vis, Tourisme Chaudi\u00e8re Appalaches et bien plus.","og_url":"https:\/\/infofestibiere.com\/levis\/partenaires\/","og_site_name":"de L\u00e9vis","article_modified_time":"2026-04-09T13:17:58+00:00","twitter_card":"summary_large_image","twitter_misc":{"Dur\u00e9e de lecture estim\u00e9e":"7 minutes"},"schema":{"@context":"https:\/\/schema.org","@graph":[{"@type":"WebPage","@id":"https:\/\/infofestibiere.com\/levis\/partenaires\/","url":"https:\/\/infofestibiere.com\/levis\/partenaires\/","name":"Partenaires | Festibi\u00e8re de L\u00e9vis","isPartOf":{"@id":"https:\/\/infofestibiere.com\/levis\/#website"},"datePublished":"2018-05-22T14:39:35+00:00","dateModified":"2026-04-09T13:17:58+00:00","description":"Merci \u00e0 tous nos partenaires ! Gouvernement du Qu\u00e9bec, Promutuel Assurance, la Ville de L\u00e9vis, Tourisme Chaudi\u00e8re Appalaches et bien plus.","breadcrumb":{"@id":"https:\/\/infofestibiere.com\/levis\/partenaires\/#breadcrumb"},"inLanguage":"fr-FR","potentialAction":[{"@type":"ReadAction","target":["https:\/\/infofestibiere.com\/levis\/partenaires\/"]}]},{"@type":"BreadcrumbList","@id":"https:\/\/infofestibiere.com\/levis\/partenaires\/#breadcrumb","itemListElement":[{"@type":"ListItem","position":1,"name":"Accueil","item":"https:\/\/infofestibiere.com\/levis\/"},{"@type":"ListItem","position":2,"name":"PARTENAIRES"}]},{"@type":"WebSite","@id":"https:\/\/infofestibiere.com\/levis\/#website","url":"https:\/\/infofestibiere.com\/levis\/","name":"de L\u00e9vis","description":"Boire du pays!","potentialAction":[{"@type":"SearchAction","target":{"@type":"EntryPoint","urlTemplate":"https:\/\/infofestibiere.com\/levis\/?s={search_term_string}"},"query-input":{"@type":"PropertyValueSpecification","valueRequired":true,"valueName":"search_term_string"}}],"inLanguage":"fr-FR"}]}},"_links":{"self":[{"href":"https:\/\/infofestibiere.com\/levis\/wp-json\/wp\/v2\/pages\/521","targetHints":{"allow":["GET"]}}],"collection":[{"href":"https:\/\/infofestibiere.com\/levis\/wp-json\/wp\/v2\/pages"}],"about":[{"href":"https:\/\/infofestibiere.com\/levis\/wp-json\/wp\/v2\/types\/page"}],"author":[{"embeddable":true,"href":"https:\/\/infofestibiere.com\/levis\/wp-json\/wp\/v2\/users\/2"}],"replies":[{"embeddable":true,"href":"https:\/\/infofestibiere.com\/levis\/wp-json\/wp\/v2\/comments?post=521"}],"version-history":[{"count":83,"href":"https:\/\/infofestibiere.com\/levis\/wp-json\/wp\/v2\/pages\/521\/revisions"}],"predecessor-version":[{"id":4934,"href":"https:\/\/infofestibiere.com\/levis\/wp-json\/wp\/v2\/pages\/521\/revisions\/4934"}],"wp:attachment":[{"href":"https:\/\/infofestibiere.com\/levis\/wp-json\/wp\/v2\/media?parent=521"}],"curies":[{"name":"wp","href":"https:\/\/api.w.org\/{rel}","templated":true}]}}