{"id":355,"date":"2017-05-05T00:44:02","date_gmt":"2017-05-04T22:44:02","guid":{"rendered":"https:\/\/infofestibiere.com\/levis\/?page_id=355"},"modified":"2025-06-24T10:26:50","modified_gmt":"2025-06-24T14:26:50","slug":"levis","status":"publish","type":"page","link":"https:\/\/infofestibiere.com\/levis\/levis\/?lang=en","title":{"rendered":"ACCUEIL"},"content":{"rendered":"<div class=\"wpb-content-wrapper\"><p>[vc_row css=\u00a0\u00bb.vc_custom_1678291555761{padding-top: 20px !important;}\u00a0\u00bb][vc_column width=\u00a0\u00bb1\/2&Prime; css=\u00a0\u00bb.vc_custom_1678290963390{padding-top: 10px !important;}\u00a0\u00bb][vc_single_image image=\u00a0\u00bb4584&Prime; img_size=\u00a0\u00bb450&#215;450&Prime; alignment=\u00a0\u00bbcenter\u00a0\u00bb][\/vc_column][vc_column width=\u00a0\u00bb1\/2&Prime; css=\u00a0\u00bb.vc_custom_1651090515309{padding-top: 10px !important;}\u00a0\u00bb][vc_custom_heading text=\u00a0\u00bb<b>FESTIBI\u00c8RE DE L\u00c9VIS<\/b>\u00a0\u00bb font_container=\u00a0\u00bbtag:h1|font_size:25|text_align:left|color:%2334a7cf\u00a0\u00bb google_fonts=\u00a0\u00bbfont_family:Raleway%3A100%2C200%2C300%2Cregular%2C500%2C600%2C700%2C800%2C900|font_style:300%20light%20regular%3A300%3Anormal\u00a0\u00bb][vc_custom_heading text=\u00a0\u00bb<b>JUNE 26 TO 29, 2025 | QUAI PAQUET<\/b>\u00a0\u00bb font_container=\u00a0\u00bbtag:h2|font_size:22|text_align:left|color:%230a0000&Prime; google_fonts=\u00a0\u00bbfont_family:Raleway%3A100%2C200%2C300%2Cregular%2C500%2C600%2C700%2C800%2C900|font_style:300%20light%20regular%3A300%3Anormal\u00a0\u00bb][vc_column_text]This summer, the Festibi\u00e8re de L\u00e9vis <strong>will make you see the country, but also drink from it<\/strong>. Rediscover your classics in a travel atmosphere at Quai Paquet this summer.<\/p>\n<p>The perfect opportunity to get away from it all, just a few minutes from home, from June 26 to 29, 2025.[\/vc_column_text][vc_empty_space height=\u00a0\u00bb5px\u00a0\u00bb][vc_row_inner][vc_column_inner width=\u00a0\u00bb1\/2&Prime;][thememove_icon icon_fontawesome=\u00a0\u00bbfa fa-calendar\u00a0\u00bb align=\u00a0\u00bbcenter\u00a0\u00bb size=\u00a0\u00bb40px\u00a0\u00bb custom_color=\u00a0\u00bb#34a7cf\u00a0\u00bb][vc_custom_heading text=\u00a0\u00bb<b>JUNE 26 TO 29, 2025<\/b>\u00a0\u00bb font_container=\u00a0\u00bbtag:h2|font_size:18|text_align:center\u00a0\u00bb google_fonts=\u00a0\u00bbfont_family:Raleway%3A100%2C200%2C300%2Cregular%2C500%2C600%2C700%2C800%2C900|font_style:300%20light%20regular%3A300%3Anormal\u00a0\u00bb css=\u00a0\u00bb.vc_custom_1738251272816{padding-bottom: 7px !important;}\u00a0\u00bb][vc_column_text css=\u00a0\u00bb.vc_custom_1738251342221{margin-bottom: 70px !important;padding-left: 10px !important;}\u00a0\u00bb]<\/p>\n<p style=\"text-align: center;\">Thursday | 4pm to 11pm<br \/>\nFriday | noon to 11pm<br \/>\nSaturday | noon to 11pm<br \/>\nSunday | noon to 7pm<\/p>\n<p>[\/vc_column_text][\/vc_column_inner][vc_column_inner width=\u00a0\u00bb1\/2&Prime;][thememove_icon icon_fontawesome=\u00a0\u00bbfa fa-map-marker\u00a0\u00bb align=\u00a0\u00bbcenter\u00a0\u00bb size=\u00a0\u00bb40px\u00a0\u00bb custom_color=\u00a0\u00bb#34a7cf\u00a0\u00bb][vc_custom_heading text=\u00a0\u00bb<b>QUAI PAQUET<\/b>\u00a0\u00bb font_container=\u00a0\u00bbtag:h2|font_size:18|text_align:center\u00a0\u00bb google_fonts=\u00a0\u00bbfont_family:Raleway%3A100%2C200%2C300%2Cregular%2C500%2C600%2C700%2C800%2C900|font_style:300%20light%20regular%3A300%3Anormal\u00a0\u00bb css=\u00a0\u00bb.vc_custom_1700076414383{padding-bottom: 7px !important;}\u00a0\u00bb][vc_column_text css=\u00a0\u00bb.vc_custom_1700076158220{margin-bottom: 70px !important;padding-left: 10px !important;}\u00a0\u00bb]<\/p>\n<p style=\"text-align: center;\"><span style=\"font-weight: 400;\"><a href=\"https:\/\/goo.gl\/maps\/aMRfTafKbg4LqWocA\" target=\"_blank\" rel=\"noopener\"><span style=\"text-decoration: underline;\">6075 Rue Saint-Laurent, L\u00e9vis, QC G6V 3P5<\/span><\/a><br \/>\n<\/span><\/p>\n<p>[\/vc_column_text][\/vc_column_inner][\/vc_row_inner][\/vc_column][\/vc_row][vc_row][vc_column][vc_empty_space][vc_row_inner][vc_column_inner width=\u00a0\u00bb1\/3&Prime; css=\u00a0\u00bb.vc_custom_1739226632030{padding-top: 10px !important;}\u00a0\u00bb][vc_custom_heading text=\u00a0\u00bb<b>MORE FUN<\/b>\u00a0\u00bb font_container=\u00a0\u00bbtag:h3|font_size:22|text_align:center|color:%230a0a0a\u00a0\u00bb use_theme_fonts=\u00a0\u00bbyes\u00a0\u00bb][vc_column_text]<\/p>\n<p style=\"text-align: center;\">It\u2019s even more music and programming: live music shows, hidden bar, tattooing or workshops <img decoding=\"async\" class=\"emoji\" role=\"img\" draggable=\"false\" src=\"https:\/\/s.w.org\/images\/core\/emoji\/15.0.3\/svg\/1f3b2.svg\" alt=\"\ud83c\udfb2\" \/><\/p>\n<p>[\/vc_column_text][vc_single_image image=\u00a0\u00bb4276&Prime; img_size=\u00a0\u00bbfull\u00a0\u00bb alignment=\u00a0\u00bbcenter\u00a0\u00bb style=\u00a0\u00bbvc_box_shadow_3d\u00a0\u00bb][\/vc_column_inner][vc_column_inner width=\u00a0\u00bb1\/3&Prime; css=\u00a0\u00bb.vc_custom_1739226622638{padding-top: 10px !important;}\u00a0\u00bb][vc_custom_heading text=\u00a0\u00bb<b>MORE DIVERSITY<\/b>\u00a0\u00bb font_container=\u00a0\u00bbtag:h3|font_size:22|text_align:center|color:%230a0a0a\u00a0\u00bb use_theme_fonts=\u00a0\u00bbyes\u00a0\u00bb][vc_column_text]<\/p>\n<p style=\"text-align: center;\"><span data-teams=\"true\">It\u2019s more product diversity: cocktails, spirits, ciders, wines, non-alcoholic beverages, but also beer, of course <img decoding=\"async\" class=\"emoji\" role=\"img\" draggable=\"false\" src=\"https:\/\/s.w.org\/images\/core\/emoji\/15.0.3\/svg\/1f379.svg\" alt=\"\ud83c\udf79\" \/><\/span><\/p>\n<p>[\/vc_column_text][vc_single_image image=\u00a0\u00bb4274&Prime; img_size=\u00a0\u00bbfull\u00a0\u00bb alignment=\u00a0\u00bbcenter\u00a0\u00bb style=\u00a0\u00bbvc_box_shadow_3d\u00a0\u00bb][\/vc_column_inner][vc_column_inner width=\u00a0\u00bb1\/3&Prime; css=\u00a0\u00bb.vc_custom_1739226627277{padding-top: 10px !important;}\u00a0\u00bb][vc_custom_heading text=\u00a0\u00bb<b>MORE TASTES<\/b>\u00a0\u00bb font_container=\u00a0\u00bbtag:h3|font_size:22|text_align:center|color:%230a0a0a\u00a0\u00bb use_theme_fonts=\u00a0\u00bbyes\u00a0\u00bb][vc_column_text]<\/p>\n<p style=\"text-align: center;\">It\u2019s more flavours on your plate: sweet, savoury, healthy, vegan options, but above all good to eat <img decoding=\"async\" class=\"emoji\" role=\"img\" draggable=\"false\" src=\"https:\/\/s.w.org\/images\/core\/emoji\/15.0.3\/svg\/1f354.svg\" alt=\"\ud83c\udf54\" \/><img decoding=\"async\" class=\"emoji\" role=\"img\" draggable=\"false\" src=\"https:\/\/s.w.org\/images\/core\/emoji\/15.0.3\/svg\/1f366.svg\" alt=\"\ud83c\udf66\" \/><\/p>\n<p>[\/vc_column_text][vc_single_image image=\u00a0\u00bb4272&Prime; img_size=\u00a0\u00bbfull\u00a0\u00bb alignment=\u00a0\u00bbcenter\u00a0\u00bb style=\u00a0\u00bbvc_box_shadow_3d\u00a0\u00bb][\/vc_column_inner][\/vc_row_inner][vc_empty_space height=\u00a0\u00bb20px\u00a0\u00bb][vc_cta h2=\u00a0\u00bb<b>TICKETS 2025<\/b> \ud83c\udfab \u00a0\u00bb h2_font_container=\u00a0\u00bbfont_size:%2022|color:%230a0a0a\u00a0\u00bb h2_use_theme_fonts=\u00a0\u00bbyes\u00a0\u00bb style=\u00a0\u00bboutline\u00a0\u00bb color=\u00a0\u00bbsky\u00a0\u00bb add_button=\u00a0\u00bbright\u00a0\u00bb btn_title=\u00a0\u00bbBUY\u00a0\u00bb btn_color=\u00a0\u00bbsky\u00a0\u00bb use_custom_fonts_h2=\u00a0\u00bbtrue\u00a0\u00bb btn_link=\u00a0\u00bburl:https%3A%2F%2Finfofestibiere.com%2Fbilletterie%2F%3Flang%3Den||target:%20_blank|\u00a0\u00bb]<\/p>\n<div data-olk-copy-source=\"MessageBody\">\n<ul>\n<li>Daily access &#8211; $32.34+tx (tasting access for the entire duration of the event, 1 wristband and 1 ecocup)<\/li>\n<li>Weekly access &#8211; $43.49+tx (tasting access for the entire duration of the event, 1 wristband and 1 ecocup)<\/li>\n<li>Salon Privil\u00e8ge &#8211; $102.01+tx (New V.I.P. experience: daily access, covered area &amp; unlimited drinks on selected products)<\/li>\n<\/ul>\n<\/div>\n<p>[\/vc_cta][\/vc_column][\/vc_row][vc_row][vc_column][vc_empty_space height=\u00a0\u00bb15px\u00a0\u00bb][vc_custom_heading text=\u00a0\u00bb3 NIGHTS OF SHOWS \ud83c\udf0a\u00a0\u00bb font_container=\u00a0\u00bbtag:h3|font_size:26|text_align:center|color:%230a0000&Prime; google_fonts=\u00a0\u00bbfont_family:Roboto%20Condensed%3A300%2C300italic%2Cregular%2Citalic%2C700%2C700italic|font_style:700%20bold%20regular%3A700%3Anormal\u00a0\u00bb][vc_empty_space height=\u00a0\u00bb10px\u00a0\u00bb][vc_row_inner][vc_column_inner width=\u00a0\u00bb2\/3&Prime; css=\u00a0\u00bb.vc_custom_1742423927231{padding-top: 10px !important;}\u00a0\u00bb][vc_column_text]We told you! This year, Le Festibi\u00e8re is more fun and more music with <b>Jay Sc\u00f8tt\u00a0<\/b>(June 26)<b>,<\/b>\u00a0<strong>Clay and Friends<\/strong> (June 27), <b>Classe Moyenne<\/b> (June 28) &amp; more on the Place de la Cit\u00e9 stage.<\/p>\n<p>Get ready to dance, jump and sing your heart out![\/vc_column_text][\/vc_column_inner][vc_column_inner width=\u00a0\u00bb1\/3&Prime; css=\u00a0\u00bb.vc_custom_1739460786193{padding-top: 10px !important;}\u00a0\u00bb][vc_empty_space height=\u00a0\u00bb20px\u00a0\u00bb][vc_btn title=\u00a0\u00bbTickets\u00a0\u00bb color=\u00a0\u00bborange\u00a0\u00bb align=\u00a0\u00bbcenter\u00a0\u00bb link=\u00a0\u00bburl:https%3A%2F%2Finfofestibiere.com%2Fbilletterie%2F%3Flang%3Den||target:%20_blank|\u00a0\u00bb][\/vc_column_inner][\/vc_row_inner][vc_empty_space height=\u00a0\u00bb20px\u00a0\u00bb][vc_single_image image=\u00a0\u00bb4591&Prime; img_size=\u00a0\u00bbfull\u00a0\u00bb alignment=\u00a0\u00bbcenter\u00a0\u00bb style=\u00a0\u00bbvc_box_shadow_3d\u00a0\u00bb onclick=\u00a0\u00bbzoom\u00a0\u00bb css=\u00a0\u00bb.vc_custom_1748872424974{border-radius: 10px !important;}\u00a0\u00bb][vc_empty_space height=\u00a0\u00bb20px\u00a0\u00bb][\/vc_column][\/vc_row][vc_row][vc_column][vc_empty_space height=\u00a0\u00bb10px\u00a0\u00bb][vc_tta_tabs color=\u00a0\u00bbblack\u00a0\u00bb active_section=\u00a0\u00bb1&Prime;][vc_tta_section title=\u00a0\u00bb<b>Infos utiles<\/b>\u00a0\u00bb tab_id=\u00a0\u00bb1733762366062-8576f920-08c7&Prime;][vc_column_text]<\/p>\n<ul>\n<li><strong>When?<\/strong> June 26 to 29, 2025<\/li>\n<li><strong>Where?<\/strong> Quai Paquet, <a href=\"https:\/\/goo.gl\/maps\/aMRfTafKbg4LqWocA\" target=\"_blank\" rel=\"noopener\">6075 Rue Saint-Laurent, L\u00e9vis, QC G6V 3P5<\/a><\/li>\n<li><strong>What?<\/strong> Summer event featuring beer, wine, spirits &amp; non-alcoholic beverages in a festive atmosphere<\/li>\n<li><strong>Who?<\/strong> Many exhibitors\u2019 booths on site. Lists of microbreweries coming soon!<\/li>\n<li><strong>Why?<\/strong> Because why not coconut<\/li>\n<\/ul>\n<p>[\/vc_column_text][\/vc_tta_section][vc_tta_section title=\u00a0\u00bb<b>How does it work?<\/b>\u00a0\u00bb tab_id=\u00a0\u00bb1733762366046-20091f89-e4ab\u00a0\u00bb][vc_column_text]<\/p>\n<div class=\"vc_tta-panel-body\">\n<div class=\"wpb_text_column wpb_content_element \">\n<div class=\"wpb_wrapper\">\n<p><strong>How tickets work:<\/strong><\/p>\n<ol>\n<li>Following your purchase, an electronic ticket (pdf) will be sent to you by e-mail with your purchase confirmation.<\/li>\n<li>When you arrive at the event, your glass and bracelet can be picked up at the box office on presentation of your electronic ticket. The tasting coupon, exclusive to Festibi\u00e8re Experience holders only, will be given to you at the same time.<\/li>\n<\/ol>\n<p><strong>How event work:<\/strong><\/p>\n<ul>\n<li>Wristband and glass (ecocup or souvenir glass*) are required to taste kiosk products on site (18+).<\/li>\n<li>Payment by cash or card. (Price and method of payment at exhibitor\u2019s discretion) \/\/ Average $3 to $8 for a 4oz tasting. Tipping not included.<\/li>\n<li>The souvenir glass does NOT include access to the tasting.<\/li>\n<li>A free tasting coupon (4oz), exclusive to Festibi\u00e8re Experience ticket holders, will be handed out at the same time as the bracelet and glass at the box office during the event.<\/li>\n<li>Festibi\u00e8re products are\u00a0<strong>non-refundable and non-exchangeable<\/strong>. Sales conditions<\/li>\n<\/ul>\n<p>*For security reasons, the souvenir glass cannot be used at the L\u00e9vis Festibi\u00e8re.<\/p>\n<\/div>\n<\/div>\n<\/div>\n<p>[\/vc_column_text][\/vc_tta_section][vc_tta_section title=\u00a0\u00bb<b>Tickets<\/b>\u00a0\u00bb tab_id=\u00a0\u00bb1733762417448-91fb4207-11d3&Prime;][vc_column_text]<strong>Ticket options:<\/strong><\/p>\n<ul>\n<li><strong>Weekly access:<\/strong>\u00a0access to the tasting for the entire duration of the event, 1 bracelet and 1\u00a0<em>ecocup<\/em><\/li>\n<li><strong>Daily access:<\/strong>\u00a0access to the tasting for one day of your choice during the event, 1 bracelet and 1\u00a0<em>ecocup<\/em><\/li>\n<li>(SOLD OUT) \u2013\u00a0<strong>The Festibi\u00e8re Experience<\/strong>: tasting access for the entire duration of the event, 1 bracelet, 1\u00a0<em>ecocup<\/em>\u00a0and 1 free 4 oz tasting valid at all exhibitors.<\/li>\n<li><strong>Daily access to the Salon Privil\u00e8ge<\/strong>: V.I.P. experience with drinks included on selected products, private covered space, breathtaking view of the musical program + regular daily access to the tasting for one day of your choice during the event, 1 bracelet and 1\u00a0<em>ecocup<\/em><\/li>\n<\/ul>\n<p>[\/vc_column_text][vc_btn title=\u00a0\u00bbTICKET OFFICE\u00a0\u00bb style=\u00a0\u00bbcustom\u00a0\u00bb custom_background=\u00a0\u00bb#34a7cf\u00a0\u00bb custom_text=\u00a0\u00bb#efefef\u00a0\u00bb align=\u00a0\u00bbleft\u00a0\u00bb i_icon_fontawesome=\u00a0\u00bbfa fa-ticket\u00a0\u00bb add_icon=\u00a0\u00bbtrue\u00a0\u00bb link=\u00a0\u00bburl:https%3A%2F%2Finfofestibiere.com%2Fbilletterie%2F%3Flang%3Den||target:%20_blank|\u00a0\u00bb][\/vc_tta_section][\/vc_tta_tabs][\/vc_column][\/vc_row][vc_row][vc_column css=\u00a0\u00bb.vc_custom_1651090515309{padding-top: 10px !important;}\u00a0\u00bb][vc_empty_space height=\u00a0\u00bb20px\u00a0\u00bb][vc_row_inner][vc_column_inner width=\u00a0\u00bb1\/3&Prime; css=\u00a0\u00bb.vc_custom_1651090420479{padding-top: 10px !important;}\u00a0\u00bb][vc_single_image image=\u00a0\u00bb2371&Prime; img_size=\u00a0\u00bb400&#215;300&Prime; alignment=\u00a0\u00bbcenter\u00a0\u00bb style=\u00a0\u00bbvc_box_shadow_3d\u00a0\u00bb][vc_btn title=\u00a0\u00bbCONTACT US\u00a0\u00bb style=\u00a0\u00bbcustom\u00a0\u00bb custom_background=\u00a0\u00bb#34a7cf\u00a0\u00bb custom_text=\u00a0\u00bb#efefef\u00a0\u00bb align=\u00a0\u00bbcenter\u00a0\u00bb i_icon_fontawesome=\u00a0\u00bbfa fa-phone\u00a0\u00bb add_icon=\u00a0\u00bbtrue\u00a0\u00bb link=\u00a0\u00bburl:https%3A%2F%2Finfofestibiere.com%2Fnousjoindre%2F||target:%20_blank|\u00a0\u00bb][\/vc_column_inner][vc_column_inner width=\u00a0\u00bb1\/3&Prime; css=\u00a0\u00bb.vc_custom_1651090427836{padding-top: 10px !important;}\u00a0\u00bb][vc_single_image image=\u00a0\u00bb3859&Prime; img_size=\u00a0\u00bb400&#215;300&Prime; alignment=\u00a0\u00bbcenter\u00a0\u00bb style=\u00a0\u00bbvc_box_shadow_3d\u00a0\u00bb][vc_btn title=\u00a0\u00bbNEWSLETTER\u00a0\u00bb style=\u00a0\u00bbcustom\u00a0\u00bb custom_background=\u00a0\u00bb#34a7cf\u00a0\u00bb custom_text=\u00a0\u00bb#efefef\u00a0\u00bb align=\u00a0\u00bbcenter\u00a0\u00bb i_icon_fontawesome=\u00a0\u00bbfa fa-envelope\u00a0\u00bb add_icon=\u00a0\u00bbtrue\u00a0\u00bb link=\u00a0\u00bburl:http%3A%2F%2Feepurl.com%2FgrW2sD||target:%20_blank|\u00a0\u00bb][\/vc_column_inner][vc_column_inner width=\u00a0\u00bb1\/3&Prime; css=\u00a0\u00bb.vc_custom_1651090411591{padding-top: 10px !important;}\u00a0\u00bb][vc_single_image image=\u00a0\u00bb3471&Prime; img_size=\u00a0\u00bb400&#215;300&Prime; alignment=\u00a0\u00bbcenter\u00a0\u00bb style=\u00a0\u00bbvc_box_shadow_3d\u00a0\u00bb][vc_btn title=\u00a0\u00bbTICKET OFFICE\u00a0\u00bb style=\u00a0\u00bbcustom\u00a0\u00bb custom_background=\u00a0\u00bb#34a7cf\u00a0\u00bb custom_text=\u00a0\u00bb#efefef\u00a0\u00bb align=\u00a0\u00bbcenter\u00a0\u00bb i_icon_fontawesome=\u00a0\u00bbfa fa-ticket\u00a0\u00bb add_icon=\u00a0\u00bbtrue\u00a0\u00bb link=\u00a0\u00bburl:https%3A%2F%2Finfofestibiere.com%2Fbilletterie%2F||target:%20_blank|\u00a0\u00bb][\/vc_column_inner][\/vc_row_inner][vc_empty_space height=\u00a0\u00bb20px\u00a0\u00bb][\/vc_column][\/vc_row][vc_row][vc_column][vc_empty_space][vc_empty_space height=\u00a0\u00bb20px\u00a0\u00bb][\/vc_column][\/vc_row][vc_row][vc_column][vc_custom_heading text=\u00a0\u00bb<b>MEMORIES OF FESTIBI\u00c8RE<\/b>\u00a0\u00bb font_container=\u00a0\u00bbtag:h3|font_size:25|text_align:left|color:%2334a7cf\u00a0\u00bb google_fonts=\u00a0\u00bbfont_family:Raleway%3A100%2C200%2C300%2Cregular%2C500%2C600%2C700%2C800%2C900|font_style:300%20light%20regular%3A300%3Anormal\u00a0\u00bb][vc_empty_space height=\u00a0\u00bb10px\u00a0\u00bb][vc_video link=\u00a0\u00bbhttps:\/\/youtu.be\/k2DkVDW9GTY\u00a0\u00bb align=\u00a0\u00bbcenter\u00a0\u00bb][vc_empty_space][\/vc_column][\/vc_row][vc_row][vc_column][vc_empty_space][vc_empty_space][\/vc_column][\/vc_row][vc_column width=\u00a0\u00bb1\/2&Prime; css=\u00a0\u00bb.vc_custom_1682619386759{padding-top: 20px !important;}\u00a0\u00bb][\/vc_column][vc_column][\/vc_column][vc_column][\/vc_column][vc_column width=\u00a0\u00bb1\/2&Prime; css=\u00a0\u00bb.vc_custom_1682619386759{padding-top: 20px !important;}\u00a0\u00bb][\/vc_column][vc_column][\/vc_column][vc_column width=\u00a0\u00bb1\/2&Prime; css=\u00a0\u00bb.vc_custom_1682619386759{padding-top: 20px !important;}\u00a0\u00bb][\/vc_column][vc_column][\/vc_column]<\/p>\n<\/div>","protected":false},"excerpt":{"rendered":"<p>[vc_row css=\u00a0\u00bb.vc_custom_1678291555761{padding-top: 20px !important;}\u00a0\u00bb][vc_column width=\u00a0\u00bb1\/2&Prime; css=\u00a0\u00bb.vc_custom_1678290963390{padding-top: 10px !important;}\u00a0\u00bb][vc_single_image image=\u00a0\u00bb4584&Prime; img_size=\u00a0\u00bb450&#215;450&Prime; alignment=\u00a0\u00bbcenter\u00a0\u00bb][\/vc_column][vc_column width=\u00a0\u00bb1\/2&Prime; css=\u00a0\u00bb.vc_custom_1651090515309{padding-top: 10px !important;}\u00a0\u00bb][vc_custom_heading text=\u00a0\u00bbFESTIBI\u00c8RE DE L\u00c9VIS\u00a0\u00bb font_container=\u00a0\u00bbtag:h1|font_size:25|text_align:left|color:%2334a7cf\u00a0\u00bb google_fonts=\u00a0\u00bbfont_family:Raleway%3A100%2C200%2C300%2Cregular%2C500%2C600%2C700%2C800%2C900|font_style:300%20light%20regular%3A300%3Anormal\u00a0\u00bb][vc_custom_heading text=\u00a0\u00bbJUNE 26 TO 29, 2025 | QUAI PAQUET\u00a0\u00bb font_container=\u00a0\u00bbtag:h2|font_size:22|text_align:left|color:%230a0000&Prime; google_fonts=\u00a0\u00bbfont_family:Raleway%3A100%2C200%2C300%2Cregular%2C500%2C600%2C700%2C800%2C900|font_style:300%20light%20regular%3A300%3Anormal\u00a0\u00bb][vc_column_text]This summer, the Festibi\u00e8re de L\u00e9vis will make you see the country, but also drink from it. Rediscover your classics in a travel atmosphere at Quai [&hellip;]<\/p>\n","protected":false},"author":2,"featured_media":4221,"parent":0,"menu_order":1,"comment_status":"closed","ping_status":"closed","template":"","meta":{"footnotes":""},"class_list":["post-355","page","type-page","status-publish","has-post-thumbnail","hentry"],"yoast_head":"<!-- This site is optimized with the Yoast SEO plugin v27.2 - https:\/\/yoast.com\/product\/yoast-seo-wordpress\/ -->\n<title>Le Festibi\u00e8re de L\u00e9vis - Quai Paquet<\/title>\n<meta name=\"description\" content=\"The Festibi\u00e8re de L\u00e9vis returns from June 26 to 29, 2025 at Quai Paquet. Get ready to have fun!\" \/>\n<meta name=\"robots\" content=\"index, follow, max-snippet:-1, max-image-preview:large, max-video-preview:-1\" \/>\n<link rel=\"canonical\" href=\"https:\/\/infofestibiere.com\/levis\/levis\/?lang=en\" \/>\n<meta property=\"og:locale\" content=\"fr_FR\" \/>\n<meta property=\"og:type\" content=\"article\" \/>\n<meta property=\"og:title\" content=\"Le Festibi\u00e8re de L\u00e9vis - Quai Paquet\" \/>\n<meta property=\"og:description\" content=\"The Festibi\u00e8re de L\u00e9vis returns from June 26 to 29, 2025 at Quai Paquet. Get ready to have fun!\" \/>\n<meta property=\"og:url\" content=\"https:\/\/infofestibiere.com\/levis\/levis\/?lang=en\" \/>\n<meta property=\"og:site_name\" content=\"de L\u00e9vis\" \/>\n<meta property=\"article:modified_time\" content=\"2025-06-24T14:26:50+00:00\" \/>\n<meta property=\"og:image\" content=\"https:\/\/infofestibiere.com\/levis\/wp-content\/uploads\/sites\/3\/2024\/09\/2.png\" \/>\n\t<meta property=\"og:image:width\" content=\"1080\" \/>\n\t<meta property=\"og:image:height\" content=\"1080\" \/>\n\t<meta property=\"og:image:type\" content=\"image\/png\" \/>\n<meta name=\"twitter:card\" content=\"summary_large_image\" \/>\n<meta name=\"twitter:label1\" content=\"Dur\u00e9e de lecture estim\u00e9e\" \/>\n\t<meta name=\"twitter:data1\" content=\"6 minutes\" \/>\n<script type=\"application\/ld+json\" class=\"yoast-schema-graph\">{\"@context\":\"https:\/\/schema.org\",\"@graph\":[{\"@type\":\"WebPage\",\"@id\":\"https:\/\/infofestibiere.com\/levis\/levis\/?lang=en\",\"url\":\"https:\/\/infofestibiere.com\/levis\/levis\/?lang=en\",\"name\":\"Le Festibi\u00e8re de L\u00e9vis - Quai Paquet\",\"isPartOf\":{\"@id\":\"https:\/\/infofestibiere.com\/levis\/#website\"},\"primaryImageOfPage\":{\"@id\":\"https:\/\/infofestibiere.com\/levis\/levis\/?lang=en#primaryimage\"},\"image\":{\"@id\":\"https:\/\/infofestibiere.com\/levis\/levis\/?lang=en#primaryimage\"},\"thumbnailUrl\":\"https:\/\/infofestibiere.com\/levis\/wp-content\/uploads\/sites\/3\/2024\/09\/2.png\",\"datePublished\":\"2017-05-04T22:44:02+00:00\",\"dateModified\":\"2025-06-24T14:26:50+00:00\",\"description\":\"The Festibi\u00e8re de L\u00e9vis returns from June 26 to 29, 2025 at Quai Paquet. Get ready to have fun!\",\"breadcrumb\":{\"@id\":\"https:\/\/infofestibiere.com\/levis\/levis\/?lang=en#breadcrumb\"},\"inLanguage\":\"fr-FR\",\"potentialAction\":[{\"@type\":\"ReadAction\",\"target\":[\"https:\/\/infofestibiere.com\/levis\/levis\/?lang=en\"]}]},{\"@type\":\"ImageObject\",\"inLanguage\":\"fr-FR\",\"@id\":\"https:\/\/infofestibiere.com\/levis\/levis\/?lang=en#primaryimage\",\"url\":\"https:\/\/infofestibiere.com\/levis\/wp-content\/uploads\/sites\/3\/2024\/09\/2.png\",\"contentUrl\":\"https:\/\/infofestibiere.com\/levis\/wp-content\/uploads\/sites\/3\/2024\/09\/2.png\",\"width\":1080,\"height\":1080},{\"@type\":\"BreadcrumbList\",\"@id\":\"https:\/\/infofestibiere.com\/levis\/levis\/?lang=en#breadcrumb\",\"itemListElement\":[{\"@type\":\"ListItem\",\"position\":1,\"name\":\"Accueil\",\"item\":\"https:\/\/infofestibiere.com\/levis\/\"},{\"@type\":\"ListItem\",\"position\":2,\"name\":\"ACCUEIL\"}]},{\"@type\":\"WebSite\",\"@id\":\"https:\/\/infofestibiere.com\/levis\/#website\",\"url\":\"https:\/\/infofestibiere.com\/levis\/\",\"name\":\"de L\u00e9vis\",\"description\":\"Boire du pays!\",\"potentialAction\":[{\"@type\":\"SearchAction\",\"target\":{\"@type\":\"EntryPoint\",\"urlTemplate\":\"https:\/\/infofestibiere.com\/levis\/?s={search_term_string}\"},\"query-input\":{\"@type\":\"PropertyValueSpecification\",\"valueRequired\":true,\"valueName\":\"search_term_string\"}}],\"inLanguage\":\"fr-FR\"}]}<\/script>\n<!-- \/ Yoast SEO plugin. -->","yoast_head_json":{"title":"Le Festibi\u00e8re de L\u00e9vis - Quai Paquet","description":"The Festibi\u00e8re de L\u00e9vis returns from June 26 to 29, 2025 at Quai Paquet. Get ready to have fun!","robots":{"index":"index","follow":"follow","max-snippet":"max-snippet:-1","max-image-preview":"max-image-preview:large","max-video-preview":"max-video-preview:-1"},"canonical":"https:\/\/infofestibiere.com\/levis\/levis\/?lang=en","og_locale":"fr_FR","og_type":"article","og_title":"Le Festibi\u00e8re de L\u00e9vis - Quai Paquet","og_description":"The Festibi\u00e8re de L\u00e9vis returns from June 26 to 29, 2025 at Quai Paquet. Get ready to have fun!","og_url":"https:\/\/infofestibiere.com\/levis\/levis\/?lang=en","og_site_name":"de L\u00e9vis","article_modified_time":"2025-06-24T14:26:50+00:00","og_image":[{"width":1080,"height":1080,"url":"https:\/\/infofestibiere.com\/levis\/wp-content\/uploads\/sites\/3\/2024\/09\/2.png","type":"image\/png"}],"twitter_card":"summary_large_image","twitter_misc":{"Dur\u00e9e de lecture estim\u00e9e":"6 minutes"},"schema":{"@context":"https:\/\/schema.org","@graph":[{"@type":"WebPage","@id":"https:\/\/infofestibiere.com\/levis\/levis\/?lang=en","url":"https:\/\/infofestibiere.com\/levis\/levis\/?lang=en","name":"Le Festibi\u00e8re de L\u00e9vis - Quai Paquet","isPartOf":{"@id":"https:\/\/infofestibiere.com\/levis\/#website"},"primaryImageOfPage":{"@id":"https:\/\/infofestibiere.com\/levis\/levis\/?lang=en#primaryimage"},"image":{"@id":"https:\/\/infofestibiere.com\/levis\/levis\/?lang=en#primaryimage"},"thumbnailUrl":"https:\/\/infofestibiere.com\/levis\/wp-content\/uploads\/sites\/3\/2024\/09\/2.png","datePublished":"2017-05-04T22:44:02+00:00","dateModified":"2025-06-24T14:26:50+00:00","description":"The Festibi\u00e8re de L\u00e9vis returns from June 26 to 29, 2025 at Quai Paquet. Get ready to have fun!","breadcrumb":{"@id":"https:\/\/infofestibiere.com\/levis\/levis\/?lang=en#breadcrumb"},"inLanguage":"fr-FR","potentialAction":[{"@type":"ReadAction","target":["https:\/\/infofestibiere.com\/levis\/levis\/?lang=en"]}]},{"@type":"ImageObject","inLanguage":"fr-FR","@id":"https:\/\/infofestibiere.com\/levis\/levis\/?lang=en#primaryimage","url":"https:\/\/infofestibiere.com\/levis\/wp-content\/uploads\/sites\/3\/2024\/09\/2.png","contentUrl":"https:\/\/infofestibiere.com\/levis\/wp-content\/uploads\/sites\/3\/2024\/09\/2.png","width":1080,"height":1080},{"@type":"BreadcrumbList","@id":"https:\/\/infofestibiere.com\/levis\/levis\/?lang=en#breadcrumb","itemListElement":[{"@type":"ListItem","position":1,"name":"Accueil","item":"https:\/\/infofestibiere.com\/levis\/"},{"@type":"ListItem","position":2,"name":"ACCUEIL"}]},{"@type":"WebSite","@id":"https:\/\/infofestibiere.com\/levis\/#website","url":"https:\/\/infofestibiere.com\/levis\/","name":"de L\u00e9vis","description":"Boire du pays!","potentialAction":[{"@type":"SearchAction","target":{"@type":"EntryPoint","urlTemplate":"https:\/\/infofestibiere.com\/levis\/?s={search_term_string}"},"query-input":{"@type":"PropertyValueSpecification","valueRequired":true,"valueName":"search_term_string"}}],"inLanguage":"fr-FR"}]}},"_links":{"self":[{"href":"https:\/\/infofestibiere.com\/levis\/wp-json\/wp\/v2\/pages\/355","targetHints":{"allow":["GET"]}}],"collection":[{"href":"https:\/\/infofestibiere.com\/levis\/wp-json\/wp\/v2\/pages"}],"about":[{"href":"https:\/\/infofestibiere.com\/levis\/wp-json\/wp\/v2\/types\/page"}],"author":[{"embeddable":true,"href":"https:\/\/infofestibiere.com\/levis\/wp-json\/wp\/v2\/users\/2"}],"replies":[{"embeddable":true,"href":"https:\/\/infofestibiere.com\/levis\/wp-json\/wp\/v2\/comments?post=355"}],"version-history":[{"count":59,"href":"https:\/\/infofestibiere.com\/levis\/wp-json\/wp\/v2\/pages\/355\/revisions"}],"predecessor-version":[{"id":4752,"href":"https:\/\/infofestibiere.com\/levis\/wp-json\/wp\/v2\/pages\/355\/revisions\/4752"}],"wp:featuredmedia":[{"embeddable":true,"href":"https:\/\/infofestibiere.com\/levis\/wp-json\/wp\/v2\/media\/4221"}],"wp:attachment":[{"href":"https:\/\/infofestibiere.com\/levis\/wp-json\/wp\/v2\/media?parent=355"}],"curies":[{"name":"wp","href":"https:\/\/api.w.org\/{rel}","templated":true}]}}