{"id":347,"date":"2017-05-05T00:44:56","date_gmt":"2017-05-05T04:44:56","guid":{"rendered":"https:\/\/infofestibiere.com\/levis\/?page_id=347"},"modified":"2025-06-24T10:46:23","modified_gmt":"2025-06-24T14:46:23","slug":"exposants","status":"publish","type":"page","link":"https:\/\/infofestibiere.com\/levis\/exposants\/?lang=en","title":{"rendered":"EXPOSANTS &#8211; eng"},"content":{"rendered":"<div class=\"wpb-content-wrapper\"><p>[vc_row][vc_column][vc_empty_space][vc_custom_heading text=\u00a0\u00bbDISCOVER LEVIS&rsquo;S EXHIBITORS\u00a0\u00bb font_container=\u00a0\u00bbtag:h1|font_size:25|text_align:center|color:%230a0101&Prime; use_theme_fonts=\u00a0\u00bbyes\u00a0\u00bb][vc_custom_heading text=\u00a0\u00bb<b>SEE YOU FROM JUNE 26 TO 29, 2025<\/b>\u00a0\u00bb font_container=\u00a0\u00bbtag:h2|font_size:22|text_align:center|color:%230a0000&Prime; use_theme_fonts=\u00a0\u00bbyes\u00a0\u00bb][vc_column_text]<\/p>\n<p style=\"text-align: center;\">This summer, Le Festibi\u00e8re de Sherbrooke is back with a brand new concept: Le Festibi\u00e8re +. That means more flavour on your plate, but also more diversity in your glass<img decoding=\"async\" class=\"emoji\" role=\"img\" draggable=\"false\" src=\"https:\/\/s.w.org\/images\/core\/emoji\/15.0.3\/svg\/1f31e.svg\" alt=\"\ud83c\udf1e\" \/><\/p>\n<p>[\/vc_column_text][vc_empty_space height=\u00a0\u00bb15px\u00a0\u00bb][vc_row_inner][vc_column_inner width=\u00a0\u00bb1\/2&Prime;][vc_custom_heading text=\u00a0\u00bb<b>MICROBREWERIES<\/b>\u00a0\u00bb font_container=\u00a0\u00bbtag:h2|font_size:20|text_align:center|color:%2334a7cf\u00a0\u00bb google_fonts=\u00a0\u00bbfont_family:Raleway%3A100%2C200%2C300%2Cregular%2C500%2C600%2C700%2C800%2C900|font_style:300%20light%20regular%3A300%3Anormal\u00a0\u00bb link=\u00a0\u00bb|||\u00a0\u00bb][vc_column_text]<\/p>\n<p style=\"text-align: center;\">Festibi\u00e8re + means more diversity, but without ever forgetting your first love\u2026 beer <img decoding=\"async\" class=\"emoji\" role=\"img\" draggable=\"false\" src=\"https:\/\/s.w.org\/images\/core\/emoji\/15.0.3\/svg\/1f37a.svg\" alt=\"\ud83c\udf7a\" \/><\/p>\n<p>[\/vc_column_text][vc_empty_space height=\u00a0\u00bb10px\u00a0\u00bb][vc_single_image image=\u00a0\u00bb4275&Prime; img_size=\u00a0\u00bb800&#215;480&Prime; alignment=\u00a0\u00bbcenter\u00a0\u00bb][\/vc_column_inner][vc_column_inner width=\u00a0\u00bb1\/2&Prime;][vc_custom_heading text=\u00a0\u00bb<b>MORE OPTIONS<\/b>\u00a0\u00bb font_container=\u00a0\u00bbtag:h2|font_size:20|text_align:center|color:%2334a7cf\u00a0\u00bb google_fonts=\u00a0\u00bbfont_family:Raleway%3A100%2C200%2C300%2Cregular%2C500%2C600%2C700%2C800%2C900|font_style:300%20light%20regular%3A300%3Anormal\u00a0\u00bb link=\u00a0\u00bb|||\u00a0\u00bb][vc_column_text]<\/p>\n<p style=\"text-align: center;\">A great selection of alternative drinks: <img decoding=\"async\" class=\"emoji\" role=\"img\" draggable=\"false\" src=\"https:\/\/s.w.org\/images\/core\/emoji\/15.0.3\/svg\/1f379.svg\" alt=\"\ud83c\udf79\" \/> cocktails, spirits, meads, wines, alcohol-free &amp; more!<\/p>\n<p>[\/vc_column_text][vc_empty_space height=\u00a0\u00bb10px\u00a0\u00bb][vc_single_image image=\u00a0\u00bb4557&Prime; img_size=\u00a0\u00bb800&#215;480&Prime; alignment=\u00a0\u00bbcenter\u00a0\u00bb][\/vc_column_inner][\/vc_row_inner][vc_empty_space][vc_single_image image=\u00a0\u00bb4753&Prime; img_size=\u00a0\u00bbfull\u00a0\u00bb alignment=\u00a0\u00bbcenter\u00a0\u00bb][vc_empty_space][vc_custom_heading text=\u00a0\u00bb<b>MORE FLAVOURS<\/b>\u00a0\u00bb font_container=\u00a0\u00bbtag:h2|font_size:20|text_align:center|color:%2334a7cf\u00a0\u00bb google_fonts=\u00a0\u00bbfont_family:Raleway%3A100%2C200%2C300%2Cregular%2C500%2C600%2C700%2C800%2C900|font_style:300%20light%20regular%3A300%3Anormal\u00a0\u00bb link=\u00a0\u00bb|||\u00a0\u00bb][vc_column_text]<\/p>\n<p style=\"text-align: center;\">Foodtrucks &amp; restaurateurs of all kinds <img decoding=\"async\" class=\"emoji\" role=\"img\" draggable=\"false\" src=\"https:\/\/s.w.org\/images\/core\/emoji\/15.0.3\/svg\/1f32e.svg\" alt=\"\ud83c\udf2e\" \/> sweet, salty, healthy, vegan options, but above all good to eat!<\/p>\n<p>[\/vc_column_text][vc_row_inner][vc_column_inner width=\u00a0\u00bb1\/2&Prime;][vc_empty_space height=\u00a0\u00bb10px\u00a0\u00bb][vc_single_image image=\u00a0\u00bb4256&Prime; img_size=\u00a0\u00bb800&#215;480&Prime; alignment=\u00a0\u00bbcenter\u00a0\u00bb][\/vc_column_inner][vc_column_inner width=\u00a0\u00bb1\/2&Prime;][vc_empty_space height=\u00a0\u00bb10px\u00a0\u00bb][vc_single_image image=\u00a0\u00bb4273&Prime; img_size=\u00a0\u00bb800&#215;480&Prime; alignment=\u00a0\u00bbcenter\u00a0\u00bb][\/vc_column_inner][\/vc_row_inner][vc_empty_space][vc_single_image image=\u00a0\u00bb4755&Prime; img_size=\u00a0\u00bbfull\u00a0\u00bb alignment=\u00a0\u00bbcenter\u00a0\u00bb][vc_empty_space][\/vc_column][\/vc_row][vc_row][vc_column][vc_empty_space][vc_cta h2=\u00a0\u00bb<b> TICKETS 2025<\/b> \ud83c\udfab \u00a0\u00bb h2_font_container=\u00a0\u00bbfont_size:%2022|color:%230a0a0a\u00a0\u00bb h2_use_theme_fonts=\u00a0\u00bbyes\u00a0\u00bb style=\u00a0\u00bboutline\u00a0\u00bb color=\u00a0\u00bbsky\u00a0\u00bb add_button=\u00a0\u00bbright\u00a0\u00bb btn_title=\u00a0\u00bbBUY\u00a0\u00bb btn_color=\u00a0\u00bbinfo\u00a0\u00bb use_custom_fonts_h2=\u00a0\u00bbtrue\u00a0\u00bb btn_link=\u00a0\u00bburl:https%3A%2F%2Finfofestibiere.com%2Fbilletterie%2F%3Flang%3Den||target:%20_blank|\u00a0\u00bb]<\/p>\n<ul>\n<li>Daily access \u2013 $32.34+tx (tasting access for the entire duration of the event, 1 wristband and 1 ecocup)<\/li>\n<li>Weekly access \u2013 $43.49+tx (tasting access for the entire duration of the event, 1 wristband and 1 ecocup)<\/li>\n<li>Salon Privil\u00e8ge \u2013 $102.01+tx (New V.I.P. experience: daily access, covered area &amp; unlimited drinks on selected products)<\/li>\n<\/ul>\n<div data-olk-copy-source=\"MessageBody\"><\/div>\n<p>[\/vc_cta][vc_empty_space height=\u00a0\u00bb25px\u00a0\u00bb][\/vc_column][\/vc_row][vc_row][vc_column][vc_empty_space][vc_empty_space][\/vc_column][\/vc_row][vc_column][\/vc_column][vc_column width=\u00a0\u00bb1\/2&Prime; css=\u00a0\u00bb.vc_custom_1682619386759{padding-top: 20px !important;}\u00a0\u00bb][\/vc_column][vc_column][\/vc_column][vc_column width=\u00a0\u00bb1\/2&Prime; css=\u00a0\u00bb.vc_custom_1682619386759{padding-top: 20px !important;}\u00a0\u00bb][\/vc_column][vc_column][\/vc_column]<\/p>\n<\/div>","protected":false},"excerpt":{"rendered":"<p>[vc_row][vc_column][vc_empty_space][vc_custom_heading text=\u00a0\u00bbDISCOVER LEVIS&rsquo;S EXHIBITORS\u00a0\u00bb font_container=\u00a0\u00bbtag:h1|font_size:25|text_align:center|color:%230a0101&Prime; use_theme_fonts=\u00a0\u00bbyes\u00a0\u00bb][vc_custom_heading text=\u00a0\u00bbSEE YOU FROM JUNE 26 TO 29, 2025\u00a0\u00bb font_container=\u00a0\u00bbtag:h2|font_size:22|text_align:center|color:%230a0000&Prime; use_theme_fonts=\u00a0\u00bbyes\u00a0\u00bb][vc_column_text] This summer, Le Festibi\u00e8re de Sherbrooke is back with a brand new concept: Le Festibi\u00e8re +. That means more flavour on your plate, but also more diversity in your glass [\/vc_column_text][vc_empty_space height=\u00a0\u00bb15px\u00a0\u00bb][vc_row_inner][vc_column_inner width=\u00a0\u00bb1\/2&Prime;][vc_custom_heading text=\u00a0\u00bbMICROBREWERIES\u00a0\u00bb font_container=\u00a0\u00bbtag:h2|font_size:20|text_align:center|color:%2334a7cf\u00a0\u00bb google_fonts=\u00a0\u00bbfont_family:Raleway%3A100%2C200%2C300%2Cregular%2C500%2C600%2C700%2C800%2C900|font_style:300%20light%20regular%3A300%3Anormal\u00a0\u00bb link=\u00a0\u00bb|||\u00a0\u00bb][vc_column_text] Festibi\u00e8re + [&hellip;]<\/p>\n","protected":false},"author":2,"featured_media":3422,"parent":0,"menu_order":3,"comment_status":"closed","ping_status":"closed","template":"","meta":{"footnotes":""},"class_list":["post-347","page","type-page","status-publish","has-post-thumbnail","hentry"],"yoast_head":"<!-- This site is optimized with the Yoast SEO plugin v27.2 - https:\/\/yoast.com\/product\/yoast-seo-wordpress\/ -->\n<title>Exposants - Le Festibi\u00e8re de L\u00e9vis<\/title>\n<meta name=\"description\" content=\"D\u00e9couvrez les exposants du Festibi\u00e8re de L\u00e9vis : microbrasseries, boissons alternatives, cuisine de rue et plus encore!\" \/>\n<meta name=\"robots\" content=\"index, follow, max-snippet:-1, max-image-preview:large, max-video-preview:-1\" \/>\n<link rel=\"canonical\" href=\"https:\/\/infofestibiere.com\/levis\/exposants\/?lang=en\" \/>\n<meta property=\"og:locale\" content=\"fr_FR\" \/>\n<meta property=\"og:type\" content=\"article\" \/>\n<meta property=\"og:title\" content=\"Exposants - Le Festibi\u00e8re de L\u00e9vis\" \/>\n<meta property=\"og:description\" content=\"D\u00e9couvrez les exposants du Festibi\u00e8re de L\u00e9vis : microbrasseries, boissons alternatives, cuisine de rue et plus encore!\" \/>\n<meta property=\"og:url\" content=\"https:\/\/infofestibiere.com\/levis\/exposants\/?lang=en\" \/>\n<meta property=\"og:site_name\" content=\"de L\u00e9vis\" \/>\n<meta property=\"article:modified_time\" content=\"2025-06-24T14:46:23+00:00\" \/>\n<meta property=\"og:image\" content=\"https:\/\/infofestibiere.com\/levis\/wp-content\/uploads\/sites\/3\/2023\/05\/Festibiere2-ElisabethJoly-Photographe-1479.jpg\" \/>\n\t<meta property=\"og:image:width\" content=\"768\" \/>\n\t<meta property=\"og:image:height\" content=\"512\" \/>\n\t<meta property=\"og:image:type\" content=\"image\/jpeg\" \/>\n<meta name=\"twitter:card\" content=\"summary_large_image\" \/>\n<meta name=\"twitter:label1\" content=\"Dur\u00e9e de lecture estim\u00e9e\" \/>\n\t<meta name=\"twitter:data1\" content=\"3 minutes\" \/>\n<script type=\"application\/ld+json\" class=\"yoast-schema-graph\">{\"@context\":\"https:\/\/schema.org\",\"@graph\":[{\"@type\":\"WebPage\",\"@id\":\"https:\/\/infofestibiere.com\/levis\/exposants\/?lang=en\",\"url\":\"https:\/\/infofestibiere.com\/levis\/exposants\/?lang=en\",\"name\":\"Exposants - Le Festibi\u00e8re de L\u00e9vis\",\"isPartOf\":{\"@id\":\"https:\/\/infofestibiere.com\/levis\/#website\"},\"primaryImageOfPage\":{\"@id\":\"https:\/\/infofestibiere.com\/levis\/exposants\/?lang=en#primaryimage\"},\"image\":{\"@id\":\"https:\/\/infofestibiere.com\/levis\/exposants\/?lang=en#primaryimage\"},\"thumbnailUrl\":\"https:\/\/infofestibiere.com\/levis\/wp-content\/uploads\/sites\/3\/2023\/05\/Festibiere2-ElisabethJoly-Photographe-1479.jpg\",\"datePublished\":\"2017-05-05T04:44:56+00:00\",\"dateModified\":\"2025-06-24T14:46:23+00:00\",\"description\":\"D\u00e9couvrez les exposants du Festibi\u00e8re de L\u00e9vis : microbrasseries, boissons alternatives, cuisine de rue et plus encore!\",\"breadcrumb\":{\"@id\":\"https:\/\/infofestibiere.com\/levis\/exposants\/?lang=en#breadcrumb\"},\"inLanguage\":\"fr-FR\",\"potentialAction\":[{\"@type\":\"ReadAction\",\"target\":[\"https:\/\/infofestibiere.com\/levis\/exposants\/?lang=en\"]}]},{\"@type\":\"ImageObject\",\"inLanguage\":\"fr-FR\",\"@id\":\"https:\/\/infofestibiere.com\/levis\/exposants\/?lang=en#primaryimage\",\"url\":\"https:\/\/infofestibiere.com\/levis\/wp-content\/uploads\/sites\/3\/2023\/05\/Festibiere2-ElisabethJoly-Photographe-1479.jpg\",\"contentUrl\":\"https:\/\/infofestibiere.com\/levis\/wp-content\/uploads\/sites\/3\/2023\/05\/Festibiere2-ElisabethJoly-Photographe-1479.jpg\",\"width\":768,\"height\":512},{\"@type\":\"BreadcrumbList\",\"@id\":\"https:\/\/infofestibiere.com\/levis\/exposants\/?lang=en#breadcrumb\",\"itemListElement\":[{\"@type\":\"ListItem\",\"position\":1,\"name\":\"Accueil\",\"item\":\"https:\/\/infofestibiere.com\/levis\/\"},{\"@type\":\"ListItem\",\"position\":2,\"name\":\"EXPOSANTS &#8211; eng\"}]},{\"@type\":\"WebSite\",\"@id\":\"https:\/\/infofestibiere.com\/levis\/#website\",\"url\":\"https:\/\/infofestibiere.com\/levis\/\",\"name\":\"de L\u00e9vis\",\"description\":\"Boire du pays!\",\"potentialAction\":[{\"@type\":\"SearchAction\",\"target\":{\"@type\":\"EntryPoint\",\"urlTemplate\":\"https:\/\/infofestibiere.com\/levis\/?s={search_term_string}\"},\"query-input\":{\"@type\":\"PropertyValueSpecification\",\"valueRequired\":true,\"valueName\":\"search_term_string\"}}],\"inLanguage\":\"fr-FR\"}]}<\/script>\n<!-- \/ Yoast SEO plugin. -->","yoast_head_json":{"title":"Exposants - Le Festibi\u00e8re de L\u00e9vis","description":"D\u00e9couvrez les exposants du Festibi\u00e8re de L\u00e9vis : microbrasseries, boissons alternatives, cuisine de rue et plus encore!","robots":{"index":"index","follow":"follow","max-snippet":"max-snippet:-1","max-image-preview":"max-image-preview:large","max-video-preview":"max-video-preview:-1"},"canonical":"https:\/\/infofestibiere.com\/levis\/exposants\/?lang=en","og_locale":"fr_FR","og_type":"article","og_title":"Exposants - Le Festibi\u00e8re de L\u00e9vis","og_description":"D\u00e9couvrez les exposants du Festibi\u00e8re de L\u00e9vis : microbrasseries, boissons alternatives, cuisine de rue et plus encore!","og_url":"https:\/\/infofestibiere.com\/levis\/exposants\/?lang=en","og_site_name":"de L\u00e9vis","article_modified_time":"2025-06-24T14:46:23+00:00","og_image":[{"width":768,"height":512,"url":"https:\/\/infofestibiere.com\/levis\/wp-content\/uploads\/sites\/3\/2023\/05\/Festibiere2-ElisabethJoly-Photographe-1479.jpg","type":"image\/jpeg"}],"twitter_card":"summary_large_image","twitter_misc":{"Dur\u00e9e de lecture estim\u00e9e":"3 minutes"},"schema":{"@context":"https:\/\/schema.org","@graph":[{"@type":"WebPage","@id":"https:\/\/infofestibiere.com\/levis\/exposants\/?lang=en","url":"https:\/\/infofestibiere.com\/levis\/exposants\/?lang=en","name":"Exposants - Le Festibi\u00e8re de L\u00e9vis","isPartOf":{"@id":"https:\/\/infofestibiere.com\/levis\/#website"},"primaryImageOfPage":{"@id":"https:\/\/infofestibiere.com\/levis\/exposants\/?lang=en#primaryimage"},"image":{"@id":"https:\/\/infofestibiere.com\/levis\/exposants\/?lang=en#primaryimage"},"thumbnailUrl":"https:\/\/infofestibiere.com\/levis\/wp-content\/uploads\/sites\/3\/2023\/05\/Festibiere2-ElisabethJoly-Photographe-1479.jpg","datePublished":"2017-05-05T04:44:56+00:00","dateModified":"2025-06-24T14:46:23+00:00","description":"D\u00e9couvrez les exposants du Festibi\u00e8re de L\u00e9vis : microbrasseries, boissons alternatives, cuisine de rue et plus encore!","breadcrumb":{"@id":"https:\/\/infofestibiere.com\/levis\/exposants\/?lang=en#breadcrumb"},"inLanguage":"fr-FR","potentialAction":[{"@type":"ReadAction","target":["https:\/\/infofestibiere.com\/levis\/exposants\/?lang=en"]}]},{"@type":"ImageObject","inLanguage":"fr-FR","@id":"https:\/\/infofestibiere.com\/levis\/exposants\/?lang=en#primaryimage","url":"https:\/\/infofestibiere.com\/levis\/wp-content\/uploads\/sites\/3\/2023\/05\/Festibiere2-ElisabethJoly-Photographe-1479.jpg","contentUrl":"https:\/\/infofestibiere.com\/levis\/wp-content\/uploads\/sites\/3\/2023\/05\/Festibiere2-ElisabethJoly-Photographe-1479.jpg","width":768,"height":512},{"@type":"BreadcrumbList","@id":"https:\/\/infofestibiere.com\/levis\/exposants\/?lang=en#breadcrumb","itemListElement":[{"@type":"ListItem","position":1,"name":"Accueil","item":"https:\/\/infofestibiere.com\/levis\/"},{"@type":"ListItem","position":2,"name":"EXPOSANTS &#8211; eng"}]},{"@type":"WebSite","@id":"https:\/\/infofestibiere.com\/levis\/#website","url":"https:\/\/infofestibiere.com\/levis\/","name":"de L\u00e9vis","description":"Boire du pays!","potentialAction":[{"@type":"SearchAction","target":{"@type":"EntryPoint","urlTemplate":"https:\/\/infofestibiere.com\/levis\/?s={search_term_string}"},"query-input":{"@type":"PropertyValueSpecification","valueRequired":true,"valueName":"search_term_string"}}],"inLanguage":"fr-FR"}]}},"_links":{"self":[{"href":"https:\/\/infofestibiere.com\/levis\/wp-json\/wp\/v2\/pages\/347","targetHints":{"allow":["GET"]}}],"collection":[{"href":"https:\/\/infofestibiere.com\/levis\/wp-json\/wp\/v2\/pages"}],"about":[{"href":"https:\/\/infofestibiere.com\/levis\/wp-json\/wp\/v2\/types\/page"}],"author":[{"embeddable":true,"href":"https:\/\/infofestibiere.com\/levis\/wp-json\/wp\/v2\/users\/2"}],"replies":[{"embeddable":true,"href":"https:\/\/infofestibiere.com\/levis\/wp-json\/wp\/v2\/comments?post=347"}],"version-history":[{"count":33,"href":"https:\/\/infofestibiere.com\/levis\/wp-json\/wp\/v2\/pages\/347\/revisions"}],"predecessor-version":[{"id":4758,"href":"https:\/\/infofestibiere.com\/levis\/wp-json\/wp\/v2\/pages\/347\/revisions\/4758"}],"wp:featuredmedia":[{"embeddable":true,"href":"https:\/\/infofestibiere.com\/levis\/wp-json\/wp\/v2\/media\/3422"}],"wp:attachment":[{"href":"https:\/\/infofestibiere.com\/levis\/wp-json\/wp\/v2\/media?parent=347"}],"curies":[{"name":"wp","href":"https:\/\/api.w.org\/{rel}","templated":true}]}}