{"id":1974,"date":"2019-05-08T16:25:52","date_gmt":"2019-05-08T20:25:52","guid":{"rendered":"https:\/\/infofestibiere.com\/levis\/?page_id=1974"},"modified":"2025-06-30T11:41:58","modified_gmt":"2025-06-30T15:41:58","slug":"cuisine-de-rue","status":"publish","type":"page","link":"https:\/\/infofestibiere.com\/levis\/cuisine-de-rue\/","title":{"rendered":"Cuisine de rue"},"content":{"rendered":"<div class=\"wpb-content-wrapper\"><p>[vc_row css=\u00a0\u00bb.vc_custom_1526580245042{padding-top: 40px !important;}\u00a0\u00bb][vc_column][vc_empty_space height=\u00a0\u00bb20px\u00a0\u00bb][vc_message icon_fontawesome=\u00a0\u00bbfa fa-heart\u00a0\u00bb]<span style=\"font-weight: 400;\"><strong>\u00c0 L&rsquo;AN PROCHAIN L\u00c9VIS<\/strong>\u00a0\ud83c\udf7a\ud83c\udf78\ud83c\udfb6 \ud83c\udf0a &#8211; Merci pour la fin de semaine de feu! Le Festibi\u00e8re de L\u00e9vis est maintenant termin\u00e9, mais s\u00e8che tes larmes&#8230; on se revoit en 2026 pour encore + de fun, + de saveurs &amp; + de festivit\u00e9s. Cheers!<\/span>[\/vc_message][\/vc_column][\/vc_row][vc_row css=\u00a0\u00bb.vc_custom_1526580245042{padding-top: 40px !important;}\u00a0\u00bb][vc_column][vc_custom_heading text=\u00a0\u00bb<b>CUISINE DE RUE<\/b>\u00a0\u00bb font_container=\u00a0\u00bbtag:h1|font_size:30|text_align:center|color:%2334a7cf\u00a0\u00bb use_theme_fonts=\u00a0\u00bbyes\u00a0\u00bb][vc_custom_heading text=\u00a0\u00bb<b>Le duo parfait: Une bonne bouffe &amp; un verre \u00e0 la main!<\/b>\u00a0\u00bb font_container=\u00a0\u00bbtag:h2|font_size:16|text_align:center\u00a0\u00bb use_theme_fonts=\u00a0\u00bbyes\u00a0\u00bb][vc_column_text]<\/p>\n<p style=\"text-align: center;\">D\u00e9couvre la s\u00e9lection de\u00a0<strong>foodtrucks<\/strong>\u00a0et de\u00a0<strong>restaurateurs <\/strong>pr\u00e9sents dans la Zone gourmande Archibald Microbrasserie!<\/p>\n<p>[\/vc_column_text][vc_row_inner][vc_column_inner width=\u00a0\u00bb1\/4&Prime;][\/vc_column_inner][vc_column_inner width=\u00a0\u00bb1\/4&Prime; css=\u00a0\u00bb.vc_custom_1750705027437{padding-top: 10px !important;}\u00a0\u00bb][vc_single_image image=\u00a0\u00bb2937&Prime; img_size=\u00a0\u00bb264&#215;120&Prime; alignment=\u00a0\u00bbcenter\u00a0\u00bb][\/vc_column_inner][vc_column_inner width=\u00a0\u00bb1\/4&Prime; css=\u00a0\u00bb.vc_custom_1750705037204{padding-top: 10px !important;}\u00a0\u00bb][vc_empty_space][vc_btn title=\u00a0\u00bbPlan de site\u00a0\u00bb align=\u00a0\u00bbcenter\u00a0\u00bb i_icon_fontawesome=\u00a0\u00bbfa fa-map\u00a0\u00bb add_icon=\u00a0\u00bbtrue\u00a0\u00bb link=\u00a0\u00bburl:https%3A%2F%2Finfofestibiere.com%2Flevis%2Fwp-content%2Fuploads%2Fsites%2F3%2F2025%2F06%2FFBL25_plan-site_Levis_vF-1.png||target:%20_blank|\u00a0\u00bb][\/vc_column_inner][vc_column_inner width=\u00a0\u00bb1\/4&Prime;][\/vc_column_inner][\/vc_row_inner][\/vc_column][\/vc_row][vc_row css=\u00a0\u00bb.vc_custom_1683069766137{padding-top: 25px !important;}\u00a0\u00bb][vc_column][vc_separator color=\u00a0\u00bbcustom\u00a0\u00bb css=\u00a0\u00bb.vc_custom_1717631325207{padding-bottom: 10px !important;}\u00a0\u00bb accent_color=\u00a0\u00bb#34a7cf\u00a0\u00bb][vc_column_text]<\/p>\n<p style=\"text-align: center;\">\ud83c\udf43 Options v\u00e9g\u00e9tariennes ou v\u00e9ganes \/\/ \ud83c\udf3e Options sans gluten<\/p>\n<p style=\"text-align: center;\"><em>Clique sur le nom du restaurateur pour conna\u00eetre le menu!<\/em><\/p>\n<p>[\/vc_column_text][vc_empty_space height=\u00a0\u00bb15px\u00a0\u00bb][\/vc_column][\/vc_row][vc_row][vc_column width=\u00a0\u00bb1\/3&Prime; css=\u00a0\u00bb.vc_custom_1683082214806{padding-top: 10px !important;}\u00a0\u00bb][vc_tta_accordion style=\u00a0\u00bboutline\u00a0\u00bb color=\u00a0\u00bbpeacoc\u00a0\u00bb c_align=\u00a0\u00bbcenter\u00a0\u00bb c_icon=\u00a0\u00bb\u00a0\u00bb active_section=\u00a0\u00bb52&Prime; collapsible_all=\u00a0\u00bbtrue\u00a0\u00bb][vc_tta_section title=\u00a0\u00bb<b>BLEU HOMARD<\/b> \u00a0\u00bb tab_id=\u00a0\u00bb1683070513166-360ea975-0549&Prime;][vc_column_text]<\/p>\n<ul>\n<li>Gu\u00e9dille au homard<\/li>\n<li>Gu\u00e9dille aux crevettes<\/li>\n<li>Burger de crab cakes<\/li>\n<li>Calmars frits<\/li>\n<li>Beignet de morue<\/li>\n<li>Crevettes popcorn<\/li>\n<li>Frites<\/li>\n<\/ul>\n<p>[\/vc_column_text][\/vc_tta_section][\/vc_tta_accordion][vc_tta_accordion style=\u00a0\u00bboutline\u00a0\u00bb color=\u00a0\u00bbpeacoc\u00a0\u00bb c_align=\u00a0\u00bbcenter\u00a0\u00bb c_icon=\u00a0\u00bb\u00a0\u00bb active_section=\u00a0\u00bb57&Prime; collapsible_all=\u00a0\u00bbtrue\u00a0\u00bb][vc_tta_section title=\u00a0\u00bb<b>BOLS ET POK\u00c9<\/b> \ud83c\udf43\ud83c\udf3e\u00a0\u00bb tab_id=\u00a0\u00bb1683081720053-b23cf967-10e7&Prime;][vc_column_text]<\/p>\n<ul>\n<li>Poke saumon (edamames, concombres, gingembre)<\/li>\n<li>Poke crevettes (concombres, salade de chou asiatique)<\/li>\n<li>Poke porc (carottes, concombres, oignons rouges marin\u00e9s, jerky)<\/li>\n<li>Poke tofu \ud83c\udf43 (Salade d\u2019edamames, chou rouge, carottes)<\/li>\n<\/ul>\n<p>Ingr\u00e9dients de base: riz, crunch mix, avocat, oignons vert &amp; s\u00e9same<\/p>\n<p>Sauces: miso, s\u00e9same, lime, \u00e9pic\u00e9, \u00e9rable<\/p>\n<p>\ud83c\udf3e Options sans gluten \u00e0 valider avec l\u2019exposant directement sur place.[\/vc_column_text][\/vc_tta_section][\/vc_tta_accordion][vc_tta_accordion style=\u00a0\u00bboutline\u00a0\u00bb color=\u00a0\u00bbpeacoc\u00a0\u00bb c_align=\u00a0\u00bbcenter\u00a0\u00bb c_icon=\u00a0\u00bb\u00a0\u00bb active_section=\u00a0\u00bb53&Prime; collapsible_all=\u00a0\u00bbtrue\u00a0\u00bb][vc_tta_section title=\u00a0\u00bb<b>CHEZ DENISE<\/b> \ud83c\udf43\u00a0\u00bb tab_id=\u00a0\u00bb1683081918631-1b8a21aa-6397&Prime;][vc_column_text]<\/p>\n<ul>\n<li>Burger<\/li>\n<li>Mac and cheese \ud83c\udf43<\/li>\n<li>Hot dogs<\/li>\n<li>Guedille<\/li>\n<li>Croquette de mac and cheese \ud83c\udf43<\/li>\n<li>Mini pogo<\/li>\n<li>Desserts<\/li>\n<\/ul>\n<p>[\/vc_column_text][\/vc_tta_section][\/vc_tta_accordion][vc_tta_accordion style=\u00a0\u00bboutline\u00a0\u00bb color=\u00a0\u00bbpeacoc\u00a0\u00bb c_align=\u00a0\u00bbcenter\u00a0\u00bb c_icon=\u00a0\u00bb\u00a0\u00bb active_section=\u00a0\u00bb54&Prime; collapsible_all=\u00a0\u00bbtrue\u00a0\u00bb][vc_tta_section title=\u00a0\u00bb<b>CHUMRROS<\/b> \u00a0\u00bb tab_id=\u00a0\u00bb1683082020703-b7deb1ff-311c\u00a0\u00bb][vc_column_text]<\/p>\n<ul>\n<li>Churros<\/li>\n<li>Trempettes dulce ou chocolat<\/li>\n<\/ul>\n<p>[\/vc_column_text][\/vc_tta_section][\/vc_tta_accordion][\/vc_column][vc_column width=\u00a0\u00bb1\/3&Prime; css=\u00a0\u00bb.vc_custom_1683082219435{padding-top: 10px !important;}\u00a0\u00bb][vc_tta_accordion style=\u00a0\u00bboutline\u00a0\u00bb color=\u00a0\u00bbpeacoc\u00a0\u00bb c_align=\u00a0\u00bbcenter\u00a0\u00bb c_icon=\u00a0\u00bb\u00a0\u00bb active_section=\u00a0\u00bb52&Prime; collapsible_all=\u00a0\u00bbtrue\u00a0\u00bb][vc_tta_section title=\u00a0\u00bb<b>LA MADRINA &#8211; BOUFFE DE RUE<\/b> \ud83c\udf43\ud83c\udf3e\u00a0\u00bb tab_id=\u00a0\u00bb1683121391720-a1b70f26-c07a\u00a0\u00bb][vc_column_text]<\/p>\n<ul>\n<li>\n<div class=\"ewa-rteLine\">Tacos:<\/div>\n<ul>\n<li>\n<div class=\"ewa-rteLine\">porc,<\/div>\n<\/li>\n<li>\n<div class=\"ewa-rteLine\">poulet,<\/div>\n<\/li>\n<li>\n<div class=\"ewa-rteLine\">tofu \ud83c\udf43<\/div>\n<\/li>\n<li>\n<div class=\"ewa-rteLine\">p\u00eache du moment<\/div>\n<\/li>\n<\/ul>\n<\/li>\n<li>\n<div class=\"ewa-rteLine\">Burritos<\/div>\n<ul>\n<li>\n<div class=\"ewa-rteLine\">porc,<\/div>\n<\/li>\n<li>\n<div class=\"ewa-rteLine\">poulet<\/div>\n<\/li>\n<li>\n<div class=\"ewa-rteLine\">tofu \ud83c\udf43<\/div>\n<\/li>\n<\/ul>\n<\/li>\n<li>\n<div class=\"ewa-rteLine\">Nachos<\/div>\n<\/li>\n<li>\n<div class=\"ewa-rteLine\">Slush<\/div>\n<\/li>\n<\/ul>\n<p>\ud83c\udf3e Options sans gluten \u00e0 valider avec l\u2019exposant directement sur place.[\/vc_column_text][\/vc_tta_section][\/vc_tta_accordion][vc_tta_accordion style=\u00a0\u00bboutline\u00a0\u00bb color=\u00a0\u00bbpeacoc\u00a0\u00bb c_align=\u00a0\u00bbcenter\u00a0\u00bb c_icon=\u00a0\u00bb\u00a0\u00bb active_section=\u00a0\u00bb52&Prime; collapsible_all=\u00a0\u00bbtrue\u00a0\u00bb][vc_tta_section title=\u00a0\u00bb<b>LA SHOP &#8211; CUISINE DE RUE<\/b> \ud83c\udf43\u00a0\u00bb tab_id=\u00a0\u00bb1683082046528-5588da3a-6b9d\u00a0\u00bb][vc_column_text]<\/p>\n<ul>\n<li>Bols de riz shish<\/li>\n<li>Nachos<\/li>\n<li>Shish<\/li>\n<li>Salade shish<\/li>\n<li>Burgers de boeuf AAA (3 options)<\/li>\n<li>Burger V\u00e9g\u00e9 \ud83c\udf43<\/li>\n<li>Burger porc effiloch\u00e9<\/li>\n<\/ul>\n<p>[\/vc_column_text][\/vc_tta_section][\/vc_tta_accordion][vc_tta_accordion style=\u00a0\u00bboutline\u00a0\u00bb color=\u00a0\u00bbpeacoc\u00a0\u00bb c_align=\u00a0\u00bbcenter\u00a0\u00bb c_icon=\u00a0\u00bb\u00a0\u00bb active_section=\u00a0\u00bb53&Prime; collapsible_all=\u00a0\u00bbtrue\u00a0\u00bb][vc_tta_section title=\u00a0\u00bb<b>LE JUCEP<\/b> \ud83c\udf43\u00a0\u00bb tab_id=\u00a0\u00bb1683081742386-eec05741-405b\u00a0\u00bb][vc_column_text]<\/p>\n<ul>\n<li>Poutine<\/li>\n<li>Poutine BigMac<\/li>\n<li>Poutine BonConseil<\/li>\n<li>Poutine BangBang,<\/li>\n<li>Cornichons frits \ud83c\udf43<\/li>\n<li>Mac and cheese \ud83c\udf43<\/li>\n<\/ul>\n<p>[\/vc_column_text][\/vc_tta_section][\/vc_tta_accordion][vc_tta_accordion style=\u00a0\u00bboutline\u00a0\u00bb color=\u00a0\u00bbpeacoc\u00a0\u00bb c_align=\u00a0\u00bbcenter\u00a0\u00bb c_icon=\u00a0\u00bb\u00a0\u00bb active_section=\u00a0\u00bb52&Prime; collapsible_all=\u00a0\u00bbtrue\u00a0\u00bb][vc_tta_section title=\u00a0\u00bb<b>LOS GRINGOS<\/b> \u00a0\u00bb tab_id=\u00a0\u00bb1683082070648-283877d6-115f\u00a0\u00bb][vc_column_text]<\/p>\n<ul>\n<li class=\"ewa-rteLine\">Cr\u00e8me glac\u00e9e vanille\/chocolat\/mix<\/li>\n<li class=\"ewa-rteLine\">Cr\u00e8me glac\u00e9e tremp\u00e9e chocolat, barbe \u00e0 papa, caramel sal\u00e9, bonbon confettis<\/li>\n<li class=\"ewa-rteLine\">Sundae chocolat, caramel, fraise<\/li>\n<li class=\"ewa-rteLine\">Slush<\/li>\n<li class=\"ewa-rteLine\">Mont-blanc<\/li>\n<li class=\"ewa-rteLine\">Barbe-\u00e0-papa<\/li>\n<li class=\"ewa-rteLine\">Oreille d&rsquo;\u00e9l\u00e9phant<\/li>\n<\/ul>\n<p>[\/vc_column_text][\/vc_tta_section][\/vc_tta_accordion][\/vc_column][vc_column width=\u00a0\u00bb1\/3&Prime; css=\u00a0\u00bb.vc_custom_1683082224234{padding-top: 10px !important;}\u00a0\u00bb][vc_tta_accordion style=\u00a0\u00bboutline\u00a0\u00bb color=\u00a0\u00bbpeacoc\u00a0\u00bb c_align=\u00a0\u00bbcenter\u00a0\u00bb c_icon=\u00a0\u00bb\u00a0\u00bb active_section=\u00a0\u00bb52&Prime; collapsible_all=\u00a0\u00bbtrue\u00a0\u00bb][vc_tta_section title=\u00a0\u00bb<b>MITCH JERKY<\/b> \ud83c\udf3e\u00a0\u00bb tab_id=\u00a0\u00bb1683082084006-609d4e7d-489e\u00a0\u00bb][vc_column_text]<\/p>\n<ul>\n<li class=\"ewa-rteLine\">Jerky original Teriyaki<\/li>\n<li class=\"ewa-rteLine\">Jerky classique au poivre fum\u00e9<\/li>\n<li class=\"ewa-rteLine\">Jerky piment cayenne fum\u00e9<\/li>\n<li class=\"ewa-rteLine\">P\u00e9perettes<\/li>\n<\/ul>\n<p>\ud83c\udf3e Options sans gluten \u00e0 valider avec l\u2019exposant directement sur place.[\/vc_column_text][\/vc_tta_section][\/vc_tta_accordion][vc_tta_accordion style=\u00a0\u00bboutline\u00a0\u00bb color=\u00a0\u00bbpeacoc\u00a0\u00bb c_align=\u00a0\u00bbcenter\u00a0\u00bb c_icon=\u00a0\u00bb\u00a0\u00bb active_section=\u00a0\u00bb52&Prime; collapsible_all=\u00a0\u00bbtrue\u00a0\u00bb][vc_tta_section title=\u00a0\u00bb<b>QUEUES DE CASTOR<\/b> \ud83c\udf43\u00a0\u00bb tab_id=\u00a0\u00bb1748355110498-4a2f9b0c-e7fc\u00a0\u00bb][vc_column_text]<\/p>\n<ul>\n<li>Queues de castor<\/li>\n<li>Boisson glac\u00e9e fraise et citron<\/li>\n<\/ul>\n<p>\ud83c\udf43 Options v\u00e9g\u00e9tariennes &amp; v\u00e9ganes[\/vc_column_text][\/vc_tta_section][\/vc_tta_accordion][\/vc_column][\/vc_row][vc_row css=\u00a0\u00bb.vc_custom_1651075213751{padding-top: 40px !important;}\u00a0\u00bb][vc_column width=\u00a0\u00bb1\/3&Prime; css=\u00a0\u00bb.vc_custom_1651110277664{padding-top: 10px !important;}\u00a0\u00bb][vc_single_image image=\u00a0\u00bb4451&Prime; img_size=\u00a0\u00bb300&#215;300&Prime; alignment=\u00a0\u00bbcenter\u00a0\u00bb][\/vc_column][vc_column width=\u00a0\u00bb1\/3&Prime; css=\u00a0\u00bb.vc_custom_1651110293972{padding-top: 10px !important;}\u00a0\u00bb][vc_single_image image=\u00a0\u00bb3867&Prime; img_size=\u00a0\u00bb300&#215;300&Prime; alignment=\u00a0\u00bbcenter\u00a0\u00bb][\/vc_column][vc_column width=\u00a0\u00bb1\/3&Prime; css=\u00a0\u00bb.vc_custom_1651110285889{padding-top: 10px !important;}\u00a0\u00bb][vc_single_image image=\u00a0\u00bb3594&Prime; img_size=\u00a0\u00bb300&#215;300&Prime; alignment=\u00a0\u00bbcenter\u00a0\u00bb][\/vc_column][\/vc_row][vc_row css=\u00a0\u00bb.vc_custom_1651075213751{padding-top: 40px !important;}\u00a0\u00bb][vc_column][vc_separator color=\u00a0\u00bbcustom\u00a0\u00bb accent_color=\u00a0\u00bb#34a7cf\u00a0\u00bb][vc_column_text]<\/p>\n<p style=\"text-align: center;\">*Sujet \u00e0 changement sans pr\u00e9avis*<\/p>\n<p>[\/vc_column_text][\/vc_column][\/vc_row][vc_row css=\u00a0\u00bb.vc_custom_1651075190718{padding-top: 40px !important;}\u00a0\u00bb][vc_column width=\u00a0\u00bb1\/3&Prime;][vc_btn title=\u00a0\u00bbMicrobrasseries\u00a0\u00bb color=\u00a0\u00bbinfo\u00a0\u00bb align=\u00a0\u00bbcenter\u00a0\u00bb link=\u00a0\u00bburl:https%3A%2F%2Finfofestibiere.com%2Flevis%2Fmicrobrasseries%2F|||\u00a0\u00bb][\/vc_column][vc_column width=\u00a0\u00bb1\/3&Prime;][vc_btn title=\u00a0\u00bbAlternatives &amp; sans alcool\u00a0\u00bb color=\u00a0\u00bbinfo\u00a0\u00bb align=\u00a0\u00bbcenter\u00a0\u00bb link=\u00a0\u00bburl:https%3A%2F%2Finfofestibiere.com%2Flevis%2Fboissons-alternatives%2F|||\u00a0\u00bb][\/vc_column][vc_column width=\u00a0\u00bb1\/3&Prime;][vc_btn title=\u00a0\u00bbBilletterie\u00a0\u00bb color=\u00a0\u00bbinfo\u00a0\u00bb align=\u00a0\u00bbcenter\u00a0\u00bb link=\u00a0\u00bburl:https%3A%2F%2Finfofestibiere.com%2Fbilletterie%2F||target:%20_blank|\u00a0\u00bb][\/vc_column][\/vc_row][vc_row css=\u00a0\u00bb.vc_custom_1651075213751{padding-top: 40px !important;}\u00a0\u00bb][vc_column][\/vc_column][\/vc_row][vc_row][vc_column][vc_empty_space][\/vc_column][\/vc_row]<\/p>\n<\/div>","protected":false},"excerpt":{"rendered":"<p>[vc_row css=\u00a0\u00bb.vc_custom_1526580245042{padding-top: 40px !important;}\u00a0\u00bb][vc_column][vc_empty_space height=\u00a0\u00bb20px\u00a0\u00bb][vc_message icon_fontawesome=\u00a0\u00bbfa fa-heart\u00a0\u00bb]\u00c0 L&rsquo;AN PROCHAIN L\u00c9VIS\u00a0\ud83c\udf7a\ud83c\udf78\ud83c\udfb6 \ud83c\udf0a &#8211; Merci pour la fin de semaine de feu! Le Festibi\u00e8re de L\u00e9vis est maintenant termin\u00e9, mais s\u00e8che tes larmes&#8230; on se revoit en 2026 pour encore + de fun, + de saveurs &amp; + de festivit\u00e9s. Cheers![\/vc_message][\/vc_column][\/vc_row][vc_row css=\u00a0\u00bb.vc_custom_1526580245042{padding-top: 40px !important;}\u00a0\u00bb][vc_column][vc_custom_heading text=\u00a0\u00bbCUISINE DE RUE\u00a0\u00bb [&hellip;]<\/p>\n","protected":false},"author":2,"featured_media":3587,"parent":0,"menu_order":0,"comment_status":"closed","ping_status":"closed","template":"","meta":{"footnotes":""},"class_list":["post-1974","page","type-page","status-publish","has-post-thumbnail","hentry"],"yoast_head":"<!-- This site is optimized with the Yoast SEO plugin v27.2 - https:\/\/yoast.com\/product\/yoast-seo-wordpress\/ -->\n<title>Cuisine de rue - de L\u00e9vis<\/title>\n<meta name=\"description\" content=\"De la bonne bouffe pour accompagner ta bonne bi\u00e8re. D\u00e9couvre plusieurs foodtrucks &amp; restaurateurs sur place!\" \/>\n<meta name=\"robots\" content=\"index, follow, max-snippet:-1, max-image-preview:large, max-video-preview:-1\" \/>\n<link rel=\"canonical\" href=\"https:\/\/infofestibiere.com\/levis\/cuisine-de-rue\/\" \/>\n<meta property=\"og:locale\" content=\"fr_FR\" \/>\n<meta property=\"og:type\" content=\"article\" \/>\n<meta property=\"og:title\" content=\"Cuisine de rue - de L\u00e9vis\" \/>\n<meta property=\"og:description\" content=\"De la bonne bouffe pour accompagner ta bonne bi\u00e8re. D\u00e9couvre plusieurs foodtrucks &amp; restaurateurs sur place!\" \/>\n<meta property=\"og:url\" content=\"https:\/\/infofestibiere.com\/levis\/cuisine-de-rue\/\" \/>\n<meta property=\"og:site_name\" content=\"de L\u00e9vis\" \/>\n<meta property=\"article:modified_time\" content=\"2025-06-30T15:41:58+00:00\" \/>\n<meta property=\"og:image\" content=\"https:\/\/infofestibiere.com\/levis\/wp-content\/uploads\/sites\/3\/2023\/06\/Festibiere3-ElisabethJoly-Photographe-1743.jpg\" \/>\n\t<meta property=\"og:image:width\" content=\"1536\" \/>\n\t<meta property=\"og:image:height\" content=\"1024\" \/>\n\t<meta property=\"og:image:type\" content=\"image\/jpeg\" \/>\n<meta name=\"twitter:card\" content=\"summary_large_image\" \/>\n<meta name=\"twitter:label1\" content=\"Dur\u00e9e de lecture estim\u00e9e\" \/>\n\t<meta name=\"twitter:data1\" content=\"3 minutes\" \/>\n<script type=\"application\/ld+json\" class=\"yoast-schema-graph\">{\"@context\":\"https:\/\/schema.org\",\"@graph\":[{\"@type\":\"WebPage\",\"@id\":\"https:\/\/infofestibiere.com\/levis\/cuisine-de-rue\/\",\"url\":\"https:\/\/infofestibiere.com\/levis\/cuisine-de-rue\/\",\"name\":\"Cuisine de rue - de L\u00e9vis\",\"isPartOf\":{\"@id\":\"https:\/\/infofestibiere.com\/levis\/#website\"},\"primaryImageOfPage\":{\"@id\":\"https:\/\/infofestibiere.com\/levis\/cuisine-de-rue\/#primaryimage\"},\"image\":{\"@id\":\"https:\/\/infofestibiere.com\/levis\/cuisine-de-rue\/#primaryimage\"},\"thumbnailUrl\":\"https:\/\/infofestibiere.com\/levis\/wp-content\/uploads\/sites\/3\/2023\/06\/Festibiere3-ElisabethJoly-Photographe-1743.jpg\",\"datePublished\":\"2019-05-08T20:25:52+00:00\",\"dateModified\":\"2025-06-30T15:41:58+00:00\",\"description\":\"De la bonne bouffe pour accompagner ta bonne bi\u00e8re. D\u00e9couvre plusieurs foodtrucks & restaurateurs sur place!\",\"breadcrumb\":{\"@id\":\"https:\/\/infofestibiere.com\/levis\/cuisine-de-rue\/#breadcrumb\"},\"inLanguage\":\"fr-FR\",\"potentialAction\":[{\"@type\":\"ReadAction\",\"target\":[\"https:\/\/infofestibiere.com\/levis\/cuisine-de-rue\/\"]}]},{\"@type\":\"ImageObject\",\"inLanguage\":\"fr-FR\",\"@id\":\"https:\/\/infofestibiere.com\/levis\/cuisine-de-rue\/#primaryimage\",\"url\":\"https:\/\/infofestibiere.com\/levis\/wp-content\/uploads\/sites\/3\/2023\/06\/Festibiere3-ElisabethJoly-Photographe-1743.jpg\",\"contentUrl\":\"https:\/\/infofestibiere.com\/levis\/wp-content\/uploads\/sites\/3\/2023\/06\/Festibiere3-ElisabethJoly-Photographe-1743.jpg\",\"width\":1536,\"height\":1024},{\"@type\":\"BreadcrumbList\",\"@id\":\"https:\/\/infofestibiere.com\/levis\/cuisine-de-rue\/#breadcrumb\",\"itemListElement\":[{\"@type\":\"ListItem\",\"position\":1,\"name\":\"Accueil\",\"item\":\"https:\/\/infofestibiere.com\/levis\/\"},{\"@type\":\"ListItem\",\"position\":2,\"name\":\"Cuisine de rue\"}]},{\"@type\":\"WebSite\",\"@id\":\"https:\/\/infofestibiere.com\/levis\/#website\",\"url\":\"https:\/\/infofestibiere.com\/levis\/\",\"name\":\"de L\u00e9vis\",\"description\":\"Boire du pays!\",\"potentialAction\":[{\"@type\":\"SearchAction\",\"target\":{\"@type\":\"EntryPoint\",\"urlTemplate\":\"https:\/\/infofestibiere.com\/levis\/?s={search_term_string}\"},\"query-input\":{\"@type\":\"PropertyValueSpecification\",\"valueRequired\":true,\"valueName\":\"search_term_string\"}}],\"inLanguage\":\"fr-FR\"}]}<\/script>\n<!-- \/ Yoast SEO plugin. -->","yoast_head_json":{"title":"Cuisine de rue - de L\u00e9vis","description":"De la bonne bouffe pour accompagner ta bonne bi\u00e8re. D\u00e9couvre plusieurs foodtrucks & restaurateurs sur place!","robots":{"index":"index","follow":"follow","max-snippet":"max-snippet:-1","max-image-preview":"max-image-preview:large","max-video-preview":"max-video-preview:-1"},"canonical":"https:\/\/infofestibiere.com\/levis\/cuisine-de-rue\/","og_locale":"fr_FR","og_type":"article","og_title":"Cuisine de rue - de L\u00e9vis","og_description":"De la bonne bouffe pour accompagner ta bonne bi\u00e8re. D\u00e9couvre plusieurs foodtrucks & restaurateurs sur place!","og_url":"https:\/\/infofestibiere.com\/levis\/cuisine-de-rue\/","og_site_name":"de L\u00e9vis","article_modified_time":"2025-06-30T15:41:58+00:00","og_image":[{"width":1536,"height":1024,"url":"https:\/\/infofestibiere.com\/levis\/wp-content\/uploads\/sites\/3\/2023\/06\/Festibiere3-ElisabethJoly-Photographe-1743.jpg","type":"image\/jpeg"}],"twitter_card":"summary_large_image","twitter_misc":{"Dur\u00e9e de lecture estim\u00e9e":"3 minutes"},"schema":{"@context":"https:\/\/schema.org","@graph":[{"@type":"WebPage","@id":"https:\/\/infofestibiere.com\/levis\/cuisine-de-rue\/","url":"https:\/\/infofestibiere.com\/levis\/cuisine-de-rue\/","name":"Cuisine de rue - de L\u00e9vis","isPartOf":{"@id":"https:\/\/infofestibiere.com\/levis\/#website"},"primaryImageOfPage":{"@id":"https:\/\/infofestibiere.com\/levis\/cuisine-de-rue\/#primaryimage"},"image":{"@id":"https:\/\/infofestibiere.com\/levis\/cuisine-de-rue\/#primaryimage"},"thumbnailUrl":"https:\/\/infofestibiere.com\/levis\/wp-content\/uploads\/sites\/3\/2023\/06\/Festibiere3-ElisabethJoly-Photographe-1743.jpg","datePublished":"2019-05-08T20:25:52+00:00","dateModified":"2025-06-30T15:41:58+00:00","description":"De la bonne bouffe pour accompagner ta bonne bi\u00e8re. D\u00e9couvre plusieurs foodtrucks & restaurateurs sur place!","breadcrumb":{"@id":"https:\/\/infofestibiere.com\/levis\/cuisine-de-rue\/#breadcrumb"},"inLanguage":"fr-FR","potentialAction":[{"@type":"ReadAction","target":["https:\/\/infofestibiere.com\/levis\/cuisine-de-rue\/"]}]},{"@type":"ImageObject","inLanguage":"fr-FR","@id":"https:\/\/infofestibiere.com\/levis\/cuisine-de-rue\/#primaryimage","url":"https:\/\/infofestibiere.com\/levis\/wp-content\/uploads\/sites\/3\/2023\/06\/Festibiere3-ElisabethJoly-Photographe-1743.jpg","contentUrl":"https:\/\/infofestibiere.com\/levis\/wp-content\/uploads\/sites\/3\/2023\/06\/Festibiere3-ElisabethJoly-Photographe-1743.jpg","width":1536,"height":1024},{"@type":"BreadcrumbList","@id":"https:\/\/infofestibiere.com\/levis\/cuisine-de-rue\/#breadcrumb","itemListElement":[{"@type":"ListItem","position":1,"name":"Accueil","item":"https:\/\/infofestibiere.com\/levis\/"},{"@type":"ListItem","position":2,"name":"Cuisine de rue"}]},{"@type":"WebSite","@id":"https:\/\/infofestibiere.com\/levis\/#website","url":"https:\/\/infofestibiere.com\/levis\/","name":"de L\u00e9vis","description":"Boire du pays!","potentialAction":[{"@type":"SearchAction","target":{"@type":"EntryPoint","urlTemplate":"https:\/\/infofestibiere.com\/levis\/?s={search_term_string}"},"query-input":{"@type":"PropertyValueSpecification","valueRequired":true,"valueName":"search_term_string"}}],"inLanguage":"fr-FR"}]}},"_links":{"self":[{"href":"https:\/\/infofestibiere.com\/levis\/wp-json\/wp\/v2\/pages\/1974","targetHints":{"allow":["GET"]}}],"collection":[{"href":"https:\/\/infofestibiere.com\/levis\/wp-json\/wp\/v2\/pages"}],"about":[{"href":"https:\/\/infofestibiere.com\/levis\/wp-json\/wp\/v2\/types\/page"}],"author":[{"embeddable":true,"href":"https:\/\/infofestibiere.com\/levis\/wp-json\/wp\/v2\/users\/2"}],"replies":[{"embeddable":true,"href":"https:\/\/infofestibiere.com\/levis\/wp-json\/wp\/v2\/comments?post=1974"}],"version-history":[{"count":64,"href":"https:\/\/infofestibiere.com\/levis\/wp-json\/wp\/v2\/pages\/1974\/revisions"}],"predecessor-version":[{"id":4774,"href":"https:\/\/infofestibiere.com\/levis\/wp-json\/wp\/v2\/pages\/1974\/revisions\/4774"}],"wp:featuredmedia":[{"embeddable":true,"href":"https:\/\/infofestibiere.com\/levis\/wp-json\/wp\/v2\/media\/3587"}],"wp:attachment":[{"href":"https:\/\/infofestibiere.com\/levis\/wp-json\/wp\/v2\/media?parent=1974"}],"curies":[{"name":"wp","href":"https:\/\/api.w.org\/{rel}","templated":true}]}}